{"id":16626,"date":"2025-01-16T11:33:09","date_gmt":"2025-01-16T10:33:09","guid":{"rendered":"https:\/\/www.corris.com\/?page_id=16626"},"modified":"2026-01-12T12:00:45","modified_gmt":"2026-01-12T11:00:45","slug":"gestion-des-donnees","status":"publish","type":"page","link":"https:\/\/www.corris.com\/fr\/collecte-de-fonds\/gestion-des-donnees\/","title":{"rendered":"Gestion des donn\u00e9es"},"content":{"rendered":"\t\t<div data-elementor-type=\"wp-page\" data-elementor-id=\"16626\" class=\"elementor elementor-16626 elementor-2502\" data-elementor-post-type=\"page\">\n\t\t\t\t<div class=\"elementor-element elementor-element-40cb80f e-flex e-con-boxed e-con e-parent\" data-id=\"40cb80f\" data-element_type=\"container\" data-e-type=\"container\" data-settings=\"{&quot;background_background&quot;:&quot;classic&quot;}\">\n\t\t\t\t\t<div class=\"e-con-inner\">\n\t\t<div class=\"elementor-element elementor-element-11d5172 e-con-full ratio-m2-3-1 e-flex e-con e-child\" data-id=\"11d5172\" data-element_type=\"container\" data-e-type=\"container\" data-settings=\"{&quot;background_background&quot;:&quot;classic&quot;}\">\n\t\t\t\t<\/div>\n\t\t\t\t\t<\/div>\n\t\t\t\t<\/div>\n\t\t<div class=\"elementor-element elementor-element-d0df1fa e-flex e-con-boxed e-con e-child\" data-id=\"d0df1fa\" data-element_type=\"container\" data-e-type=\"container\" data-settings=\"{&quot;sticky&quot;:&quot;top&quot;,&quot;sticky_offset&quot;:120,&quot;sticky_offset_mobile_extra&quot;:70,&quot;sticky_on&quot;:[&quot;desktop&quot;,&quot;laptop&quot;,&quot;tablet_extra&quot;,&quot;tablet&quot;,&quot;mobile_extra&quot;,&quot;mobile&quot;],&quot;sticky_effects_offset&quot;:0,&quot;sticky_anchor_link_offset&quot;:0}\">\n\t\t\t\t\t<div class=\"e-con-inner\">\n\t\t\t\t<div class=\"elementor-element elementor-element-7dd7fd8 elementor-align-center style2 holobutton-single elementor-widget elementor-widget-button\" data-id=\"7dd7fd8\" data-element_type=\"widget\" data-e-type=\"widget\" data-widget_type=\"button.default\">\n\t\t\t\t<div class=\"elementor-widget-container\">\n\t\t\t\t\t\t\t\t\t<div class=\"elementor-button-wrapper\">\n\t\t\t\t\t<a class=\"elementor-button elementor-button-link elementor-size-sm\" href=\"\/fr\/contact\/\">\n\t\t\t\t\t\t<span class=\"elementor-button-content-wrapper\">\n\t\t\t\t\t\t<span class=\"elementor-button-icon\">\n\t\t\t\t<svg xmlns=\"http:\/\/www.w3.org\/2000\/svg\" width=\"5\" height=\"7\" viewBox=\"0 0 5 7\" fill=\"none\"><path d=\"M0.5 0.490234L3.78013 3.5001L0.5 6.50997\" stroke=\"white\"><\/path><\/svg>\t\t\t<\/span>\n\t\t\t\t\t\t\t\t\t<span class=\"elementor-button-text\">Pendre contact<\/span>\n\t\t\t\t\t<\/span>\n\t\t\t\t\t<\/a>\n\t\t\t\t<\/div>\n\t\t\t\t\t\t\t\t<\/div>\n\t\t\t\t<\/div>\n\t\t\t\t\t<\/div>\n\t\t\t\t<\/div>\n\t\t<div class=\"elementor-element elementor-element-9a7c2d2 e-flex e-con-boxed e-con e-parent\" data-id=\"9a7c2d2\" data-element_type=\"container\" data-e-type=\"container\">\n\t\t\t\t\t<div class=\"e-con-inner\">\n\t\t<div class=\"elementor-element elementor-element-ddf0596 e-con-full e-flex e-con e-child\" data-id=\"ddf0596\" data-element_type=\"container\" data-e-type=\"container\">\n\t\t\t\t<div class=\"elementor-element elementor-element-7516419 elementor-widget elementor-widget-heading\" data-id=\"7516419\" data-element_type=\"widget\" data-e-type=\"widget\" data-widget_type=\"heading.default\">\n\t\t\t\t<div class=\"elementor-widget-container\">\n\t\t\t\t\t<h1 class=\"elementor-heading-title elementor-size-default\">Gestion des donn\u00e9es pour les organisations \u00e0 but non lucratif<\/h1>\t\t\t\t<\/div>\n\t\t\t\t<\/div>\n\t\t\t\t<div class=\"elementor-element elementor-element-c55ceed p-2 fundraising-title-link elementor-widget elementor-widget-text-editor\" data-id=\"c55ceed\" data-element_type=\"widget\" data-e-type=\"widget\" data-widget_type=\"text-editor.default\">\n\t\t\t\t<div class=\"elementor-widget-container\">\n\t\t\t\t\t\t\t\t\t<p><a href=\"\/fr\/collecte-de-fonds\/\">Services de collecte de fonds<\/a><\/p>\t\t\t\t\t\t\t\t<\/div>\n\t\t\t\t<\/div>\n\t\t\t\t<\/div>\n\t\t<div class=\"elementor-element elementor-element-0b6de39 e-con-full e-flex e-con e-child\" data-id=\"0b6de39\" data-element_type=\"container\" data-e-type=\"container\">\n\t\t\t\t<div class=\"elementor-element elementor-element-b6c23a0 elementor-widget-divider--view-line elementor-widget elementor-widget-divider\" data-id=\"b6c23a0\" data-element_type=\"widget\" data-e-type=\"widget\" data-widget_type=\"divider.default\">\n\t\t\t\t<div class=\"elementor-widget-container\">\n\t\t\t\t\t\t\t<div class=\"elementor-divider\">\n\t\t\t<span class=\"elementor-divider-separator\">\n\t\t\t\t\t\t<\/span>\n\t\t<\/div>\n\t\t\t\t\t\t<\/div>\n\t\t\t\t<\/div>\n\t\t\t\t<div class=\"elementor-element elementor-element-5e41941 elementor-widget elementor-widget-text-editor\" data-id=\"5e41941\" data-element_type=\"widget\" data-e-type=\"widget\" data-widget_type=\"text-editor.default\">\n\t\t\t\t<div class=\"elementor-widget-container\">\n\t\t\t\t\t\t\t\t\t<p>Seules les organisations qui connaissent bien leurs donateur\u00b7rice\u00b7s peuvent les cibler efficacement. Afin que nos clients n\u2019aient pas \u00e0 d\u00e9velopper et g\u00e9rer eux-m\u00eames une solution de base de donn\u00e9es, Corris propose une gestion des donn\u00e9es hautement professionnelle.<br \/>Les organisations peuvent nous confier la gestion compl\u00e8te de leurs donn\u00e9es. Nous garantissons en m\u00eame temps un acc\u00e8s direct \u00e0 ces donn\u00e9es. Nos clients peuvent consulter leurs informations, cr\u00e9er des \u00e9valuations et exporter les donn\u00e9es pour un traitement ult\u00e9rieur \u2013 comme si le serveur se trouvait chez eux. Et tout cela sans frais d\u2019acquisition et d\u2019entretien \u00e9lev\u00e9s ni connaissances techniques sp\u00e9cifiques. Parall\u00e8lement, nos clients peuvent compter sur une prise en charge rigoureuse et professionnelle des mises \u00e0 jour et des op\u00e9rations d\u2019envoi complexes r\u00e9alis\u00e9es dans notre centre de traitement du courrier (lettershop).<\/p>\t\t\t\t\t\t\t\t<\/div>\n\t\t\t\t<\/div>\n\t\t\t\t<div class=\"elementor-element elementor-element-a2ac4e1 elementor-widget-divider--view-line elementor-widget elementor-widget-divider\" data-id=\"a2ac4e1\" data-element_type=\"widget\" data-e-type=\"widget\" data-widget_type=\"divider.default\">\n\t\t\t\t<div class=\"elementor-widget-container\">\n\t\t\t\t\t\t\t<div class=\"elementor-divider\">\n\t\t\t<span class=\"elementor-divider-separator\">\n\t\t\t\t\t\t<\/span>\n\t\t<\/div>\n\t\t\t\t\t\t<\/div>\n\t\t\t\t<\/div>\n\t\t\t\t<\/div>\n\t\t<div class=\"elementor-element elementor-element-70138b5 e-con-full e-flex e-con e-child\" data-id=\"70138b5\" data-element_type=\"container\" data-e-type=\"container\">\n\t\t\t\t<div class=\"elementor-element elementor-element-fd00fca elementor-widget elementor-widget-heading\" data-id=\"fd00fca\" data-element_type=\"widget\" data-e-type=\"widget\" data-widget_type=\"heading.default\">\n\t\t\t\t<div class=\"elementor-widget-container\">\n\t\t\t\t\t<h2 class=\"elementor-heading-title elementor-size-default\">Du plus simple au plus complexe<\/h2>\t\t\t\t<\/div>\n\t\t\t\t<\/div>\n\t\t\t\t<div class=\"elementor-element elementor-element-e93ee65 p-2 elementor-widget elementor-widget-text-editor\" data-id=\"e93ee65\" data-element_type=\"widget\" data-e-type=\"widget\" data-widget_type=\"text-editor.default\">\n\t\t\t\t<div class=\"elementor-widget-container\">\n\t\t\t\t\t\t\t\t\t<p>Selon les besoins, il est possible d\u2019utiliser certains services isol\u00e9s de notre offre globale de gestion des dons. Ou bien, comme le font plusieurs organisations, de nous confier enti\u00e8rement la gestion du service aux membres et donateur\u00b7rice\u00b7s. Cela inclut aussi la r\u00e9ponse aux appels entrants, la mise \u00e0 jour des adresses, la gestion des e-mails, la correspondance et d\u2019autres t\u00e2ches similaires.<\/p>\t\t\t\t\t\t\t\t<\/div>\n\t\t\t\t<\/div>\n\t\t\t\t<div class=\"elementor-element elementor-element-8883e62 elementor-widget elementor-widget-heading\" data-id=\"8883e62\" data-element_type=\"widget\" data-e-type=\"widget\" data-widget_type=\"heading.default\">\n\t\t\t\t<div class=\"elementor-widget-container\">\n\t\t\t\t\t<h2 class=\"elementor-heading-title elementor-size-default\">Pionni\u00e8re dans le domaine du pr\u00e9l\u00e8vement automatique<\/h2>\t\t\t\t<\/div>\n\t\t\t\t<\/div>\n\t\t\t\t<div class=\"elementor-element elementor-element-d175439 p-2 elementor-widget elementor-widget-text-editor\" data-id=\"d175439\" data-element_type=\"widget\" data-e-type=\"widget\" data-widget_type=\"text-editor.default\">\n\t\t\t\t<div class=\"elementor-widget-container\">\n\t\t\t\t\t\t\t\t\t<p>Corris est une pionni\u00e8re dans la mise en place du pr\u00e9l\u00e8vement automatique pour les organisations \u00e0 but non lucratif. Depuis 15 ans, nous avons d\u00e9velopp\u00e9 une routine parfaite dans la gestion de ce proc\u00e9d\u00e9, que nous adaptons et optimisons continuellement en fonction des \u00e9volutions bancaires. Pour d\u00e9clencher les bons processus au bon moment, la gestion des diff\u00e9rents \u00e9tats du pr\u00e9l\u00e8vement n\u00e9cessite des interfaces automatis\u00e9es entre le centre d\u2019appels, le service courrier et la gestion des donn\u00e9es. Gr\u00e2ce aux recherches \u00e9crites et t\u00e9l\u00e9phoniques des rejets de pr\u00e9l\u00e8vement automatique, il nous est possible de relancer de mani\u00e8re efficace une grande partie de ces pr\u00e9l\u00e8vements et par cons\u00e9quent, de maintenir l\u2019activit\u00e9 de nos donateur\u00b7rice\u00b7s.<\/p>\t\t\t\t\t\t\t\t<\/div>\n\t\t\t\t<\/div>\n\t\t\t\t<div class=\"elementor-element elementor-element-d5943f4 elementor-widget elementor-widget-heading\" data-id=\"d5943f4\" data-element_type=\"widget\" data-e-type=\"widget\" data-widget_type=\"heading.default\">\n\t\t\t\t<div class=\"elementor-widget-container\">\n\t\t\t\t\t<h2 class=\"elementor-heading-title elementor-size-default\">Technique et processus<\/h2>\t\t\t\t<\/div>\n\t\t\t\t<\/div>\n\t\t\t\t<div class=\"elementor-element elementor-element-d26e86e p-2 elementor-widget elementor-widget-text-editor\" data-id=\"d26e86e\" data-element_type=\"widget\" data-e-type=\"widget\" data-widget_type=\"text-editor.default\">\n\t\t\t\t<div class=\"elementor-widget-container\">\n\t\t\t\t\t\t\t\t\t<p>Pour exploiter au mieux le potentiel du pr\u00e9l\u00e8vement automatique, la combinaison d\u2019une infrastructure technique performante, de processus organisationnels pr\u00e9cis\u00e9ment d\u00e9finis et d\u2019une \u00e9quipe fiable doit parfaitement fonctionner. En particulier, le savoir-faire et la longue exp\u00e9rience des collaborateur\u00b7rice\u00b7s jouent un r\u00f4le central.<\/p>\t\t\t\t\t\t\t\t<\/div>\n\t\t\t\t<\/div>\n\t\t\t\t<\/div>\n\t\t\t\t\t<\/div>\n\t\t\t\t<\/div>\n\t\t<div class=\"elementor-element elementor-element-9eea56c corris-carousel e-flex e-con-boxed e-con e-parent\" data-id=\"9eea56c\" data-element_type=\"container\" data-e-type=\"container\" data-settings=\"{&quot;background_background&quot;:&quot;classic&quot;}\">\n\t\t\t\t\t<div class=\"e-con-inner\">\n\t\t<div class=\"elementor-element elementor-element-235d5b1 e-con-full lg-bg e-flex e-con e-child\" data-id=\"235d5b1\" data-element_type=\"container\" data-e-type=\"container\" id=\"furtherfundraising3\">\n\t\t<div class=\"elementor-element elementor-element-7a3c0dd e-con-full ratio1-1 first-slide e-flex e-con e-child\" data-id=\"7a3c0dd\" data-element_type=\"container\" data-e-type=\"container\" data-settings=\"{&quot;background_background&quot;:&quot;classic&quot;}\">\n\t\t\t\t<div class=\"elementor-element elementor-element-7d8ae44 t-2 elementor-widget elementor-widget-heading\" data-id=\"7d8ae44\" data-element_type=\"widget\" data-e-type=\"widget\" data-widget_type=\"heading.default\">\n\t\t\t\t<div class=\"elementor-widget-container\">\n\t\t\t\t\t<h1 class=\"elementor-heading-title elementor-size-default\">Autres services<br><\/h1>\t\t\t\t<\/div>\n\t\t\t\t<\/div>\n\t\t\t\t<div class=\"elementor-element elementor-element-0e07a03 elementor-widget elementor-widget-image\" data-id=\"0e07a03\" data-element_type=\"widget\" data-e-type=\"widget\" data-widget_type=\"image.default\">\n\t\t\t\t<div class=\"elementor-widget-container\">\n\t\t\t\t\t\t\t\t\t\t\t\t\t\t\t<img decoding=\"async\" width=\"47\" height=\"36\" src=\"https:\/\/cdn.corris.com\/wp-content\/uploads\/2025\/06\/04133953\/arrow-semi-270.svg\" class=\"attachment-full size-full wp-image-13274\" alt=\"\" \/>\t\t\t\t\t\t\t\t\t\t\t\t\t\t\t<\/div>\n\t\t\t\t<\/div>\n\t\t\t\t<\/div>\n\t\t<div class=\"elementor-element elementor-element-0cbc5f6 e-con-full ratio1-1 e-flex e-con e-child\" data-id=\"0cbc5f6\" data-element_type=\"container\" data-e-type=\"container\" data-settings=\"{&quot;background_background&quot;:&quot;classic&quot;}\">\n\t\t<a class=\"elementor-element elementor-element-5aca579 e-con-full ratio1-1 e-flex e-con e-child\" data-id=\"5aca579\" data-element_type=\"container\" data-e-type=\"container\" data-settings=\"{&quot;background_background&quot;:&quot;classic&quot;}\" href=\"\/fr\/collecte-de-fonds\/collecte-de-fonds-face-a-face\/\">\n\t\t\t\t<div class=\"elementor-element elementor-element-1e5e5e2 elementor-widget elementor-widget-heading\" data-id=\"1e5e5e2\" data-element_type=\"widget\" data-e-type=\"widget\" data-widget_type=\"heading.default\">\n\t\t\t\t<div class=\"elementor-widget-container\">\n\t\t\t\t\t<h3 class=\"elementor-heading-title elementor-size-default\">Collecte de fonds en face \u00e0 face pour les ONG<\/h3>\t\t\t\t<\/div>\n\t\t\t\t<\/div>\n\t\t\t\t<div class=\"elementor-element elementor-element-f9a3524 p-2 elementor-widget elementor-widget-text-editor\" data-id=\"f9a3524\" data-element_type=\"widget\" data-e-type=\"widget\" data-widget_type=\"text-editor.default\">\n\t\t\t\t<div class=\"elementor-widget-container\">\n\t\t\t\t\t\t\t\t\t<p>En savoir plus<\/p>\t\t\t\t\t\t\t\t<\/div>\n\t\t\t\t<\/div>\n\t\t\t\t<\/a>\n\t\t\t\t<\/div>\n\t\t<div class=\"elementor-element elementor-element-761b945 e-con-full ratio1-1 e-flex e-con e-child\" data-id=\"761b945\" data-element_type=\"container\" data-e-type=\"container\" data-settings=\"{&quot;background_background&quot;:&quot;classic&quot;}\">\n\t\t<a class=\"elementor-element elementor-element-d8d079c e-con-full ratio1-1 e-flex e-con e-child\" data-id=\"d8d079c\" data-element_type=\"container\" data-e-type=\"container\" data-settings=\"{&quot;background_background&quot;:&quot;classic&quot;}\" href=\"\/fr\/collecte-de-fonds\/collecte-de-fonds-par-telephone\/\">\n\t\t\t\t<div class=\"elementor-element elementor-element-6b268fc elementor-widget elementor-widget-heading\" data-id=\"6b268fc\" data-element_type=\"widget\" data-e-type=\"widget\" data-widget_type=\"heading.default\">\n\t\t\t\t<div class=\"elementor-widget-container\">\n\t\t\t\t\t<h3 class=\"elementor-heading-title elementor-size-default\">Collecte de fonds par t\u00e9l\u00e9phone pour les ONG<\/h3>\t\t\t\t<\/div>\n\t\t\t\t<\/div>\n\t\t\t\t<div class=\"elementor-element elementor-element-b0894cc p-2 elementor-widget elementor-widget-text-editor\" data-id=\"b0894cc\" data-element_type=\"widget\" data-e-type=\"widget\" data-widget_type=\"text-editor.default\">\n\t\t\t\t<div class=\"elementor-widget-container\">\n\t\t\t\t\t\t\t\t\t<p>En savoir plus<\/p>\t\t\t\t\t\t\t\t<\/div>\n\t\t\t\t<\/div>\n\t\t\t\t<\/a>\n\t\t\t\t<\/div>\n\t\t\t\t<\/div>\n\t\t\t\t<div class=\"elementor-element elementor-element-376f3ed elementor-widget elementor-widget-miga_slide_everything_title\" data-id=\"376f3ed\" data-element_type=\"widget\" data-e-type=\"widget\" data-widget_type=\"miga_slide_everything_title.default\">\n\t\t\t\t\t<div class=\"miga_slide_everything\" data-mousewheel=\"0\" data-sliderId=\"#furtherfundraising3\" data-spv=\"3.4\" data-spvt=\"2\" data-spvp=\"1.3\" data-spacebetween=\"20\" data-loop=\"0\" data-centerSlides=\"0\" data-autoplay=\"0\" data-autoplay-reverse=\"0\" data-newmethod=\"1\" data-pagination=\"1\" data-arrows=\"1\" data-latestSwiper=\"\" data-dot-padding=\"-10\" data-touchmove=\"0\" data-freemode=\"0\" data-autoplay-delay=\"\"><\/div><style type=\"text\/css\">##furtherfundraising3 .swiper-button-prev::after {content: none}##furtherfundraising3 .swiper-button-next::after {content: none}##furtherfundraising3 .swiper-button-prev {background-image: none } ##furtherfundraising3 .swiper-button-next {background-image: none } ##furtherfundraising3 .swiper-button-prev svg path {fill:} ##furtherfundraising3 .swiper-button-next svg path {fill:} ##furtherfundraising3 .swiper-button-prev:after {color:} ##furtherfundraising3 .swiper-button-next:after {color:} ##furtherfundraising3 .swiper-button-next, ##furtherfundraising3 .swiper-button-prev {height:20px; width:12px} ##furtherfundraising3 .swiper-button-prev {top:; bottom:; left:; right:;}##furtherfundraising3 .swiper-button-next {top:; bottom:; left:; right:;}<\/style>\t\t\t\t<\/div>\n\t\t\t\t\t<\/div>\n\t\t\t\t<\/div>\n\t\t<div class=\"elementor-element elementor-element-05233f6 e-flex e-con-boxed e-con e-parent\" data-id=\"05233f6\" data-element_type=\"container\" data-e-type=\"container\">\n\t\t\t\t\t<div class=\"e-con-inner\">\n\t\t\t\t<div class=\"elementor-element elementor-element-638b654 kontrast-button elementor-widget elementor-widget-button\" data-id=\"638b654\" data-element_type=\"widget\" data-e-type=\"widget\" data-widget_type=\"button.default\">\n\t\t\t\t<div class=\"elementor-widget-container\">\n\t\t\t\t\t\t\t\t\t<div class=\"elementor-button-wrapper\">\n\t\t\t\t\t<a class=\"elementor-button elementor-button-link elementor-size-sm\" href=\"\/fr\/collecte-de-fonds\/\">\n\t\t\t\t\t\t<span class=\"elementor-button-content-wrapper\">\n\t\t\t\t\t\t<span class=\"elementor-button-icon\">\n\t\t\t\t<svg xmlns=\"http:\/\/www.w3.org\/2000\/svg\" width=\"5\" height=\"7\" viewBox=\"0 0 5 7\" fill=\"none\"><path d=\"M0.5 0.490234L3.78013 3.5001L0.5 6.50997\" stroke=\"white\"><\/path><\/svg>\t\t\t<\/span>\n\t\t\t\t\t\t\t\t\t<span class=\"elementor-button-text\">Vers l\u2019aper\u00e7u<\/span>\n\t\t\t\t\t<\/span>\n\t\t\t\t\t<\/a>\n\t\t\t\t<\/div>\n\t\t\t\t\t\t\t\t<\/div>\n\t\t\t\t<\/div>\n\t\t\t\t\t<\/div>\n\t\t\t\t<\/div>\n\t\t\t\t<\/div>\n\t\t","protected":false},"excerpt":{"rendered":"<p>Pendre contact Gestion des donn\u00e9es pour les organisations \u00e0 but non lucratif Services de collecte de fonds Seules les organisations qui connaissent bien leurs donateur\u00b7rice\u00b7s peuvent les cibler efficacement. Afin que nos clients n\u2019aient pas \u00e0 d\u00e9velopper et g\u00e9rer eux-m\u00eames une solution de base de donn\u00e9es, Corris propose une gestion des donn\u00e9es hautement professionnelle.Les organisations [&hellip;]<\/p>\n","protected":false},"author":2,"featured_media":13932,"parent":16619,"menu_order":3,"comment_status":"closed","ping_status":"closed","template":"","meta":{"_acf_changed":false,"inline_featured_image":false,"footnotes":""},"class_list":["post-16626","page","type-page","status-publish","has-post-thumbnail","hentry"],"acf":[],"_links":{"self":[{"href":"https:\/\/www.corris.com\/fr\/wp-json\/wp\/v2\/pages\/16626","targetHints":{"allow":["GET"]}}],"collection":[{"href":"https:\/\/www.corris.com\/fr\/wp-json\/wp\/v2\/pages"}],"about":[{"href":"https:\/\/www.corris.com\/fr\/wp-json\/wp\/v2\/types\/page"}],"author":[{"embeddable":true,"href":"https:\/\/www.corris.com\/fr\/wp-json\/wp\/v2\/users\/2"}],"replies":[{"embeddable":true,"href":"https:\/\/www.corris.com\/fr\/wp-json\/wp\/v2\/comments?post=16626"}],"version-history":[{"count":3,"href":"https:\/\/www.corris.com\/fr\/wp-json\/wp\/v2\/pages\/16626\/revisions"}],"predecessor-version":[{"id":23078,"href":"https:\/\/www.corris.com\/fr\/wp-json\/wp\/v2\/pages\/16626\/revisions\/23078"}],"up":[{"embeddable":true,"href":"https:\/\/www.corris.com\/fr\/wp-json\/wp\/v2\/pages\/16619"}],"wp:featuredmedia":[{"embeddable":true,"href":"https:\/\/www.corris.com\/fr\/wp-json\/wp\/v2\/media\/13932"}],"wp:attachment":[{"href":"https:\/\/www.corris.com\/fr\/wp-json\/wp\/v2\/media?parent=16626"}],"curies":[{"name":"wp","href":"https:\/\/api.w.org\/{rel}","templated":true}]}}