{"id":16632,"date":"2024-10-16T08:52:57","date_gmt":"2024-10-16T06:52:57","guid":{"rendered":"https:\/\/www.corris.com\/?page_id=16632"},"modified":"2026-01-12T11:58:29","modified_gmt":"2026-01-12T10:58:29","slug":"collecte-de-fonds-face-a-face","status":"publish","type":"page","link":"https:\/\/www.corris.com\/fr\/collecte-de-fonds\/collecte-de-fonds-face-a-face\/","title":{"rendered":"Collecte de fonds en face \u00e0 face"},"content":{"rendered":"\t\t<div data-elementor-type=\"wp-page\" data-elementor-id=\"16632\" class=\"elementor elementor-16632 elementor-804\" data-elementor-post-type=\"page\">\n\t\t\t\t<div class=\"elementor-element elementor-element-1fc3d3d e-flex e-con-boxed e-con e-parent\" data-id=\"1fc3d3d\" data-element_type=\"container\" data-e-type=\"container\" data-settings=\"{&quot;background_background&quot;:&quot;classic&quot;}\">\n\t\t\t\t\t<div class=\"e-con-inner\">\n\t\t<div class=\"elementor-element elementor-element-8440092 e-con-full ratio-m2-3-1 e-flex e-con e-child\" data-id=\"8440092\" data-element_type=\"container\" data-e-type=\"container\" data-settings=\"{&quot;background_background&quot;:&quot;classic&quot;}\">\n\t\t\t\t<\/div>\n\t\t\t\t\t<\/div>\n\t\t\t\t<\/div>\n\t\t<div class=\"elementor-element elementor-element-65ddbba e-flex e-con-boxed e-con e-child\" data-id=\"65ddbba\" data-element_type=\"container\" data-e-type=\"container\" data-settings=\"{&quot;sticky&quot;:&quot;top&quot;,&quot;sticky_offset&quot;:120,&quot;sticky_offset_mobile_extra&quot;:70,&quot;sticky_on&quot;:[&quot;desktop&quot;,&quot;laptop&quot;,&quot;tablet_extra&quot;,&quot;tablet&quot;,&quot;mobile_extra&quot;,&quot;mobile&quot;],&quot;sticky_effects_offset&quot;:0,&quot;sticky_anchor_link_offset&quot;:0}\">\n\t\t\t\t\t<div class=\"e-con-inner\">\n\t\t\t\t<div class=\"elementor-element elementor-element-09d2e5c elementor-align-center style2 holobutton-single elementor-widget elementor-widget-button\" data-id=\"09d2e5c\" data-element_type=\"widget\" data-e-type=\"widget\" data-widget_type=\"button.default\">\n\t\t\t\t<div class=\"elementor-widget-container\">\n\t\t\t\t\t\t\t\t\t<div class=\"elementor-button-wrapper\">\n\t\t\t\t\t<a class=\"elementor-button elementor-button-link elementor-size-sm\" href=\"\/fr\/contact\/\">\n\t\t\t\t\t\t<span class=\"elementor-button-content-wrapper\">\n\t\t\t\t\t\t<span class=\"elementor-button-icon\">\n\t\t\t\t<svg xmlns=\"http:\/\/www.w3.org\/2000\/svg\" width=\"5\" height=\"7\" viewBox=\"0 0 5 7\" fill=\"none\"><path d=\"M0.5 0.490234L3.78013 3.5001L0.5 6.50997\" stroke=\"white\"><\/path><\/svg>\t\t\t<\/span>\n\t\t\t\t\t\t\t\t\t<span class=\"elementor-button-text\">Prendre contact<\/span>\n\t\t\t\t\t<\/span>\n\t\t\t\t\t<\/a>\n\t\t\t\t<\/div>\n\t\t\t\t\t\t\t\t<\/div>\n\t\t\t\t<\/div>\n\t\t\t\t\t<\/div>\n\t\t\t\t<\/div>\n\t\t<div class=\"elementor-element elementor-element-afa05ac e-flex e-con-boxed e-con e-parent\" data-id=\"afa05ac\" data-element_type=\"container\" data-e-type=\"container\">\n\t\t\t\t\t<div class=\"e-con-inner\">\n\t\t<div class=\"elementor-element elementor-element-2e22de2 e-con-full e-flex e-con e-child\" data-id=\"2e22de2\" data-element_type=\"container\" data-e-type=\"container\">\n\t\t\t\t<div class=\"elementor-element elementor-element-5ea3988 elementor-widget elementor-widget-heading\" data-id=\"5ea3988\" data-element_type=\"widget\" data-e-type=\"widget\" data-widget_type=\"heading.default\">\n\t\t\t\t<div class=\"elementor-widget-container\">\n\t\t\t\t\t<h1 class=\"elementor-heading-title elementor-size-default\">Collecte de fonds en face \u00e0 face pour les organisations \u00e0 but non lucratif<\/h1>\t\t\t\t<\/div>\n\t\t\t\t<\/div>\n\t\t\t\t<div class=\"elementor-element elementor-element-fe51559 p-2 fundraising-title-link elementor-widget elementor-widget-text-editor\" data-id=\"fe51559\" data-element_type=\"widget\" data-e-type=\"widget\" data-widget_type=\"text-editor.default\">\n\t\t\t\t<div class=\"elementor-widget-container\">\n\t\t\t\t\t\t\t\t\t<p><a href=\"\/fr\/collecte-de-fonds\/\">Services de collecte de fonds<\/a><\/p>\t\t\t\t\t\t\t\t<\/div>\n\t\t\t\t<\/div>\n\t\t\t\t<\/div>\n\t\t<div class=\"elementor-element elementor-element-30fefa7 e-con-full e-flex e-con e-child\" data-id=\"30fefa7\" data-element_type=\"container\" data-e-type=\"container\">\n\t\t\t\t<div class=\"elementor-element elementor-element-022ff72 elementor-widget-divider--view-line elementor-widget elementor-widget-divider\" data-id=\"022ff72\" data-element_type=\"widget\" data-e-type=\"widget\" data-widget_type=\"divider.default\">\n\t\t\t\t<div class=\"elementor-widget-container\">\n\t\t\t\t\t\t\t<div class=\"elementor-divider\">\n\t\t\t<span class=\"elementor-divider-separator\">\n\t\t\t\t\t\t<\/span>\n\t\t<\/div>\n\t\t\t\t\t\t<\/div>\n\t\t\t\t<\/div>\n\t\t\t\t<div class=\"elementor-element elementor-element-0b5c069 elementor-widget elementor-widget-text-editor\" data-id=\"0b5c069\" data-element_type=\"widget\" data-e-type=\"widget\" data-widget_type=\"text-editor.default\">\n\t\t\t\t<div class=\"elementor-widget-container\">\n\t\t\t\t\t\t\t\t\t<p>Les actions en stands d\u2019information, \u00e9galement appel\u00e9es collecte de fonds en face \u00e0 face, repr\u00e9sentent un investissement fiable dans l\u2019avenir d\u2019une organisation caritative. Elles permettent d\u2019informer un large public sur les causes port\u00e9es par une organisation et d\u2019accro\u00eetre significativement sa notori\u00e9t\u00e9. Par ailleurs, elles g\u00e9n\u00e8rent de nombreux\u00b7ses donateur\u00b7rice\u00b7s fid\u00e8les.<\/p>\t\t\t\t\t\t\t\t<\/div>\n\t\t\t\t<\/div>\n\t\t\t\t<div class=\"elementor-element elementor-element-9859f42 elementor-widget-divider--view-line elementor-widget elementor-widget-divider\" data-id=\"9859f42\" data-element_type=\"widget\" data-e-type=\"widget\" data-widget_type=\"divider.default\">\n\t\t\t\t<div class=\"elementor-widget-container\">\n\t\t\t\t\t\t\t<div class=\"elementor-divider\">\n\t\t\t<span class=\"elementor-divider-separator\">\n\t\t\t\t\t\t<\/span>\n\t\t<\/div>\n\t\t\t\t\t\t<\/div>\n\t\t\t\t<\/div>\n\t\t\t\t<\/div>\n\t\t<div class=\"elementor-element elementor-element-cfc3c6a e-con-full e-flex e-con e-child\" data-id=\"cfc3c6a\" data-element_type=\"container\" data-e-type=\"container\">\n\t\t\t\t<div class=\"elementor-element elementor-element-c335432 elementor-widget elementor-widget-heading\" data-id=\"c335432\" data-element_type=\"widget\" data-e-type=\"widget\" data-widget_type=\"heading.default\">\n\t\t\t\t<div class=\"elementor-widget-container\">\n\t\t\t\t\t<h2 class=\"elementor-heading-title elementor-size-default\">Atteindre les jeunes donateur\u00b7rice\u00b7s<\/h2>\t\t\t\t<\/div>\n\t\t\t\t<\/div>\n\t\t\t\t<div class=\"elementor-element elementor-element-48afff4 p-2 elementor-widget elementor-widget-text-editor\" data-id=\"48afff4\" data-element_type=\"widget\" data-e-type=\"widget\" data-widget_type=\"text-editor.default\">\n\t\t\t\t<div class=\"elementor-widget-container\">\n\t\t\t\t\t\t\t\t\t<p>Gr\u00e2ce \u00e0 la collecte de fonds en face \u00e0 face et aux actions en stands men\u00e9es par Corris, les organisations caritatives peuvent, comparativement \u00e0 d\u2019autres m\u00e9thodes de collecte, attirer un nombre \u00e9tonnant de jeunes donateur\u00b7rice\u00b7s fid\u00e8les. 80% des donateur\u00b7rice\u00b7s qui effectuent leur premier don contribuent plusieurs fois, ce qui est un r\u00e9sultat exceptionnel! La g\u00e9n\u00e9rosit\u00e9 moyenne est \u00e9galement sup\u00e9rieure \u00e0 la moyenne. De plus, beaucoup de donateur\u00b7rice\u00b7s appartiennent \u00e0 la tranche d\u2019\u00e2ge des 18-30 ans, un segment difficile \u00e0 toucher avec les instruments classiques de collecte. Ainsi, les organisations obtiennent un retour important \u00e0 long terme pour chaque franc investi.<\/p>\t\t\t\t\t\t\t\t<\/div>\n\t\t\t\t<\/div>\n\t\t\t\t<div class=\"elementor-element elementor-element-91f9cbc elementor-widget elementor-widget-heading\" data-id=\"91f9cbc\" data-element_type=\"widget\" data-e-type=\"widget\" data-widget_type=\"heading.default\">\n\t\t\t\t<div class=\"elementor-widget-container\">\n\t\t\t\t\t<h2 class=\"elementor-heading-title elementor-size-default\">Des dialogueur\u00b7euse\u00b7s motiv\u00e9\u00b7e\u00b7s et authentiques.<\/h2>\t\t\t\t<\/div>\n\t\t\t\t<\/div>\n\t\t\t\t<div class=\"elementor-element elementor-element-e62d409 p-2 elementor-widget elementor-widget-text-editor\" data-id=\"e62d409\" data-element_type=\"widget\" data-e-type=\"widget\" data-widget_type=\"text-editor.default\">\n\t\t\t\t<div class=\"elementor-widget-container\">\n\t\t\t\t\t\t\t\t\t<p>Les dialogueur\u00b7euse\u00b7s \u2014 c\u2019est ainsi que nous appelons nos collaborateur\u00b7rice\u00b7s sur les stands \u2014 sont majoritairement de jeunes personnes en formation, en reconversion professionnelle ou en ann\u00e9e sabbatique. Nous recrutons cette jeune cible via Google Ads, les r\u00e9seaux sociaux et les plateformes d\u2019emploi. Un processus de s\u00e9lection en plusieurs \u00e9tapes nous permet de retenir les candidat\u00b7e\u00b7s les plus appropri\u00e9\u00b7e\u00b7s, en mettant l\u2019accent sur leur pr\u00e9sentation, leur spontan\u00e9it\u00e9 et leurs comp\u00e9tences en communication. Des formations rigoureuses, en \u00e9troite collaboration avec les organisations caritatives, ainsi que des contr\u00f4les r\u00e9guliers de Corris garantissent que nos dialogueur\u00b7euse\u00b7s m\u00e8nent leurs \u00e9changes de mani\u00e8re professionnelle.<\/p>\t\t\t\t\t\t\t\t<\/div>\n\t\t\t\t<\/div>\n\t\t\t\t<div class=\"elementor-element elementor-element-3df03e5 elementor-widget elementor-widget-heading\" data-id=\"3df03e5\" data-element_type=\"widget\" data-e-type=\"widget\" data-widget_type=\"heading.default\">\n\t\t\t\t<div class=\"elementor-widget-container\">\n\t\t\t\t\t<h2 class=\"elementor-heading-title elementor-size-default\">Conseil strat\u00e9gique<\/h2>\t\t\t\t<\/div>\n\t\t\t\t<\/div>\n\t\t\t\t<div class=\"elementor-element elementor-element-087d5db p-2 elementor-widget elementor-widget-text-editor\" data-id=\"087d5db\" data-element_type=\"widget\" data-e-type=\"widget\" data-widget_type=\"text-editor.default\">\n\t\t\t\t<div class=\"elementor-widget-container\">\n\t\t\t\t\t\t\t\t\t<p>Nous accompagnons nos clients dans la d\u00e9finition des contenus de campagne, leur mise en \u0153uvre et la conception des supports. Nous r\u00e9alisons \u00e9galement des pr\u00e9visions fiables \u00e0 long terme concernant les co\u00fbts et les recettes attendues sur plusieurs ann\u00e9es. Nous prenons en charge les proc\u00e9dures d\u2019autorisation, aidons \u00e0 la conception et \u00e0 la production de tous les outils promotionnels n\u00e9cessaires, et constituons l\u2019\u00e9quipe de dialogueur\u00b7euse\u00b7s optimale. Les responsables de campagne, en collaboration avec les coachs, supervisent le d\u00e9roulement de la campagne de collecte de fonds en face-\u00e0-face et s\u2019occupent de la formation ainsi que de la motivation des dialogueur\u00b7euse\u00b7s.<\/p>\t\t\t\t\t\t\t\t<\/div>\n\t\t\t\t<\/div>\n\t\t\t\t<div class=\"elementor-element elementor-element-2f33522 elementor-widget elementor-widget-heading\" data-id=\"2f33522\" data-element_type=\"widget\" data-e-type=\"widget\" data-widget_type=\"heading.default\">\n\t\t\t\t<div class=\"elementor-widget-container\">\n\t\t\t\t\t<h2 class=\"elementor-heading-title elementor-size-default\">Analyses transparentes<\/h2>\t\t\t\t<\/div>\n\t\t\t\t<\/div>\n\t\t\t\t<div class=\"elementor-element elementor-element-62e183f p-2 elementor-widget elementor-widget-text-editor\" data-id=\"62e183f\" data-element_type=\"widget\" data-e-type=\"widget\" data-widget_type=\"text-editor.default\">\n\t\t\t\t<div class=\"elementor-widget-container\">\n\t\t\t\t\t\t\t\t\t<p>Nos clients ont un acc\u00e8s exclusif aux r\u00e9sultats des campagnes via Power BI et peuvent consulter \u00e0 tout moment les r\u00e9sultats qualitatifs et quantitatifs de leur campagne. Gr\u00e2ce \u00e0 un \u00e9change intensif pendant la campagne avec les responsables r\u00e9gionaux\u00b7ales et les expert\u00b7e\u00b7s en donn\u00e9es, nos mandant\u00b7e\u00b7s gardent toujours un \u0153il sur les co\u00fbts, les recettes attendues et les r\u00e9sultats. Les promesses de dons sont enregistr\u00e9es, v\u00e9rifi\u00e9es, corrig\u00e9es si n\u00e9cessaire et trait\u00e9es dans notre syst\u00e8me de gestion de bases de donn\u00e9es.<\/p>\t\t\t\t\t\t\t\t<\/div>\n\t\t\t\t<\/div>\n\t\t\t\t<div class=\"elementor-element elementor-element-bb53e30 elementor-widget elementor-widget-heading\" data-id=\"bb53e30\" data-element_type=\"widget\" data-e-type=\"widget\" data-widget_type=\"heading.default\">\n\t\t\t\t<div class=\"elementor-widget-container\">\n\t\t\t\t\t<h2 class=\"elementor-heading-title elementor-size-default\">La base de donn\u00e9es d\u2019emplacements la plus compl\u00e8te de Suisse<\/h2>\t\t\t\t<\/div>\n\t\t\t\t<\/div>\n\t\t\t\t<div class=\"elementor-element elementor-element-46583fb p-2 elementor-widget elementor-widget-text-editor\" data-id=\"46583fb\" data-element_type=\"widget\" data-e-type=\"widget\" data-widget_type=\"text-editor.default\">\n\t\t\t\t<div class=\"elementor-widget-container\">\n\t\t\t\t\t\t\t\t\t<p>Gr\u00e2ce \u00e0 notre base de donn\u00e9es d\u2019emplacements, d\u00e9velopp\u00e9e et mise \u00e0 jour constamment depuis 30 ans, nous \u00e9laborons un plan de campagne optimal pour les organisations caritatives et les ONG. Cette base recense tous les emplacements possibles et pertinents, sur domaine public et priv\u00e9 en Suisse, incluant les contacts responsables des autorisations et les modalit\u00e9s d\u2019utilisation autoris\u00e9es. Cela indique la fr\u00e9quence et la dur\u00e9e auxquelles un emplacement peut \u00eatre utilis\u00e9 par une organisation pour des campagnes de stands d\u2019information. Toutes les informations pertinentes, comme le flux de passant\u00b7e\u00b7s et l\u2019adaptabilit\u00e9 aux intemp\u00e9ries, y sont aussi enregistr\u00e9es. Pour les emplacements priv\u00e9s, nous disposons souvent d\u2019accords d\u2019utilisation exclusifs pour les campagnes de stands d\u2019information.<\/p>\t\t\t\t\t\t\t\t<\/div>\n\t\t\t\t<\/div>\n\t\t\t\t<\/div>\n\t\t\t\t\t<\/div>\n\t\t\t\t<\/div>\n\t\t<div class=\"elementor-element elementor-element-f6dfcab corris-carousel e-flex e-con-boxed e-con e-parent\" data-id=\"f6dfcab\" data-element_type=\"container\" data-e-type=\"container\" data-settings=\"{&quot;background_background&quot;:&quot;classic&quot;}\">\n\t\t\t\t\t<div class=\"e-con-inner\">\n\t\t<div class=\"elementor-element elementor-element-b574ba0 e-con-full lg-bg e-flex e-con e-child\" data-id=\"b574ba0\" data-element_type=\"container\" data-e-type=\"container\" id=\"furtherfundraising\">\n\t\t<div class=\"elementor-element elementor-element-d3d2055 e-con-full ratio1-1 first-slide e-flex e-con e-child\" data-id=\"d3d2055\" data-element_type=\"container\" data-e-type=\"container\" data-settings=\"{&quot;background_background&quot;:&quot;classic&quot;}\">\n\t\t\t\t<div class=\"elementor-element elementor-element-200ca20 t-2 elementor-widget elementor-widget-heading\" data-id=\"200ca20\" data-element_type=\"widget\" data-e-type=\"widget\" data-widget_type=\"heading.default\">\n\t\t\t\t<div class=\"elementor-widget-container\">\n\t\t\t\t\t<h1 class=\"elementor-heading-title elementor-size-default\">Autres<br>services<\/h1>\t\t\t\t<\/div>\n\t\t\t\t<\/div>\n\t\t\t\t<div class=\"elementor-element elementor-element-dff72bb elementor-widget elementor-widget-image\" data-id=\"dff72bb\" data-element_type=\"widget\" data-e-type=\"widget\" data-widget_type=\"image.default\">\n\t\t\t\t<div class=\"elementor-widget-container\">\n\t\t\t\t\t\t\t\t\t\t\t\t\t\t\t<img decoding=\"async\" width=\"47\" height=\"36\" src=\"https:\/\/cdn.corris.com\/wp-content\/uploads\/2025\/06\/04133953\/arrow-semi-270.svg\" class=\"attachment-full size-full wp-image-13274\" alt=\"\" \/>\t\t\t\t\t\t\t\t\t\t\t\t\t\t\t<\/div>\n\t\t\t\t<\/div>\n\t\t\t\t<\/div>\n\t\t<div class=\"elementor-element elementor-element-a6953fb e-con-full ratio1-1 e-flex e-con e-child\" data-id=\"a6953fb\" data-element_type=\"container\" data-e-type=\"container\" data-settings=\"{&quot;background_background&quot;:&quot;classic&quot;}\">\n\t\t<a class=\"elementor-element elementor-element-bb8286f e-con-full ratio1-1 e-flex e-con e-child\" data-id=\"bb8286f\" data-element_type=\"container\" data-e-type=\"container\" href=\"\/fr\/collecte-de-fonds\/collecte-de-fonds-par-telephone\/\">\n\t\t\t\t<div class=\"elementor-element elementor-element-70d1ab6 elementor-widget elementor-widget-heading\" data-id=\"70d1ab6\" data-element_type=\"widget\" data-e-type=\"widget\" data-widget_type=\"heading.default\">\n\t\t\t\t<div class=\"elementor-widget-container\">\n\t\t\t\t\t<h3 class=\"elementor-heading-title elementor-size-default\">Collecte de fonds par t\u00e9l\u00e9phone pour les ONG<\/h3>\t\t\t\t<\/div>\n\t\t\t\t<\/div>\n\t\t\t\t<div class=\"elementor-element elementor-element-3a1db0a p-2 elementor-widget elementor-widget-text-editor\" data-id=\"3a1db0a\" data-element_type=\"widget\" data-e-type=\"widget\" data-widget_type=\"text-editor.default\">\n\t\t\t\t<div class=\"elementor-widget-container\">\n\t\t\t\t\t\t\t\t\t<p>En savoir plus<\/p>\t\t\t\t\t\t\t\t<\/div>\n\t\t\t\t<\/div>\n\t\t\t\t<\/a>\n\t\t\t\t<\/div>\n\t\t<div class=\"elementor-element elementor-element-c602f9e e-con-full ratio1-1 e-flex e-con e-child\" data-id=\"c602f9e\" data-element_type=\"container\" data-e-type=\"container\" data-settings=\"{&quot;background_background&quot;:&quot;classic&quot;}\">\n\t\t<a class=\"elementor-element elementor-element-e468c0b e-con-full ratio1-1 e-flex e-con e-child\" data-id=\"e468c0b\" data-element_type=\"container\" data-e-type=\"container\" data-settings=\"{&quot;background_background&quot;:&quot;classic&quot;}\" href=\"\/fr\/collecte-de-fonds\/gestion-des-donnees\/\">\n\t\t\t\t<div class=\"elementor-element elementor-element-f19b692 elementor-widget elementor-widget-heading\" data-id=\"f19b692\" data-element_type=\"widget\" data-e-type=\"widget\" data-widget_type=\"heading.default\">\n\t\t\t\t<div class=\"elementor-widget-container\">\n\t\t\t\t\t<h3 class=\"elementor-heading-title elementor-size-default\">Gestion des donn\u00e9es pour les ONG<\/h3>\t\t\t\t<\/div>\n\t\t\t\t<\/div>\n\t\t\t\t<div class=\"elementor-element elementor-element-b00883c p-2 elementor-widget elementor-widget-text-editor\" data-id=\"b00883c\" data-element_type=\"widget\" data-e-type=\"widget\" data-widget_type=\"text-editor.default\">\n\t\t\t\t<div class=\"elementor-widget-container\">\n\t\t\t\t\t\t\t\t\t<p>En savoir plus<\/p>\t\t\t\t\t\t\t\t<\/div>\n\t\t\t\t<\/div>\n\t\t\t\t<\/a>\n\t\t\t\t<\/div>\n\t\t\t\t<\/div>\n\t\t\t\t<div class=\"elementor-element elementor-element-a37649b elementor-widget elementor-widget-miga_slide_everything_title\" data-id=\"a37649b\" data-element_type=\"widget\" data-e-type=\"widget\" data-widget_type=\"miga_slide_everything_title.default\">\n\t\t\t\t\t<div class=\"miga_slide_everything\" data-mousewheel=\"0\" data-sliderId=\"#furtherfundraising\" data-spv=\"3.4\" data-spvt=\"2\" data-spvp=\"1.3\" data-spacebetween=\"20\" data-loop=\"0\" data-centerSlides=\"0\" data-autoplay=\"0\" data-autoplay-reverse=\"0\" data-newmethod=\"1\" data-pagination=\"1\" data-arrows=\"1\" data-latestSwiper=\"\" data-dot-padding=\"-10\" data-touchmove=\"0\" data-freemode=\"0\" data-autoplay-delay=\"\"><\/div><style type=\"text\/css\">##furtherfundraising .swiper-button-prev::after {content: none}##furtherfundraising .swiper-button-next::after {content: none}##furtherfundraising .swiper-button-prev {background-image: none } ##furtherfundraising .swiper-button-next {background-image: none } ##furtherfundraising .swiper-button-prev svg path {fill:} ##furtherfundraising .swiper-button-next svg path {fill:} ##furtherfundraising .swiper-button-prev:after {color:} ##furtherfundraising .swiper-button-next:after {color:} ##furtherfundraising .swiper-button-next, ##furtherfundraising .swiper-button-prev {height:20px; width:12px} ##furtherfundraising .swiper-button-prev {top:; bottom:; left:; right:;}##furtherfundraising .swiper-button-next {top:; bottom:; left:; right:;}<\/style>\t\t\t\t<\/div>\n\t\t\t\t\t<\/div>\n\t\t\t\t<\/div>\n\t\t<div class=\"elementor-element elementor-element-70eb147 e-flex e-con-boxed e-con e-parent\" data-id=\"70eb147\" data-element_type=\"container\" data-e-type=\"container\">\n\t\t\t\t\t<div class=\"e-con-inner\">\n\t\t\t\t<div class=\"elementor-element elementor-element-1379d5f kontrast-button elementor-widget elementor-widget-button\" data-id=\"1379d5f\" data-element_type=\"widget\" data-e-type=\"widget\" data-widget_type=\"button.default\">\n\t\t\t\t<div class=\"elementor-widget-container\">\n\t\t\t\t\t\t\t\t\t<div class=\"elementor-button-wrapper\">\n\t\t\t\t\t<a class=\"elementor-button elementor-button-link elementor-size-sm\" href=\"\/fr\/collecte-de-fonds\/\">\n\t\t\t\t\t\t<span class=\"elementor-button-content-wrapper\">\n\t\t\t\t\t\t<span class=\"elementor-button-icon\">\n\t\t\t\t<svg xmlns=\"http:\/\/www.w3.org\/2000\/svg\" width=\"5\" height=\"7\" viewBox=\"0 0 5 7\" fill=\"none\"><path d=\"M0.5 0.490234L3.78013 3.5001L0.5 6.50997\" stroke=\"white\"><\/path><\/svg>\t\t\t<\/span>\n\t\t\t\t\t\t\t\t\t<span class=\"elementor-button-text\">Vers l\u2019aper\u00e7u<\/span>\n\t\t\t\t\t<\/span>\n\t\t\t\t\t<\/a>\n\t\t\t\t<\/div>\n\t\t\t\t\t\t\t\t<\/div>\n\t\t\t\t<\/div>\n\t\t\t\t\t<\/div>\n\t\t\t\t<\/div>\n\t\t\t\t<\/div>\n\t\t","protected":false},"excerpt":{"rendered":"<p>Prendre contact Collecte de fonds en face \u00e0 face pour les organisations \u00e0 but non lucratif Services de collecte de fonds Les actions en stands d\u2019information, \u00e9galement appel\u00e9es collecte de fonds en face \u00e0 face, repr\u00e9sentent un investissement fiable dans l\u2019avenir d\u2019une organisation caritative. Elles permettent d\u2019informer un large public sur les causes port\u00e9es par [&hellip;]<\/p>\n","protected":false},"author":2,"featured_media":13905,"parent":16619,"menu_order":1,"comment_status":"closed","ping_status":"closed","template":"","meta":{"_acf_changed":false,"inline_featured_image":false,"footnotes":""},"class_list":["post-16632","page","type-page","status-publish","has-post-thumbnail","hentry"],"acf":[],"_links":{"self":[{"href":"https:\/\/www.corris.com\/fr\/wp-json\/wp\/v2\/pages\/16632","targetHints":{"allow":["GET"]}}],"collection":[{"href":"https:\/\/www.corris.com\/fr\/wp-json\/wp\/v2\/pages"}],"about":[{"href":"https:\/\/www.corris.com\/fr\/wp-json\/wp\/v2\/types\/page"}],"author":[{"embeddable":true,"href":"https:\/\/www.corris.com\/fr\/wp-json\/wp\/v2\/users\/2"}],"replies":[{"embeddable":true,"href":"https:\/\/www.corris.com\/fr\/wp-json\/wp\/v2\/comments?post=16632"}],"version-history":[{"count":3,"href":"https:\/\/www.corris.com\/fr\/wp-json\/wp\/v2\/pages\/16632\/revisions"}],"predecessor-version":[{"id":23069,"href":"https:\/\/www.corris.com\/fr\/wp-json\/wp\/v2\/pages\/16632\/revisions\/23069"}],"up":[{"embeddable":true,"href":"https:\/\/www.corris.com\/fr\/wp-json\/wp\/v2\/pages\/16619"}],"wp:featuredmedia":[{"embeddable":true,"href":"https:\/\/www.corris.com\/fr\/wp-json\/wp\/v2\/media\/13905"}],"wp:attachment":[{"href":"https:\/\/www.corris.com\/fr\/wp-json\/wp\/v2\/media?parent=16632"}],"curies":[{"name":"wp","href":"https:\/\/api.w.org\/{rel}","templated":true}]}}