{"id":16644,"date":"2025-01-16T11:48:31","date_gmt":"2025-01-16T10:48:31","guid":{"rendered":"https:\/\/www.corris.com\/?page_id=16644"},"modified":"2026-01-12T12:07:28","modified_gmt":"2026-01-12T11:07:28","slug":"services-inbound","status":"publish","type":"page","link":"https:\/\/www.corris.com\/fr\/collecte-de-fonds\/collecte-de-fonds-par-telephone\/services-inbound\/","title":{"rendered":"Services Inbound"},"content":{"rendered":"\t\t<div data-elementor-type=\"wp-page\" data-elementor-id=\"16644\" class=\"elementor elementor-16644 elementor-2510\" data-elementor-post-type=\"page\">\n\t\t\t\t<div class=\"elementor-element elementor-element-2d5fd7e e-flex e-con-boxed e-con e-parent\" data-id=\"2d5fd7e\" data-element_type=\"container\" data-e-type=\"container\" data-settings=\"{&quot;background_background&quot;:&quot;classic&quot;}\">\n\t\t\t\t\t<div class=\"e-con-inner\">\n\t\t<div class=\"elementor-element elementor-element-19dc94f e-con-full ratio-m2-3-1 e-flex e-con e-child\" data-id=\"19dc94f\" data-element_type=\"container\" data-e-type=\"container\" data-settings=\"{&quot;background_background&quot;:&quot;classic&quot;}\">\n\t\t\t\t<\/div>\n\t\t\t\t\t<\/div>\n\t\t\t\t<\/div>\n\t\t<div class=\"elementor-element elementor-element-3174a83 e-flex e-con-boxed e-con e-child\" data-id=\"3174a83\" data-element_type=\"container\" data-e-type=\"container\" data-settings=\"{&quot;sticky&quot;:&quot;top&quot;,&quot;sticky_offset&quot;:120,&quot;sticky_offset_mobile_extra&quot;:70,&quot;sticky_on&quot;:[&quot;desktop&quot;,&quot;laptop&quot;,&quot;tablet_extra&quot;,&quot;tablet&quot;,&quot;mobile_extra&quot;,&quot;mobile&quot;],&quot;sticky_effects_offset&quot;:0,&quot;sticky_anchor_link_offset&quot;:0}\">\n\t\t\t\t\t<div class=\"e-con-inner\">\n\t\t\t\t<div class=\"elementor-element elementor-element-f506c93 elementor-align-center style2 holobutton-single elementor-widget elementor-widget-button\" data-id=\"f506c93\" data-element_type=\"widget\" data-e-type=\"widget\" data-widget_type=\"button.default\">\n\t\t\t\t<div class=\"elementor-widget-container\">\n\t\t\t\t\t\t\t\t\t<div class=\"elementor-button-wrapper\">\n\t\t\t\t\t<a class=\"elementor-button elementor-button-link elementor-size-sm\" href=\"\/fr\/contact\/\">\n\t\t\t\t\t\t<span class=\"elementor-button-content-wrapper\">\n\t\t\t\t\t\t<span class=\"elementor-button-icon\">\n\t\t\t\t<svg xmlns=\"http:\/\/www.w3.org\/2000\/svg\" width=\"5\" height=\"7\" viewBox=\"0 0 5 7\" fill=\"none\"><path d=\"M0.5 0.490234L3.78013 3.5001L0.5 6.50997\" stroke=\"white\"><\/path><\/svg>\t\t\t<\/span>\n\t\t\t\t\t\t\t\t\t<span class=\"elementor-button-text\">Prendre contact<\/span>\n\t\t\t\t\t<\/span>\n\t\t\t\t\t<\/a>\n\t\t\t\t<\/div>\n\t\t\t\t\t\t\t\t<\/div>\n\t\t\t\t<\/div>\n\t\t\t\t\t<\/div>\n\t\t\t\t<\/div>\n\t\t<div class=\"elementor-element elementor-element-bdcbce0 e-flex e-con-boxed e-con e-parent\" data-id=\"bdcbce0\" data-element_type=\"container\" data-e-type=\"container\">\n\t\t\t\t\t<div class=\"e-con-inner\">\n\t\t<div class=\"elementor-element elementor-element-6983a7b e-con-full e-flex e-con e-child\" data-id=\"6983a7b\" data-element_type=\"container\" data-e-type=\"container\">\n\t\t\t\t<div class=\"elementor-element elementor-element-a88d72f elementor-widget elementor-widget-heading\" data-id=\"a88d72f\" data-element_type=\"widget\" data-e-type=\"widget\" data-widget_type=\"heading.default\">\n\t\t\t\t<div class=\"elementor-widget-container\">\n\t\t\t\t\t<h1 class=\"elementor-heading-title elementor-size-default\">Services Inbound<\/h1>\t\t\t\t<\/div>\n\t\t\t\t<\/div>\n\t\t\t\t<div class=\"elementor-element elementor-element-1e1b408 p-2 fundraising-title-link elementor-widget elementor-widget-text-editor\" data-id=\"1e1b408\" data-element_type=\"widget\" data-e-type=\"widget\" data-widget_type=\"text-editor.default\">\n\t\t\t\t<div class=\"elementor-widget-container\">\n\t\t\t\t\t\t\t\t\t<p><a href=\"\/fr\/collecte-de-fonds\/collecte-de-fonds-par-telephone\/\">Collecte de fonds par t\u00e9l\u00e9phone<\/a><\/p>\t\t\t\t\t\t\t\t<\/div>\n\t\t\t\t<\/div>\n\t\t\t\t<\/div>\n\t\t<div class=\"elementor-element elementor-element-f683207 e-con-full e-flex e-con e-child\" data-id=\"f683207\" data-element_type=\"container\" data-e-type=\"container\">\n\t\t\t\t<div class=\"elementor-element elementor-element-9ddc859 elementor-widget-divider--view-line elementor-widget elementor-widget-divider\" data-id=\"9ddc859\" data-element_type=\"widget\" data-e-type=\"widget\" data-widget_type=\"divider.default\">\n\t\t\t\t<div class=\"elementor-widget-container\">\n\t\t\t\t\t\t\t<div class=\"elementor-divider\">\n\t\t\t<span class=\"elementor-divider-separator\">\n\t\t\t\t\t\t<\/span>\n\t\t<\/div>\n\t\t\t\t\t\t<\/div>\n\t\t\t\t<\/div>\n\t\t\t\t<\/div>\n\t\t<div class=\"elementor-element elementor-element-7edc538 e-con-full e-flex e-con e-child\" data-id=\"7edc538\" data-element_type=\"container\" data-e-type=\"container\">\n\t\t\t\t<div class=\"elementor-element elementor-element-92b8415 p-2 elementor-widget elementor-widget-text-editor\" data-id=\"92b8415\" data-element_type=\"widget\" data-e-type=\"widget\" data-widget_type=\"text-editor.default\">\n\t\t\t\t<div class=\"elementor-widget-container\">\n\t\t\t\t\t\t\t\t\t<p>Corris prend en charge les t\u00e2ches du service donateurs d\u2019une organisation: r\u00e9ception des appels des donateur\u00b7rice\u00b7s au nom de l\u2019organisation, prise en compte de leurs souhaits et mise \u00e0 jour directe des donn\u00e9es.<\/p><p>En cas de r\u00e9siliation par t\u00e9l\u00e9phone, nous essayons de garder la personne comme donateur\u00b7rice en lui proposant des alternatives (p. ex. un montant plus bas, un autre intervalle, etc.).<\/p><p>En cas de r\u00e9clamation, nous \u00e9coutons la personne et cherchons une solution satisfaisante. De plus, nous traitons et r\u00e9pondons aux e-mails des donateur\u00b7rice\u00b7s pour le compte de nos clients.<\/p>\t\t\t\t\t\t\t\t<\/div>\n\t\t\t\t<\/div>\n\t\t\t\t<\/div>\n\t\t\t\t\t<\/div>\n\t\t\t\t<\/div>\n\t\t<div class=\"elementor-element elementor-element-3edfbea corris-carousel e-flex e-con-boxed e-con e-parent\" data-id=\"3edfbea\" data-element_type=\"container\" data-e-type=\"container\" data-settings=\"{&quot;background_background&quot;:&quot;classic&quot;}\">\n\t\t\t\t\t<div class=\"e-con-inner\">\n\t\t<div class=\"elementor-element elementor-element-ea7c82a e-con-full lg-bg e-flex e-con e-child\" data-id=\"ea7c82a\" data-element_type=\"container\" data-e-type=\"container\" id=\"inboundkampagnen\">\n\t\t<div class=\"elementor-element elementor-element-21fc74c e-con-full ratio1-1 first-slide e-flex e-con e-child\" data-id=\"21fc74c\" data-element_type=\"container\" data-e-type=\"container\" data-settings=\"{&quot;background_background&quot;:&quot;classic&quot;}\">\n\t\t\t\t<div class=\"elementor-element elementor-element-86df542 t-2 elementor-widget elementor-widget-heading\" data-id=\"86df542\" data-element_type=\"widget\" data-e-type=\"widget\" data-widget_type=\"heading.default\">\n\t\t\t\t<div class=\"elementor-widget-container\">\n\t\t\t\t\t<h1 class=\"elementor-heading-title elementor-size-default\">Nos<br>Campagnes<\/h1>\t\t\t\t<\/div>\n\t\t\t\t<\/div>\n\t\t\t\t<div class=\"elementor-element elementor-element-03c8178 elementor-widget elementor-widget-image\" data-id=\"03c8178\" data-element_type=\"widget\" data-e-type=\"widget\" data-widget_type=\"image.default\">\n\t\t\t\t<div class=\"elementor-widget-container\">\n\t\t\t\t\t\t\t\t\t\t\t\t\t\t\t<img decoding=\"async\" width=\"47\" height=\"36\" src=\"https:\/\/cdn.corris.com\/wp-content\/uploads\/2025\/06\/04133953\/arrow-semi-270.svg\" class=\"attachment-full size-full wp-image-13274\" alt=\"\" \/>\t\t\t\t\t\t\t\t\t\t\t\t\t\t\t<\/div>\n\t\t\t\t<\/div>\n\t\t\t\t<\/div>\n\t\t<div class=\"elementor-element elementor-element-a8b9db1 e-con-full ratio1-1 e-flex e-con e-child\" data-id=\"a8b9db1\" data-element_type=\"container\" data-e-type=\"container\" data-settings=\"{&quot;background_background&quot;:&quot;classic&quot;}\">\n\t\t<a class=\"elementor-element elementor-element-9720097 e-con-full ratio1-1 e-flex e-con e-child\" data-id=\"9720097\" data-element_type=\"container\" data-e-type=\"container\" data-settings=\"{&quot;background_background&quot;:&quot;classic&quot;}\" href=\"\/fr\/collecte-de-fonds\/collecte-de-fonds-par-telephone\/campagnes-d-augmentation-de-dons\/\">\n\t\t\t\t<div class=\"elementor-element elementor-element-7337892 elementor-widget elementor-widget-heading\" data-id=\"7337892\" data-element_type=\"widget\" data-e-type=\"widget\" data-widget_type=\"heading.default\">\n\t\t\t\t<div class=\"elementor-widget-container\">\n\t\t\t\t\t<h3 class=\"elementor-heading-title elementor-size-default\">Campagnes d\u2019augmentation de dons<\/h3>\t\t\t\t<\/div>\n\t\t\t\t<\/div>\n\t\t\t\t<div class=\"elementor-element elementor-element-1ccd470 p-2 elementor-widget elementor-widget-text-editor\" data-id=\"1ccd470\" data-element_type=\"widget\" data-e-type=\"widget\" data-widget_type=\"text-editor.default\">\n\t\t\t\t<div class=\"elementor-widget-container\">\n\t\t\t\t\t\t\t\t\t<p>En savoir plus<\/p>\t\t\t\t\t\t\t\t<\/div>\n\t\t\t\t<\/div>\n\t\t\t\t<\/a>\n\t\t\t\t<\/div>\n\t\t<div class=\"elementor-element elementor-element-4efe862 e-con-full ratio1-1 e-flex e-con e-child\" data-id=\"4efe862\" data-element_type=\"container\" data-e-type=\"container\" data-settings=\"{&quot;background_background&quot;:&quot;classic&quot;}\">\n\t\t<a class=\"elementor-element elementor-element-c900dc7 e-con-full ratio1-1 e-flex e-con e-child\" data-id=\"c900dc7\" data-element_type=\"container\" data-e-type=\"container\" data-settings=\"{&quot;background_background&quot;:&quot;classic&quot;}\" href=\"\/fr\/collecte-de-fonds\/collecte-de-fonds-par-telephone\/appels-de-bienvenue\/\">\n\t\t\t\t<div class=\"elementor-element elementor-element-6790379 elementor-widget elementor-widget-heading\" data-id=\"6790379\" data-element_type=\"widget\" data-e-type=\"widget\" data-widget_type=\"heading.default\">\n\t\t\t\t<div class=\"elementor-widget-container\">\n\t\t\t\t\t<h3 class=\"elementor-heading-title elementor-size-default\">Appels de bienvenue<\/h3>\t\t\t\t<\/div>\n\t\t\t\t<\/div>\n\t\t\t\t<div class=\"elementor-element elementor-element-deb5565 p-2 elementor-widget elementor-widget-text-editor\" data-id=\"deb5565\" data-element_type=\"widget\" data-e-type=\"widget\" data-widget_type=\"text-editor.default\">\n\t\t\t\t<div class=\"elementor-widget-container\">\n\t\t\t\t\t\t\t\t\t<p>En savoir plus<\/p>\t\t\t\t\t\t\t\t<\/div>\n\t\t\t\t<\/div>\n\t\t\t\t<\/a>\n\t\t\t\t<\/div>\n\t\t<div class=\"elementor-element elementor-element-66d4f45 e-con-full ratio1-1 e-flex e-con e-child\" data-id=\"66d4f45\" data-element_type=\"container\" data-e-type=\"container\" data-settings=\"{&quot;background_background&quot;:&quot;classic&quot;}\">\n\t\t<a class=\"elementor-element elementor-element-ad8e064 e-con-full ratio1-1 e-flex e-con e-child\" data-id=\"ad8e064\" data-element_type=\"container\" data-e-type=\"container\" data-settings=\"{&quot;background_background&quot;:&quot;classic&quot;}\" href=\"\/fr\/collecte-de-fonds\/collecte-de-fonds-par-telephone\/campagnes-de-fidelisation\/\">\n\t\t\t\t<div class=\"elementor-element elementor-element-766a194 elementor-widget elementor-widget-heading\" data-id=\"766a194\" data-element_type=\"widget\" data-e-type=\"widget\" data-widget_type=\"heading.default\">\n\t\t\t\t<div class=\"elementor-widget-container\">\n\t\t\t\t\t<h3 class=\"elementor-heading-title elementor-size-default\">Campagnes de fid\u00e9lisation<\/h3>\t\t\t\t<\/div>\n\t\t\t\t<\/div>\n\t\t\t\t<div class=\"elementor-element elementor-element-ed7b275 p-2 elementor-widget elementor-widget-text-editor\" data-id=\"ed7b275\" data-element_type=\"widget\" data-e-type=\"widget\" data-widget_type=\"text-editor.default\">\n\t\t\t\t<div class=\"elementor-widget-container\">\n\t\t\t\t\t\t\t\t\t<p>En savoir plus<\/p>\t\t\t\t\t\t\t\t<\/div>\n\t\t\t\t<\/div>\n\t\t\t\t<\/a>\n\t\t\t\t<\/div>\n\t\t\t\t<\/div>\n\t\t\t\t<div class=\"elementor-element elementor-element-768e3ad elementor-widget elementor-widget-miga_slide_everything_title\" data-id=\"768e3ad\" data-element_type=\"widget\" data-e-type=\"widget\" data-widget_type=\"miga_slide_everything_title.default\">\n\t\t\t\t\t<div class=\"miga_slide_everything\" data-mousewheel=\"0\" data-sliderId=\"#inboundkampagnen\" data-spv=\"3.4\" data-spvt=\"3.3\" data-spvp=\"1.3\" data-spacebetween=\"20\" data-loop=\"0\" data-centerSlides=\"0\" data-autoplay=\"0\" data-autoplay-reverse=\"0\" data-newmethod=\"1\" data-pagination=\"1\" data-arrows=\"1\" data-latestSwiper=\"\" data-dot-padding=\"-10\" data-touchmove=\"0\" data-freemode=\"0\" data-autoplay-delay=\"\"><\/div><style type=\"text\/css\">##inboundkampagnen .swiper-button-prev::after {content: none}##inboundkampagnen .swiper-button-next::after {content: none}##inboundkampagnen .swiper-button-prev {background-image: none } ##inboundkampagnen .swiper-button-next {background-image: none } ##inboundkampagnen .swiper-button-prev svg path {fill:} ##inboundkampagnen .swiper-button-next svg path {fill:} ##inboundkampagnen .swiper-button-prev:after {color:} ##inboundkampagnen .swiper-button-next:after {color:} ##inboundkampagnen .swiper-button-next, ##inboundkampagnen .swiper-button-prev {height:20px; width:12px} ##inboundkampagnen .swiper-button-prev {top:; bottom:; left:; right:;}##inboundkampagnen .swiper-button-next {top:; bottom:; left:; right:;}<\/style>\t\t\t\t<\/div>\n\t\t\t\t\t<\/div>\n\t\t\t\t<\/div>\n\t\t<div class=\"elementor-element elementor-element-233f34e e-flex e-con-boxed e-con e-parent\" data-id=\"233f34e\" data-element_type=\"container\" data-e-type=\"container\">\n\t\t\t\t\t<div class=\"e-con-inner\">\n\t\t\t\t<div class=\"elementor-element elementor-element-5eb973c kontrast-button elementor-widget elementor-widget-button\" data-id=\"5eb973c\" data-element_type=\"widget\" data-e-type=\"widget\" data-widget_type=\"button.default\">\n\t\t\t\t<div class=\"elementor-widget-container\">\n\t\t\t\t\t\t\t\t\t<div class=\"elementor-button-wrapper\">\n\t\t\t\t\t<a class=\"elementor-button elementor-button-link elementor-size-sm\" href=\"\/fr\/collecte-de-fonds\/collecte-de-fonds-par-telephone\/\">\n\t\t\t\t\t\t<span class=\"elementor-button-content-wrapper\">\n\t\t\t\t\t\t<span class=\"elementor-button-icon\">\n\t\t\t\t<svg xmlns=\"http:\/\/www.w3.org\/2000\/svg\" width=\"5\" height=\"7\" viewBox=\"0 0 5 7\" fill=\"none\"><path d=\"M0.5 0.490234L3.78013 3.5001L0.5 6.50997\" stroke=\"white\"><\/path><\/svg>\t\t\t<\/span>\n\t\t\t\t\t\t\t\t\t<span class=\"elementor-button-text\">Vers la collecte de fonds par t\u00e9l\u00e9phone<\/span>\n\t\t\t\t\t<\/span>\n\t\t\t\t\t<\/a>\n\t\t\t\t<\/div>\n\t\t\t\t\t\t\t\t<\/div>\n\t\t\t\t<\/div>\n\t\t\t\t\t<\/div>\n\t\t\t\t<\/div>\n\t\t\t\t<\/div>\n\t\t","protected":false},"excerpt":{"rendered":"<p>Prendre contact Services Inbound Collecte de fonds par t\u00e9l\u00e9phone Corris prend en charge les t\u00e2ches du service donateurs d\u2019une organisation: r\u00e9ception des appels des donateur\u00b7rice\u00b7s au nom de l\u2019organisation, prise en compte de leurs souhaits et mise \u00e0 jour directe des donn\u00e9es. En cas de r\u00e9siliation par t\u00e9l\u00e9phone, nous essayons de garder la personne comme [&hellip;]<\/p>\n","protected":false},"author":2,"featured_media":13971,"parent":16638,"menu_order":4,"comment_status":"closed","ping_status":"closed","template":"","meta":{"_acf_changed":false,"inline_featured_image":false,"footnotes":""},"class_list":["post-16644","page","type-page","status-publish","has-post-thumbnail","hentry"],"acf":[],"_links":{"self":[{"href":"https:\/\/www.corris.com\/fr\/wp-json\/wp\/v2\/pages\/16644","targetHints":{"allow":["GET"]}}],"collection":[{"href":"https:\/\/www.corris.com\/fr\/wp-json\/wp\/v2\/pages"}],"about":[{"href":"https:\/\/www.corris.com\/fr\/wp-json\/wp\/v2\/types\/page"}],"author":[{"embeddable":true,"href":"https:\/\/www.corris.com\/fr\/wp-json\/wp\/v2\/users\/2"}],"replies":[{"embeddable":true,"href":"https:\/\/www.corris.com\/fr\/wp-json\/wp\/v2\/comments?post=16644"}],"version-history":[{"count":3,"href":"https:\/\/www.corris.com\/fr\/wp-json\/wp\/v2\/pages\/16644\/revisions"}],"predecessor-version":[{"id":23102,"href":"https:\/\/www.corris.com\/fr\/wp-json\/wp\/v2\/pages\/16644\/revisions\/23102"}],"up":[{"embeddable":true,"href":"https:\/\/www.corris.com\/fr\/wp-json\/wp\/v2\/pages\/16638"}],"wp:featuredmedia":[{"embeddable":true,"href":"https:\/\/www.corris.com\/fr\/wp-json\/wp\/v2\/media\/13971"}],"wp:attachment":[{"href":"https:\/\/www.corris.com\/fr\/wp-json\/wp\/v2\/media?parent=16644"}],"curies":[{"name":"wp","href":"https:\/\/api.w.org\/{rel}","templated":true}]}}