{"id":16650,"date":"2025-01-16T11:48:15","date_gmt":"2025-01-16T10:48:15","guid":{"rendered":"https:\/\/www.corris.com\/?page_id=16650"},"modified":"2026-01-12T12:10:40","modified_gmt":"2026-01-12T11:10:40","slug":"campagnes-de-fidelisation","status":"publish","type":"page","link":"https:\/\/www.corris.com\/fr\/collecte-de-fonds\/collecte-de-fonds-par-telephone\/campagnes-de-fidelisation\/","title":{"rendered":"Campagnes de fid\u00e9lisation"},"content":{"rendered":"\t\t<div data-elementor-type=\"wp-page\" data-elementor-id=\"16650\" class=\"elementor elementor-16650 elementor-2508\" data-elementor-post-type=\"page\">\n\t\t\t\t<div class=\"elementor-element elementor-element-253a35a e-flex e-con-boxed e-con e-parent\" data-id=\"253a35a\" data-element_type=\"container\" data-e-type=\"container\" data-settings=\"{&quot;background_background&quot;:&quot;classic&quot;}\">\n\t\t\t\t\t<div class=\"e-con-inner\">\n\t\t<div class=\"elementor-element elementor-element-a69cf2b e-con-full ratio-m2-3-1 e-flex e-con e-child\" data-id=\"a69cf2b\" data-element_type=\"container\" data-e-type=\"container\" data-settings=\"{&quot;background_background&quot;:&quot;classic&quot;}\">\n\t\t\t\t<\/div>\n\t\t\t\t\t<\/div>\n\t\t\t\t<\/div>\n\t\t<div class=\"elementor-element elementor-element-448017d e-flex e-con-boxed e-con e-child\" data-id=\"448017d\" data-element_type=\"container\" data-e-type=\"container\" data-settings=\"{&quot;sticky&quot;:&quot;top&quot;,&quot;sticky_offset&quot;:120,&quot;sticky_offset_mobile_extra&quot;:70,&quot;sticky_on&quot;:[&quot;desktop&quot;,&quot;laptop&quot;,&quot;tablet_extra&quot;,&quot;tablet&quot;,&quot;mobile_extra&quot;,&quot;mobile&quot;],&quot;sticky_effects_offset&quot;:0,&quot;sticky_anchor_link_offset&quot;:0}\">\n\t\t\t\t\t<div class=\"e-con-inner\">\n\t\t\t\t<div class=\"elementor-element elementor-element-0a55ff9 elementor-align-center style2 holobutton-single elementor-widget elementor-widget-button\" data-id=\"0a55ff9\" data-element_type=\"widget\" data-e-type=\"widget\" data-widget_type=\"button.default\">\n\t\t\t\t<div class=\"elementor-widget-container\">\n\t\t\t\t\t\t\t\t\t<div class=\"elementor-button-wrapper\">\n\t\t\t\t\t<a class=\"elementor-button elementor-button-link elementor-size-sm\" href=\"\/fr\/contact\/\">\n\t\t\t\t\t\t<span class=\"elementor-button-content-wrapper\">\n\t\t\t\t\t\t<span class=\"elementor-button-icon\">\n\t\t\t\t<svg xmlns=\"http:\/\/www.w3.org\/2000\/svg\" width=\"5\" height=\"7\" viewBox=\"0 0 5 7\" fill=\"none\"><path d=\"M0.5 0.490234L3.78013 3.5001L0.5 6.50997\" stroke=\"white\"><\/path><\/svg>\t\t\t<\/span>\n\t\t\t\t\t\t\t\t\t<span class=\"elementor-button-text\">Prendre contact<\/span>\n\t\t\t\t\t<\/span>\n\t\t\t\t\t<\/a>\n\t\t\t\t<\/div>\n\t\t\t\t\t\t\t\t<\/div>\n\t\t\t\t<\/div>\n\t\t\t\t\t<\/div>\n\t\t\t\t<\/div>\n\t\t<div class=\"elementor-element elementor-element-bc75d06 e-flex e-con-boxed e-con e-parent\" data-id=\"bc75d06\" data-element_type=\"container\" data-e-type=\"container\">\n\t\t\t\t\t<div class=\"e-con-inner\">\n\t\t<div class=\"elementor-element elementor-element-89e3a9d e-con-full e-flex e-con e-child\" data-id=\"89e3a9d\" data-element_type=\"container\" data-e-type=\"container\">\n\t\t\t\t<div class=\"elementor-element elementor-element-9eb17c4 elementor-widget elementor-widget-heading\" data-id=\"9eb17c4\" data-element_type=\"widget\" data-e-type=\"widget\" data-widget_type=\"heading.default\">\n\t\t\t\t<div class=\"elementor-widget-container\">\n\t\t\t\t\t<h1 class=\"elementor-heading-title elementor-size-default\">Campagnes de fid\u00e9lisation<\/h1>\t\t\t\t<\/div>\n\t\t\t\t<\/div>\n\t\t\t\t<div class=\"elementor-element elementor-element-2a4fd8f p-2 fundraising-title-link elementor-widget elementor-widget-text-editor\" data-id=\"2a4fd8f\" data-element_type=\"widget\" data-e-type=\"widget\" data-widget_type=\"text-editor.default\">\n\t\t\t\t<div class=\"elementor-widget-container\">\n\t\t\t\t\t\t\t\t\t<p><a href=\"\/fr\/collecte-de-fonds\/collecte-de-fonds-par-telephone\/\">Collecte de fonds par t\u00e9l\u00e9phone<\/a><\/p>\t\t\t\t\t\t\t\t<\/div>\n\t\t\t\t<\/div>\n\t\t\t\t<\/div>\n\t\t<div class=\"elementor-element elementor-element-ae2b97f e-con-full e-flex e-con e-child\" data-id=\"ae2b97f\" data-element_type=\"container\" data-e-type=\"container\">\n\t\t\t\t<div class=\"elementor-element elementor-element-e6af4ae elementor-widget-divider--view-line elementor-widget elementor-widget-divider\" data-id=\"e6af4ae\" data-element_type=\"widget\" data-e-type=\"widget\" data-widget_type=\"divider.default\">\n\t\t\t\t<div class=\"elementor-widget-container\">\n\t\t\t\t\t\t\t<div class=\"elementor-divider\">\n\t\t\t<span class=\"elementor-divider-separator\">\n\t\t\t\t\t\t<\/span>\n\t\t<\/div>\n\t\t\t\t\t\t<\/div>\n\t\t\t\t<\/div>\n\t\t\t\t<div class=\"elementor-element elementor-element-2b16f0d elementor-widget elementor-widget-text-editor\" data-id=\"2b16f0d\" data-element_type=\"widget\" data-e-type=\"widget\" data-widget_type=\"text-editor.default\">\n\t\t\t\t<div class=\"elementor-widget-container\">\n\t\t\t\t\t\t\t\t\t<p>Les donateur\u00b7rice\u00b7s qui soumettent une r\u00e9siliation sont contact\u00e9\u00b7e\u00b7s par t\u00e9l\u00e9phone. Selon la raison de la r\u00e9siliation, le\u00b7la callagent propose des alternatives au don initial, comme par exemple un montant inf\u00e9rieur ou un autre intervalle de paiement. De plus, le\u00b7la callagent recueille des informations pr\u00e9cieuses sur les motifs de la r\u00e9siliation.<\/p>\t\t\t\t\t\t\t\t<\/div>\n\t\t\t\t<\/div>\n\t\t\t\t<div class=\"elementor-element elementor-element-b40b4a8 elementor-widget-divider--view-line elementor-widget elementor-widget-divider\" data-id=\"b40b4a8\" data-element_type=\"widget\" data-e-type=\"widget\" data-widget_type=\"divider.default\">\n\t\t\t\t<div class=\"elementor-widget-container\">\n\t\t\t\t\t\t\t<div class=\"elementor-divider\">\n\t\t\t<span class=\"elementor-divider-separator\">\n\t\t\t\t\t\t<\/span>\n\t\t<\/div>\n\t\t\t\t\t\t<\/div>\n\t\t\t\t<\/div>\n\t\t\t\t<\/div>\n\t\t<div class=\"elementor-element elementor-element-f48d260 e-con-full e-flex e-con e-child\" data-id=\"f48d260\" data-element_type=\"container\" data-e-type=\"container\">\n\t\t\t\t<div class=\"elementor-element elementor-element-05ec1c8 elementor-widget elementor-widget-heading\" data-id=\"05ec1c8\" data-element_type=\"widget\" data-e-type=\"widget\" data-widget_type=\"heading.default\">\n\t\t\t\t<div class=\"elementor-widget-container\">\n\t\t\t\t\t<h2 class=\"elementor-heading-title elementor-size-default\">Donateur\u00b7rice\u00b7s perdu\u00b7e\u00b7s<\/h2>\t\t\t\t<\/div>\n\t\t\t\t<\/div>\n\t\t\t\t<div class=\"elementor-element elementor-element-1115cca p-2 elementor-widget elementor-widget-text-editor\" data-id=\"1115cca\" data-element_type=\"widget\" data-e-type=\"widget\" data-widget_type=\"text-editor.default\">\n\t\t\t\t<div class=\"elementor-widget-container\">\n\t\t\t\t\t\t\t\t\t<p>Les donateur\u00b7rice\u00b7s qui retirent leur soutien \u00e0 une organisation caritative sont contact\u00e9\u00b7e\u00b7s par t\u00e9l\u00e9phone dans les plus brefs d\u00e9lais. Le\u00b7la callagent demande si un autre montant ou un autre intervalle de don pourrait constituer une alternative \u00e0 la r\u00e9siliation. De plus, des informations pr\u00e9cieuses sont recueillies et int\u00e9gr\u00e9es dans l\u2019ensemble des processus d\u2019acquisition de donateur\u00b7rice\u00b7s.<\/p>\t\t\t\t\t\t\t\t<\/div>\n\t\t\t\t<\/div>\n\t\t\t\t<div class=\"elementor-element elementor-element-c5985a7 elementor-widget elementor-widget-heading\" data-id=\"c5985a7\" data-element_type=\"widget\" data-e-type=\"widget\" data-widget_type=\"heading.default\">\n\t\t\t\t<div class=\"elementor-widget-container\">\n\t\t\t\t\t<h2 class=\"elementor-heading-title elementor-size-default\">Avantages des campganes de fid\u00e9lisation<\/h2>\t\t\t\t<\/div>\n\t\t\t\t<\/div>\n\t\t\t\t<div class=\"elementor-element elementor-element-05aed47 p-2 elementor-widget elementor-widget-text-editor\" data-id=\"05aed47\" data-element_type=\"widget\" data-e-type=\"widget\" data-widget_type=\"text-editor.default\">\n\t\t\t\t<div class=\"elementor-widget-container\">\n\t\t\t\t\t\t\t\t\t<p>Les donateur\u00b7rice\u00b7s qui annulent leur engagement de don r\u00e9gulier sont contact\u00e9\u00b7e\u00b7s dans les plus brefs d\u00e9lais. Des alternatives clairement d\u00e9finies (montant, fr\u00e9quence, etc.) leur sont propos\u00e9es.<\/p>\t\t\t\t\t\t\t\t<\/div>\n\t\t\t\t<\/div>\n\t\t\t\t<\/div>\n\t\t\t\t\t<\/div>\n\t\t\t\t<\/div>\n\t\t<div class=\"elementor-element elementor-element-7343dbf corris-carousel e-flex e-con-boxed e-con e-parent\" data-id=\"7343dbf\" data-element_type=\"container\" data-e-type=\"container\" data-settings=\"{&quot;background_background&quot;:&quot;classic&quot;}\">\n\t\t\t\t\t<div class=\"e-con-inner\">\n\t\t<div class=\"elementor-element elementor-element-cb2817f e-con-full lg-bg e-flex e-con e-child\" data-id=\"cb2817f\" data-element_type=\"container\" data-e-type=\"container\" id=\"retentionkampagnen\">\n\t\t<div class=\"elementor-element elementor-element-46473a9 e-con-full ratio1-1 first-slide e-flex e-con e-child\" data-id=\"46473a9\" data-element_type=\"container\" data-e-type=\"container\" data-settings=\"{&quot;background_background&quot;:&quot;classic&quot;}\">\n\t\t\t\t<div class=\"elementor-element elementor-element-7f1bbc1 t-2 elementor-widget elementor-widget-heading\" data-id=\"7f1bbc1\" data-element_type=\"widget\" data-e-type=\"widget\" data-widget_type=\"heading.default\">\n\t\t\t\t<div class=\"elementor-widget-container\">\n\t\t\t\t\t<h1 class=\"elementor-heading-title elementor-size-default\">Nos campagnes<br><\/h1>\t\t\t\t<\/div>\n\t\t\t\t<\/div>\n\t\t\t\t<div class=\"elementor-element elementor-element-e5aea68 elementor-widget elementor-widget-image\" data-id=\"e5aea68\" data-element_type=\"widget\" data-e-type=\"widget\" data-widget_type=\"image.default\">\n\t\t\t\t<div class=\"elementor-widget-container\">\n\t\t\t\t\t\t\t\t\t\t\t\t\t\t\t<img decoding=\"async\" width=\"47\" height=\"36\" src=\"https:\/\/cdn.corris.com\/wp-content\/uploads\/2025\/06\/04133953\/arrow-semi-270.svg\" class=\"attachment-full size-full wp-image-13274\" alt=\"\" \/>\t\t\t\t\t\t\t\t\t\t\t\t\t\t\t<\/div>\n\t\t\t\t<\/div>\n\t\t\t\t<\/div>\n\t\t<div class=\"elementor-element elementor-element-bd38d0f e-con-full ratio1-1 e-flex e-con e-child\" data-id=\"bd38d0f\" data-element_type=\"container\" data-e-type=\"container\" data-settings=\"{&quot;background_background&quot;:&quot;classic&quot;}\">\n\t\t<a class=\"elementor-element elementor-element-d8f0b71 e-con-full ratio1-1 e-flex e-con e-child\" data-id=\"d8f0b71\" data-element_type=\"container\" data-e-type=\"container\" data-settings=\"{&quot;background_background&quot;:&quot;classic&quot;}\" href=\"\/fr\/collecte-de-fonds\/collecte-de-fonds-par-telephone\/campagnes-d-augmentation-de-dons\/\">\n\t\t\t\t<div class=\"elementor-element elementor-element-9ce5cb0 elementor-widget elementor-widget-heading\" data-id=\"9ce5cb0\" data-element_type=\"widget\" data-e-type=\"widget\" data-widget_type=\"heading.default\">\n\t\t\t\t<div class=\"elementor-widget-container\">\n\t\t\t\t\t<h3 class=\"elementor-heading-title elementor-size-default\">Campagnes d\u2019augmentation de dons<\/h3>\t\t\t\t<\/div>\n\t\t\t\t<\/div>\n\t\t\t\t<div class=\"elementor-element elementor-element-4e0761a p-2 elementor-widget elementor-widget-text-editor\" data-id=\"4e0761a\" data-element_type=\"widget\" data-e-type=\"widget\" data-widget_type=\"text-editor.default\">\n\t\t\t\t<div class=\"elementor-widget-container\">\n\t\t\t\t\t\t\t\t\t<p>En savoir plus<\/p>\t\t\t\t\t\t\t\t<\/div>\n\t\t\t\t<\/div>\n\t\t\t\t<\/a>\n\t\t\t\t<\/div>\n\t\t<div class=\"elementor-element elementor-element-cd6b4fd e-con-full ratio1-1 e-flex e-con e-child\" data-id=\"cd6b4fd\" data-element_type=\"container\" data-e-type=\"container\" data-settings=\"{&quot;background_background&quot;:&quot;classic&quot;}\">\n\t\t<a class=\"elementor-element elementor-element-4d437e5 e-con-full ratio1-1 e-flex e-con e-child\" data-id=\"4d437e5\" data-element_type=\"container\" data-e-type=\"container\" data-settings=\"{&quot;background_background&quot;:&quot;classic&quot;}\" href=\"\/fr\/collecte-de-fonds\/collecte-de-fonds-par-telephone\/appels-de-bienvenue\/\">\n\t\t\t\t<div class=\"elementor-element elementor-element-50f4a2e elementor-widget elementor-widget-heading\" data-id=\"50f4a2e\" data-element_type=\"widget\" data-e-type=\"widget\" data-widget_type=\"heading.default\">\n\t\t\t\t<div class=\"elementor-widget-container\">\n\t\t\t\t\t<h3 class=\"elementor-heading-title elementor-size-default\">Appels de bienvenue<\/h3>\t\t\t\t<\/div>\n\t\t\t\t<\/div>\n\t\t\t\t<div class=\"elementor-element elementor-element-ab755d8 p-2 elementor-widget elementor-widget-text-editor\" data-id=\"ab755d8\" data-element_type=\"widget\" data-e-type=\"widget\" data-widget_type=\"text-editor.default\">\n\t\t\t\t<div class=\"elementor-widget-container\">\n\t\t\t\t\t\t\t\t\t<p>En savoir plus<\/p>\t\t\t\t\t\t\t\t<\/div>\n\t\t\t\t<\/div>\n\t\t\t\t<\/a>\n\t\t\t\t<\/div>\n\t\t<div class=\"elementor-element elementor-element-fec9696 e-con-full ratio1-1 e-flex e-con e-child\" data-id=\"fec9696\" data-element_type=\"container\" data-e-type=\"container\" data-settings=\"{&quot;background_background&quot;:&quot;classic&quot;}\">\n\t\t<a class=\"elementor-element elementor-element-6c96026 e-con-full ratio1-1 e-flex e-con e-child\" data-id=\"6c96026\" data-element_type=\"container\" data-e-type=\"container\" data-settings=\"{&quot;background_background&quot;:&quot;classic&quot;}\" href=\"\/fr\/collecte-de-fonds\/collecte-de-fonds-par-telephone\/services-inbound\/\">\n\t\t\t\t<div class=\"elementor-element elementor-element-9d40008 elementor-widget elementor-widget-heading\" data-id=\"9d40008\" data-element_type=\"widget\" data-e-type=\"widget\" data-widget_type=\"heading.default\">\n\t\t\t\t<div class=\"elementor-widget-container\">\n\t\t\t\t\t<h3 class=\"elementor-heading-title elementor-size-default\">Services Inbound<\/h3>\t\t\t\t<\/div>\n\t\t\t\t<\/div>\n\t\t\t\t<div class=\"elementor-element elementor-element-845066d p-2 elementor-widget elementor-widget-text-editor\" data-id=\"845066d\" data-element_type=\"widget\" data-e-type=\"widget\" data-widget_type=\"text-editor.default\">\n\t\t\t\t<div class=\"elementor-widget-container\">\n\t\t\t\t\t\t\t\t\t<p>En savoir plus<\/p>\t\t\t\t\t\t\t\t<\/div>\n\t\t\t\t<\/div>\n\t\t\t\t<\/a>\n\t\t\t\t<\/div>\n\t\t\t\t<\/div>\n\t\t\t\t<div class=\"elementor-element elementor-element-f68b8cb elementor-widget elementor-widget-miga_slide_everything_title\" data-id=\"f68b8cb\" data-element_type=\"widget\" data-e-type=\"widget\" data-widget_type=\"miga_slide_everything_title.default\">\n\t\t\t\t\t<div class=\"miga_slide_everything\" data-mousewheel=\"0\" data-sliderId=\"#retentionkampagnen\" data-spv=\"3.4\" data-spvt=\"3.3\" data-spvp=\"1.3\" data-spacebetween=\"20\" data-loop=\"0\" data-centerSlides=\"0\" data-autoplay=\"0\" data-autoplay-reverse=\"0\" data-newmethod=\"1\" data-pagination=\"1\" data-arrows=\"1\" data-latestSwiper=\"\" data-dot-padding=\"-10\" data-touchmove=\"0\" data-freemode=\"0\" data-autoplay-delay=\"\"><\/div><style type=\"text\/css\">##retentionkampagnen .swiper-button-prev::after {content: none}##retentionkampagnen .swiper-button-next::after {content: none}##retentionkampagnen .swiper-button-prev {background-image: none } ##retentionkampagnen .swiper-button-next {background-image: none } ##retentionkampagnen .swiper-button-prev svg path {fill:} ##retentionkampagnen .swiper-button-next svg path {fill:} ##retentionkampagnen .swiper-button-prev:after {color:} ##retentionkampagnen .swiper-button-next:after {color:} ##retentionkampagnen .swiper-button-next, ##retentionkampagnen .swiper-button-prev {height:20px; width:12px} ##retentionkampagnen .swiper-button-prev {top:; bottom:; left:; right:;}##retentionkampagnen .swiper-button-next {top:; bottom:; left:; right:;}<\/style>\t\t\t\t<\/div>\n\t\t\t\t\t<\/div>\n\t\t\t\t<\/div>\n\t\t<div class=\"elementor-element elementor-element-26d84f1 e-flex e-con-boxed e-con e-parent\" data-id=\"26d84f1\" data-element_type=\"container\" data-e-type=\"container\">\n\t\t\t\t\t<div class=\"e-con-inner\">\n\t\t\t\t<div class=\"elementor-element elementor-element-9e22bf2 kontrast-button elementor-widget elementor-widget-button\" data-id=\"9e22bf2\" data-element_type=\"widget\" data-e-type=\"widget\" data-widget_type=\"button.default\">\n\t\t\t\t<div class=\"elementor-widget-container\">\n\t\t\t\t\t\t\t\t\t<div class=\"elementor-button-wrapper\">\n\t\t\t\t\t<a class=\"elementor-button elementor-button-link elementor-size-sm\" href=\"\/fr\/collecte-de-fonds\/collecte-de-fonds-par-telephone\/\">\n\t\t\t\t\t\t<span class=\"elementor-button-content-wrapper\">\n\t\t\t\t\t\t<span class=\"elementor-button-icon\">\n\t\t\t\t<svg xmlns=\"http:\/\/www.w3.org\/2000\/svg\" width=\"5\" height=\"7\" viewBox=\"0 0 5 7\" fill=\"none\"><path d=\"M0.5 0.490234L3.78013 3.5001L0.5 6.50997\" stroke=\"white\"><\/path><\/svg>\t\t\t<\/span>\n\t\t\t\t\t\t\t\t\t<span class=\"elementor-button-text\">Vers la collecte de fonds pas t\u00e9l\u00e9phone<\/span>\n\t\t\t\t\t<\/span>\n\t\t\t\t\t<\/a>\n\t\t\t\t<\/div>\n\t\t\t\t\t\t\t\t<\/div>\n\t\t\t\t<\/div>\n\t\t\t\t\t<\/div>\n\t\t\t\t<\/div>\n\t\t\t\t<\/div>\n\t\t","protected":false},"excerpt":{"rendered":"<p>Prendre contact Campagnes de fid\u00e9lisation Collecte de fonds par t\u00e9l\u00e9phone Les donateur\u00b7rice\u00b7s qui soumettent une r\u00e9siliation sont contact\u00e9\u00b7e\u00b7s par t\u00e9l\u00e9phone. Selon la raison de la r\u00e9siliation, le\u00b7la callagent propose des alternatives au don initial, comme par exemple un montant inf\u00e9rieur ou un autre intervalle de paiement. De plus, le\u00b7la callagent recueille des informations pr\u00e9cieuses sur [&hellip;]<\/p>\n","protected":false},"author":2,"featured_media":13978,"parent":16638,"menu_order":3,"comment_status":"closed","ping_status":"closed","template":"","meta":{"_acf_changed":false,"inline_featured_image":false,"footnotes":""},"class_list":["post-16650","page","type-page","status-publish","has-post-thumbnail","hentry"],"acf":[],"_links":{"self":[{"href":"https:\/\/www.corris.com\/fr\/wp-json\/wp\/v2\/pages\/16650","targetHints":{"allow":["GET"]}}],"collection":[{"href":"https:\/\/www.corris.com\/fr\/wp-json\/wp\/v2\/pages"}],"about":[{"href":"https:\/\/www.corris.com\/fr\/wp-json\/wp\/v2\/types\/page"}],"author":[{"embeddable":true,"href":"https:\/\/www.corris.com\/fr\/wp-json\/wp\/v2\/users\/2"}],"replies":[{"embeddable":true,"href":"https:\/\/www.corris.com\/fr\/wp-json\/wp\/v2\/comments?post=16650"}],"version-history":[{"count":3,"href":"https:\/\/www.corris.com\/fr\/wp-json\/wp\/v2\/pages\/16650\/revisions"}],"predecessor-version":[{"id":23114,"href":"https:\/\/www.corris.com\/fr\/wp-json\/wp\/v2\/pages\/16650\/revisions\/23114"}],"up":[{"embeddable":true,"href":"https:\/\/www.corris.com\/fr\/wp-json\/wp\/v2\/pages\/16638"}],"wp:featuredmedia":[{"embeddable":true,"href":"https:\/\/www.corris.com\/fr\/wp-json\/wp\/v2\/media\/13978"}],"wp:attachment":[{"href":"https:\/\/www.corris.com\/fr\/wp-json\/wp\/v2\/media?parent=16650"}],"curies":[{"name":"wp","href":"https:\/\/api.w.org\/{rel}","templated":true}]}}