{"id":16662,"date":"2025-01-16T11:47:50","date_gmt":"2025-01-16T10:47:50","guid":{"rendered":"https:\/\/www.corris.com\/?page_id=16662"},"modified":"2026-01-12T12:15:30","modified_gmt":"2026-01-12T11:15:30","slug":"appels-de-bienvenue","status":"publish","type":"page","link":"https:\/\/www.corris.com\/fr\/collecte-de-fonds\/collecte-de-fonds-par-telephone\/appels-de-bienvenue\/","title":{"rendered":"Appels de bienvenue"},"content":{"rendered":"\t\t<div data-elementor-type=\"wp-page\" data-elementor-id=\"16662\" class=\"elementor elementor-16662 elementor-2506\" data-elementor-post-type=\"page\">\n\t\t\t\t<div class=\"elementor-element elementor-element-f0efa93 e-flex e-con-boxed e-con e-parent\" data-id=\"f0efa93\" data-element_type=\"container\" data-e-type=\"container\" data-settings=\"{&quot;background_background&quot;:&quot;classic&quot;}\">\n\t\t\t\t\t<div class=\"e-con-inner\">\n\t\t<div class=\"elementor-element elementor-element-41057e0 e-con-full ratio-m2-3-1 e-flex e-con e-child\" data-id=\"41057e0\" data-element_type=\"container\" data-e-type=\"container\" data-settings=\"{&quot;background_background&quot;:&quot;classic&quot;}\">\n\t\t\t\t<\/div>\n\t\t\t\t\t<\/div>\n\t\t\t\t<\/div>\n\t\t<div class=\"elementor-element elementor-element-ee416ad e-flex e-con-boxed e-con e-child\" data-id=\"ee416ad\" data-element_type=\"container\" data-e-type=\"container\" data-settings=\"{&quot;sticky&quot;:&quot;top&quot;,&quot;sticky_offset&quot;:120,&quot;sticky_offset_mobile_extra&quot;:70,&quot;sticky_on&quot;:[&quot;desktop&quot;,&quot;laptop&quot;,&quot;tablet_extra&quot;,&quot;tablet&quot;,&quot;mobile_extra&quot;,&quot;mobile&quot;],&quot;sticky_effects_offset&quot;:0,&quot;sticky_anchor_link_offset&quot;:0}\">\n\t\t\t\t\t<div class=\"e-con-inner\">\n\t\t\t\t<div class=\"elementor-element elementor-element-7cb8f1b elementor-align-center style2 holobutton-single elementor-widget elementor-widget-button\" data-id=\"7cb8f1b\" data-element_type=\"widget\" data-e-type=\"widget\" data-widget_type=\"button.default\">\n\t\t\t\t<div class=\"elementor-widget-container\">\n\t\t\t\t\t\t\t\t\t<div class=\"elementor-button-wrapper\">\n\t\t\t\t\t<a class=\"elementor-button elementor-button-link elementor-size-sm\" href=\"\/fr\/contact\/\">\n\t\t\t\t\t\t<span class=\"elementor-button-content-wrapper\">\n\t\t\t\t\t\t<span class=\"elementor-button-icon\">\n\t\t\t\t<svg xmlns=\"http:\/\/www.w3.org\/2000\/svg\" width=\"5\" height=\"7\" viewBox=\"0 0 5 7\" fill=\"none\"><path d=\"M0.5 0.490234L3.78013 3.5001L0.5 6.50997\" stroke=\"white\"><\/path><\/svg>\t\t\t<\/span>\n\t\t\t\t\t\t\t\t\t<span class=\"elementor-button-text\">Prendre contact<\/span>\n\t\t\t\t\t<\/span>\n\t\t\t\t\t<\/a>\n\t\t\t\t<\/div>\n\t\t\t\t\t\t\t\t<\/div>\n\t\t\t\t<\/div>\n\t\t\t\t\t<\/div>\n\t\t\t\t<\/div>\n\t\t<div class=\"elementor-element elementor-element-cd1e583 e-flex e-con-boxed e-con e-parent\" data-id=\"cd1e583\" data-element_type=\"container\" data-e-type=\"container\">\n\t\t\t\t\t<div class=\"e-con-inner\">\n\t\t<div class=\"elementor-element elementor-element-6c0b527 e-con-full e-flex e-con e-child\" data-id=\"6c0b527\" data-element_type=\"container\" data-e-type=\"container\">\n\t\t\t\t<div class=\"elementor-element elementor-element-7890bc0 elementor-widget elementor-widget-heading\" data-id=\"7890bc0\" data-element_type=\"widget\" data-e-type=\"widget\" data-widget_type=\"heading.default\">\n\t\t\t\t<div class=\"elementor-widget-container\">\n\t\t\t\t\t<h1 class=\"elementor-heading-title elementor-size-default\">Appels de bienvenue pour les organisations \u00e0 but non lucratif<\/h1>\t\t\t\t<\/div>\n\t\t\t\t<\/div>\n\t\t\t\t<div class=\"elementor-element elementor-element-cb8561e p-2 fundraising-title-link elementor-widget elementor-widget-text-editor\" data-id=\"cb8561e\" data-element_type=\"widget\" data-e-type=\"widget\" data-widget_type=\"text-editor.default\">\n\t\t\t\t<div class=\"elementor-widget-container\">\n\t\t\t\t\t\t\t\t\t<p><a href=\"\/fr\/collecte-de-fonds\/collecte-de-fonds-par-telephone\/\">Collecte de fonds par t\u00e9l\u00e9phone<\/a><\/p>\t\t\t\t\t\t\t\t<\/div>\n\t\t\t\t<\/div>\n\t\t\t\t<\/div>\n\t\t<div class=\"elementor-element elementor-element-55d8f10 e-con-full e-flex e-con e-child\" data-id=\"55d8f10\" data-element_type=\"container\" data-e-type=\"container\">\n\t\t\t\t<div class=\"elementor-element elementor-element-b68b1f4 elementor-widget-divider--view-line elementor-widget elementor-widget-divider\" data-id=\"b68b1f4\" data-element_type=\"widget\" data-e-type=\"widget\" data-widget_type=\"divider.default\">\n\t\t\t\t<div class=\"elementor-widget-container\">\n\t\t\t\t\t\t\t<div class=\"elementor-divider\">\n\t\t\t<span class=\"elementor-divider-separator\">\n\t\t\t\t\t\t<\/span>\n\t\t<\/div>\n\t\t\t\t\t\t<\/div>\n\t\t\t\t<\/div>\n\t\t\t\t<div class=\"elementor-element elementor-element-e9334de elementor-widget elementor-widget-text-editor\" data-id=\"e9334de\" data-element_type=\"widget\" data-e-type=\"widget\" data-widget_type=\"text-editor.default\">\n\t\t\t\t<div class=\"elementor-widget-container\">\n\t\t\t\t\t\t\t\t\t<p>Les agents contactent les nouveaux et nouvelles donateur\u00b7rice\u00b7s issu\u00b7e\u00b7s de campagnes de stands d\u2019information ou de porte-\u00e0-porte dans les plus brefs d\u00e9lais et leur souhaitent chaleureusement la bienvenue au nom de l\u2019organisation caritative. Les questions ouvertes sont imm\u00e9diatement clarifi\u00e9es, de sorte que les donateur\u00b7rice\u00b7s se sentent valoris\u00e9\u00b7e\u00b7s d\u00e8s le d\u00e9part. Les appels de bienvenue renforcent l\u2019identification \u00e0 l\u2019organisation et augmentent la probabilit\u00e9 qu\u2019un don soit augment\u00e9 \u00e0 l\u2019avenir, ainsi que celle d\u2019un engagement durable.<\/p>\t\t\t\t\t\t\t\t<\/div>\n\t\t\t\t<\/div>\n\t\t\t\t<div class=\"elementor-element elementor-element-ec3a2f4 elementor-widget-divider--view-line elementor-widget elementor-widget-divider\" data-id=\"ec3a2f4\" data-element_type=\"widget\" data-e-type=\"widget\" data-widget_type=\"divider.default\">\n\t\t\t\t<div class=\"elementor-widget-container\">\n\t\t\t\t\t\t\t<div class=\"elementor-divider\">\n\t\t\t<span class=\"elementor-divider-separator\">\n\t\t\t\t\t\t<\/span>\n\t\t<\/div>\n\t\t\t\t\t\t<\/div>\n\t\t\t\t<\/div>\n\t\t\t\t<\/div>\n\t\t<div class=\"elementor-element elementor-element-05e776a e-con-full e-flex e-con e-child\" data-id=\"05e776a\" data-element_type=\"container\" data-e-type=\"container\">\n\t\t\t\t<div class=\"elementor-element elementor-element-5ea89a7 elementor-widget elementor-widget-heading\" data-id=\"5ea89a7\" data-element_type=\"widget\" data-e-type=\"widget\" data-widget_type=\"heading.default\">\n\t\t\t\t<div class=\"elementor-widget-container\">\n\t\t\t\t\t<h2 class=\"elementor-heading-title elementor-size-default\">Fid\u00e9lisation des donateur\u00b7rice\u00b7s \u00e0 long terme<\/h2>\t\t\t\t<\/div>\n\t\t\t\t<\/div>\n\t\t\t\t<div class=\"elementor-element elementor-element-4a621e9 p-2 elementor-widget elementor-widget-text-editor\" data-id=\"4a621e9\" data-element_type=\"widget\" data-e-type=\"widget\" data-widget_type=\"text-editor.default\">\n\t\t\t\t<div class=\"elementor-widget-container\">\n\t\t\t\t\t\t\t\t\t<p>Les nouveaux et nouvelles donateur\u00b7rice\u00b7s sont appel\u00e9\u00b7e\u00b7s et chaleureusement accueilli\u00b7e\u00b7s au nom de l\u2019organisation caritative. Les \u00e9ventuelles questions sont imm\u00e9diatement clarifi\u00e9es et les souhaits ainsi que les suggestions sont pris en compte. Toutes ces mesures contribuent \u00e0 offrir la meilleure premi\u00e8re impression possible.<\/p>\t\t\t\t\t\t\t\t<\/div>\n\t\t\t\t<\/div>\n\t\t\t\t<div class=\"elementor-element elementor-element-23e2fa2 elementor-widget elementor-widget-heading\" data-id=\"23e2fa2\" data-element_type=\"widget\" data-e-type=\"widget\" data-widget_type=\"heading.default\">\n\t\t\t\t<div class=\"elementor-widget-container\">\n\t\t\t\t\t<h2 class=\"elementor-heading-title elementor-size-default\">Avantages des appels de bienvenue<\/h2>\t\t\t\t<\/div>\n\t\t\t\t<\/div>\n\t\t\t\t<div class=\"elementor-element elementor-element-923db4d p-2 elementor-widget elementor-widget-text-editor\" data-id=\"923db4d\" data-element_type=\"widget\" data-e-type=\"widget\" data-widget_type=\"text-editor.default\">\n\t\t\t\t<div class=\"elementor-widget-container\">\n\t\t\t\t\t\t\t\t\t<ul><li>Les nouveaux\u00b7elles donateur\u00b7rice\u00b7s sont contact\u00e9\u00b7e\u00b7s imm\u00e9diatement apr\u00e8s avoir \u00e9t\u00e9 recrut\u00e9\u00b7e\u00b7s par le biais de stands d\u2019information et de campagnes de porte-\u00e0-porte<\/li><li>Catalogue de questions clairement d\u00e9fini<\/li><li>Processus de suivi d\u00e9fini pour les informations recueillies<\/li><li>Fid\u00e9lisation des donateur\u00b7rice\u00b7s optimis\u00e9e<\/li><\/ul>\t\t\t\t\t\t\t\t<\/div>\n\t\t\t\t<\/div>\n\t\t\t\t<\/div>\n\t\t\t\t\t<\/div>\n\t\t\t\t<\/div>\n\t\t<div class=\"elementor-element elementor-element-03ed5eb corris-carousel e-flex e-con-boxed e-con e-parent\" data-id=\"03ed5eb\" data-element_type=\"container\" data-e-type=\"container\" data-settings=\"{&quot;background_background&quot;:&quot;classic&quot;}\">\n\t\t\t\t\t<div class=\"e-con-inner\">\n\t\t<div class=\"elementor-element elementor-element-0f4b425 e-con-full lg-bg e-flex e-con e-child\" data-id=\"0f4b425\" data-element_type=\"container\" data-e-type=\"container\" id=\"welcomecalls\">\n\t\t<div class=\"elementor-element elementor-element-2321a34 e-con-full ratio1-1 first-slide e-flex e-con e-child\" data-id=\"2321a34\" data-element_type=\"container\" data-e-type=\"container\" data-settings=\"{&quot;background_background&quot;:&quot;classic&quot;}\">\n\t\t\t\t<div class=\"elementor-element elementor-element-041f9e4 t-2 elementor-widget elementor-widget-heading\" data-id=\"041f9e4\" data-element_type=\"widget\" data-e-type=\"widget\" data-widget_type=\"heading.default\">\n\t\t\t\t<div class=\"elementor-widget-container\">\n\t\t\t\t\t<h1 class=\"elementor-heading-title elementor-size-default\">nos campagnes<br><\/h1>\t\t\t\t<\/div>\n\t\t\t\t<\/div>\n\t\t\t\t<div class=\"elementor-element elementor-element-464a9a3 elementor-widget elementor-widget-image\" data-id=\"464a9a3\" data-element_type=\"widget\" data-e-type=\"widget\" data-widget_type=\"image.default\">\n\t\t\t\t<div class=\"elementor-widget-container\">\n\t\t\t\t\t\t\t\t\t\t\t\t\t\t\t<img decoding=\"async\" width=\"47\" height=\"36\" src=\"https:\/\/cdn.corris.com\/wp-content\/uploads\/2025\/06\/04133953\/arrow-semi-270.svg\" class=\"attachment-full size-full wp-image-13274\" alt=\"\" \/>\t\t\t\t\t\t\t\t\t\t\t\t\t\t\t<\/div>\n\t\t\t\t<\/div>\n\t\t\t\t<\/div>\n\t\t<div class=\"elementor-element elementor-element-ec47a9c e-con-full ratio1-1 e-flex e-con e-child\" data-id=\"ec47a9c\" data-element_type=\"container\" data-e-type=\"container\" data-settings=\"{&quot;background_background&quot;:&quot;classic&quot;}\">\n\t\t<a class=\"elementor-element elementor-element-8c5b509 e-con-full ratio1-1 e-flex e-con e-child\" data-id=\"8c5b509\" data-element_type=\"container\" data-e-type=\"container\" data-settings=\"{&quot;background_background&quot;:&quot;classic&quot;}\" href=\"\/fr\/collecte-de-fonds\/collecte-de-fonds-par-telephone\/campagnes-d-augmentation-de-dons\/\">\n\t\t\t\t<div class=\"elementor-element elementor-element-c6c8b86 elementor-widget elementor-widget-heading\" data-id=\"c6c8b86\" data-element_type=\"widget\" data-e-type=\"widget\" data-widget_type=\"heading.default\">\n\t\t\t\t<div class=\"elementor-widget-container\">\n\t\t\t\t\t<h3 class=\"elementor-heading-title elementor-size-default\">Campagnes d\u2019augmentation de dons<\/h3>\t\t\t\t<\/div>\n\t\t\t\t<\/div>\n\t\t\t\t<div class=\"elementor-element elementor-element-f1c6cb7 p-2 elementor-widget elementor-widget-text-editor\" data-id=\"f1c6cb7\" data-element_type=\"widget\" data-e-type=\"widget\" data-widget_type=\"text-editor.default\">\n\t\t\t\t<div class=\"elementor-widget-container\">\n\t\t\t\t\t\t\t\t\t<p>En savoir plus<\/p>\t\t\t\t\t\t\t\t<\/div>\n\t\t\t\t<\/div>\n\t\t\t\t<\/a>\n\t\t\t\t<\/div>\n\t\t<div class=\"elementor-element elementor-element-16b8a39 e-con-full ratio1-1 e-flex e-con e-child\" data-id=\"16b8a39\" data-element_type=\"container\" data-e-type=\"container\" data-settings=\"{&quot;background_background&quot;:&quot;classic&quot;}\">\n\t\t<a class=\"elementor-element elementor-element-1f43219 e-con-full ratio1-1 e-flex e-con e-child\" data-id=\"1f43219\" data-element_type=\"container\" data-e-type=\"container\" data-settings=\"{&quot;background_background&quot;:&quot;classic&quot;}\" href=\"\/fr\/collecte-de-fonds\/collecte-de-fonds-par-telephone\/campagnes-de-fidelisation\/\">\n\t\t\t\t<div class=\"elementor-element elementor-element-ba2de89 elementor-widget elementor-widget-heading\" data-id=\"ba2de89\" data-element_type=\"widget\" data-e-type=\"widget\" data-widget_type=\"heading.default\">\n\t\t\t\t<div class=\"elementor-widget-container\">\n\t\t\t\t\t<h3 class=\"elementor-heading-title elementor-size-default\">Campagnes de fid\u00e9lisation<\/h3>\t\t\t\t<\/div>\n\t\t\t\t<\/div>\n\t\t\t\t<div class=\"elementor-element elementor-element-56e7063 p-2 elementor-widget elementor-widget-text-editor\" data-id=\"56e7063\" data-element_type=\"widget\" data-e-type=\"widget\" data-widget_type=\"text-editor.default\">\n\t\t\t\t<div class=\"elementor-widget-container\">\n\t\t\t\t\t\t\t\t\t<p>En savoir plus<\/p>\t\t\t\t\t\t\t\t<\/div>\n\t\t\t\t<\/div>\n\t\t\t\t<\/a>\n\t\t\t\t<\/div>\n\t\t<div class=\"elementor-element elementor-element-782c471 e-con-full ratio1-1 e-flex e-con e-child\" data-id=\"782c471\" data-element_type=\"container\" data-e-type=\"container\" data-settings=\"{&quot;background_background&quot;:&quot;classic&quot;}\">\n\t\t<a class=\"elementor-element elementor-element-4c91701 e-con-full ratio1-1 e-flex e-con e-child\" data-id=\"4c91701\" data-element_type=\"container\" data-e-type=\"container\" data-settings=\"{&quot;background_background&quot;:&quot;classic&quot;}\" href=\"\/fr\/collecte-de-fonds\/collecte-de-fonds-par-telephone\/services-inbound\/\">\n\t\t\t\t<div class=\"elementor-element elementor-element-c07d680 elementor-widget elementor-widget-heading\" data-id=\"c07d680\" data-element_type=\"widget\" data-e-type=\"widget\" data-widget_type=\"heading.default\">\n\t\t\t\t<div class=\"elementor-widget-container\">\n\t\t\t\t\t<h3 class=\"elementor-heading-title elementor-size-default\">Services Inbound<\/h3>\t\t\t\t<\/div>\n\t\t\t\t<\/div>\n\t\t\t\t<div class=\"elementor-element elementor-element-e679394 p-2 elementor-widget elementor-widget-text-editor\" data-id=\"e679394\" data-element_type=\"widget\" data-e-type=\"widget\" data-widget_type=\"text-editor.default\">\n\t\t\t\t<div class=\"elementor-widget-container\">\n\t\t\t\t\t\t\t\t\t<p>En savoir plus<\/p>\t\t\t\t\t\t\t\t<\/div>\n\t\t\t\t<\/div>\n\t\t\t\t<\/a>\n\t\t\t\t<\/div>\n\t\t\t\t<\/div>\n\t\t\t\t<div class=\"elementor-element elementor-element-3061d57 elementor-widget elementor-widget-miga_slide_everything_title\" data-id=\"3061d57\" data-element_type=\"widget\" data-e-type=\"widget\" data-widget_type=\"miga_slide_everything_title.default\">\n\t\t\t\t\t<div class=\"miga_slide_everything\" data-mousewheel=\"0\" data-sliderId=\"#welcomecalls\" data-spv=\"3.4\" data-spvt=\"2.3\" data-spvp=\"1.6\" data-spacebetween=\"20\" data-loop=\"0\" data-centerSlides=\"0\" data-autoplay=\"0\" data-autoplay-reverse=\"0\" data-newmethod=\"1\" data-pagination=\"1\" data-arrows=\"1\" data-latestSwiper=\"\" data-dot-padding=\"-10\" data-touchmove=\"0\" data-freemode=\"0\" data-autoplay-delay=\"\"><\/div><style type=\"text\/css\">##welcomecalls .swiper-button-prev::after {content: none}##welcomecalls .swiper-button-next::after {content: none}##welcomecalls .swiper-button-prev {background-image: none } ##welcomecalls .swiper-button-next {background-image: none } ##welcomecalls .swiper-button-prev svg path {fill:} ##welcomecalls .swiper-button-next svg path {fill:} ##welcomecalls .swiper-button-prev:after {color:} ##welcomecalls .swiper-button-next:after {color:} ##welcomecalls .swiper-button-next, ##welcomecalls .swiper-button-prev {height:20px; width:12px} ##welcomecalls .swiper-button-prev {top:; bottom:; left:; right:;}##welcomecalls .swiper-button-next {top:; bottom:; left:; right:;}<\/style>\t\t\t\t<\/div>\n\t\t\t\t\t<\/div>\n\t\t\t\t<\/div>\n\t\t<div class=\"elementor-element elementor-element-e8db1b6 e-flex e-con-boxed e-con e-parent\" data-id=\"e8db1b6\" data-element_type=\"container\" data-e-type=\"container\">\n\t\t\t\t\t<div class=\"e-con-inner\">\n\t\t\t\t<div class=\"elementor-element elementor-element-9899ae8 kontrast-button elementor-widget elementor-widget-button\" data-id=\"9899ae8\" data-element_type=\"widget\" data-e-type=\"widget\" data-widget_type=\"button.default\">\n\t\t\t\t<div class=\"elementor-widget-container\">\n\t\t\t\t\t\t\t\t\t<div class=\"elementor-button-wrapper\">\n\t\t\t\t\t<a class=\"elementor-button elementor-button-link elementor-size-sm\" href=\"\/fr\/collecte-de-fonds\/collecte-de-fonds-par-telephone\/\">\n\t\t\t\t\t\t<span class=\"elementor-button-content-wrapper\">\n\t\t\t\t\t\t<span class=\"elementor-button-icon\">\n\t\t\t\t<svg xmlns=\"http:\/\/www.w3.org\/2000\/svg\" width=\"5\" height=\"7\" viewBox=\"0 0 5 7\" fill=\"none\"><path d=\"M0.5 0.490234L3.78013 3.5001L0.5 6.50997\" stroke=\"white\"><\/path><\/svg>\t\t\t<\/span>\n\t\t\t\t\t\t\t\t\t<span class=\"elementor-button-text\">Vers la collecte de fonds par t\u00e9l\u00e9phone<\/span>\n\t\t\t\t\t<\/span>\n\t\t\t\t\t<\/a>\n\t\t\t\t<\/div>\n\t\t\t\t\t\t\t\t<\/div>\n\t\t\t\t<\/div>\n\t\t\t\t\t<\/div>\n\t\t\t\t<\/div>\n\t\t\t\t<\/div>\n\t\t","protected":false},"excerpt":{"rendered":"<p>Prendre contact Appels de bienvenue pour les organisations \u00e0 but non lucratif Collecte de fonds par t\u00e9l\u00e9phone Les agents contactent les nouveaux et nouvelles donateur\u00b7rice\u00b7s issu\u00b7e\u00b7s de campagnes de stands d\u2019information ou de porte-\u00e0-porte dans les plus brefs d\u00e9lais et leur souhaitent chaleureusement la bienvenue au nom de l\u2019organisation caritative. Les questions ouvertes sont imm\u00e9diatement [&hellip;]<\/p>\n","protected":false},"author":2,"featured_media":13992,"parent":16638,"menu_order":2,"comment_status":"closed","ping_status":"closed","template":"","meta":{"_acf_changed":false,"inline_featured_image":false,"footnotes":""},"class_list":["post-16662","page","type-page","status-publish","has-post-thumbnail","hentry"],"acf":[],"_links":{"self":[{"href":"https:\/\/www.corris.com\/fr\/wp-json\/wp\/v2\/pages\/16662","targetHints":{"allow":["GET"]}}],"collection":[{"href":"https:\/\/www.corris.com\/fr\/wp-json\/wp\/v2\/pages"}],"about":[{"href":"https:\/\/www.corris.com\/fr\/wp-json\/wp\/v2\/types\/page"}],"author":[{"embeddable":true,"href":"https:\/\/www.corris.com\/fr\/wp-json\/wp\/v2\/users\/2"}],"replies":[{"embeddable":true,"href":"https:\/\/www.corris.com\/fr\/wp-json\/wp\/v2\/comments?post=16662"}],"version-history":[{"count":3,"href":"https:\/\/www.corris.com\/fr\/wp-json\/wp\/v2\/pages\/16662\/revisions"}],"predecessor-version":[{"id":23138,"href":"https:\/\/www.corris.com\/fr\/wp-json\/wp\/v2\/pages\/16662\/revisions\/23138"}],"up":[{"embeddable":true,"href":"https:\/\/www.corris.com\/fr\/wp-json\/wp\/v2\/pages\/16638"}],"wp:featuredmedia":[{"embeddable":true,"href":"https:\/\/www.corris.com\/fr\/wp-json\/wp\/v2\/media\/13992"}],"wp:attachment":[{"href":"https:\/\/www.corris.com\/fr\/wp-json\/wp\/v2\/media?parent=16662"}],"curies":[{"name":"wp","href":"https:\/\/api.w.org\/{rel}","templated":true}]}}