{"id":16674,"date":"2025-04-14T11:04:56","date_gmt":"2025-04-14T09:04:56","guid":{"rendered":"https:\/\/www.corris.com\/?page_id=16674"},"modified":"2026-03-11T14:59:33","modified_gmt":"2026-03-11T13:59:33","slug":"mentions-legales","status":"publish","type":"page","link":"https:\/\/www.corris.com\/fr\/mentions-legales\/","title":{"rendered":"Mentions l\u00e9gales"},"content":{"rendered":"\t\t<div data-elementor-type=\"wp-page\" data-elementor-id=\"16674\" class=\"elementor elementor-16674 elementor-6572\" data-elementor-post-type=\"page\">\n\t\t\t\t<div class=\"elementor-element elementor-element-a3a2451 e-flex e-con-boxed e-con e-parent\" data-id=\"a3a2451\" data-element_type=\"container\" data-e-type=\"container\">\n\t\t\t\t\t<div class=\"e-con-inner\">\n\t\t<div class=\"elementor-element elementor-element-9ca21a7 e-con-full e-flex e-con e-child\" data-id=\"9ca21a7\" data-element_type=\"container\" data-e-type=\"container\">\n\t\t\t\t<div class=\"elementor-element elementor-element-dc28042 elementor-widget elementor-widget-heading\" data-id=\"dc28042\" data-element_type=\"widget\" data-e-type=\"widget\" data-widget_type=\"heading.default\">\n\t\t\t\t<div class=\"elementor-widget-container\">\n\t\t\t\t\t<h1 class=\"elementor-heading-title elementor-size-default\">Mentions L\u00e9gales<\/h1>\t\t\t\t<\/div>\n\t\t\t\t<\/div>\n\t\t\t\t<div class=\"elementor-element elementor-element-5b4de43 elementor-widget elementor-widget-global elementor-global-18674 elementor-widget-text-editor\" data-id=\"5b4de43\" data-element_type=\"widget\" data-e-type=\"widget\" data-widget_type=\"text-editor.default\">\n\t\t\t\t<div class=\"elementor-widget-container\">\n\t\t\t\t\t\t\t\t\t<div class=\"page-content\"><div class=\"elementor elementor-18661\" data-elementor-type=\"widget\" data-elementor-id=\"18661\" data-elementor-post-type=\"elementor_library\"><div class=\"elementor-element elementor-element-16d28a6a p-2 elementor-widget elementor-widget-text-editor\" data-id=\"16d28a6a\" data-element_type=\"widget\" data-widget_type=\"text-editor.default\"><div class=\"elementor-widget-container\"><div class=\"entry-content\"><p>Corris SA<br \/>Hardturmstrasse 261<br \/>8005 Zurich<br \/>Suisse<\/p><p>+41 44 563 88 88<br \/><a href=\"mailto:info@corris.com\">info@corris.com<\/a><\/p><p>repr\u00e9sent\u00e9e par Baldwin Bakker, directeur<\/p><p>N\u00b0 de TVA CHE-109.276.112<br \/>\u00a9 Corris AG, Zurich<\/p><h2>Clause de non-responsabilit\u00e9<\/h2><p>L\u2019auteur n\u2019assume aucune responsabilit\u00e9 quant \u00e0 l\u2019exactitude, la pr\u00e9cision, l\u2019actualit\u00e9, la fiabilit\u00e9 et l\u2019exhaustivit\u00e9 du contenu des informations. L\u2019auteur ne saurait \u00eatre tenu responsable des dommages mat\u00e9riels ou immat\u00e9riels qui pourraient \u00eatre caus\u00e9s par l\u2019acc\u00e8s aux informations diffus\u00e9es ou par leur utilisation ou non-utilisation, par le mauvais usage de la connexion ou par des probl\u00e8mes techniques. Toutes les offres sont sans engagement. L\u2019auteur se r\u00e9serve express\u00e9ment le droit de modifier, de compl\u00e9ter ou de supprimer des parties de pages ou l\u2019ensemble de l\u2019offre sans avis pr\u00e9alable, ou d\u2019en suspendre temporairement ou d\u00e9finitivement la publication.<\/p><h2>Responsabilit\u00e9 pour les liens<\/h2><p>Les renvois et liens vers des sites Internet de tiers ne rel\u00e8vent pas de notre responsabilit\u00e9. Nous d\u00e9clinons toute responsabilit\u00e9 pour de tels sites. L\u2019acc\u00e8s \u00e0 de tels sites et leur utilisation se font aux risques et p\u00e9rils de l\u2019utilisateur ou de l\u2019utilisatrice.<\/p><h2>Droits d\u2019auteur<\/h2><p>Les droits d\u2019auteur et tous les autres droits relatifs aux contenus, images, photos ou autres fichiers pr\u00e9sents sur le site web appartiennent exclusivement \u00e0 la soci\u00e9t\u00e9 Corris AG ou aux titulaires de droits sp\u00e9cialement cit\u00e9s. Pour la reproduction de tout \u00e9l\u00e9ment, l\u2019accord \u00e9crit des d\u00e9tenteurs des droits d\u2019auteur doit \u00eatre obtenu au pr\u00e9alable.<\/p><\/div><\/div><\/div><\/div><\/div>\t\t\t\t\t\t\t\t<\/div>\n\t\t\t\t<\/div>\n\t\t\t\t<\/div>\n\t\t\t\t\t<\/div>\n\t\t\t\t<\/div>\n\t\t\t\t<\/div>\n\t\t","protected":false},"excerpt":{"rendered":"<p>Mentions L\u00e9gales Corris SAHardturmstrasse 2618005 ZurichSuisse 41 44 563 88 88Fax +41 44 563 88 99info@corris.com repr\u00e9sent\u00e9e par Baldwin Bakker, directeur N\u00b0 de TVA CHE-109.276.112\u00a9 Corris AG, Zurich Clause de non-responsabilit\u00e9 L\u2019auteur n\u2019assume aucune responsabilit\u00e9 quant \u00e0 l\u2019exactitude, la pr\u00e9cision, l\u2019actualit\u00e9, la fiabilit\u00e9 et l\u2019exhaustivit\u00e9 du contenu des informations. L\u2019auteur ne saurait \u00eatre tenu responsable [&hellip;]<\/p>\n","protected":false},"author":2,"featured_media":23941,"parent":0,"menu_order":80,"comment_status":"closed","ping_status":"closed","template":"","meta":{"_acf_changed":false,"inline_featured_image":false,"footnotes":""},"class_list":["post-16674","page","type-page","status-publish","has-post-thumbnail","hentry"],"acf":[],"_links":{"self":[{"href":"https:\/\/www.corris.com\/fr\/wp-json\/wp\/v2\/pages\/16674","targetHints":{"allow":["GET"]}}],"collection":[{"href":"https:\/\/www.corris.com\/fr\/wp-json\/wp\/v2\/pages"}],"about":[{"href":"https:\/\/www.corris.com\/fr\/wp-json\/wp\/v2\/types\/page"}],"author":[{"embeddable":true,"href":"https:\/\/www.corris.com\/fr\/wp-json\/wp\/v2\/users\/2"}],"replies":[{"embeddable":true,"href":"https:\/\/www.corris.com\/fr\/wp-json\/wp\/v2\/comments?post=16674"}],"version-history":[{"count":5,"href":"https:\/\/www.corris.com\/fr\/wp-json\/wp\/v2\/pages\/16674\/revisions"}],"predecessor-version":[{"id":25163,"href":"https:\/\/www.corris.com\/fr\/wp-json\/wp\/v2\/pages\/16674\/revisions\/25163"}],"wp:featuredmedia":[{"embeddable":true,"href":"https:\/\/www.corris.com\/fr\/wp-json\/wp\/v2\/media\/23941"}],"wp:attachment":[{"href":"https:\/\/www.corris.com\/fr\/wp-json\/wp\/v2\/media?parent=16674"}],"curies":[{"name":"wp","href":"https:\/\/api.w.org\/{rel}","templated":true}]}}