{"id":16705,"date":"2025-01-16T11:51:50","date_gmt":"2025-01-16T10:51:50","guid":{"rendered":"https:\/\/www.corris.com\/?page_id=16705"},"modified":"2026-01-08T16:22:18","modified_gmt":"2026-01-08T15:22:18","slug":"postes-vacants","status":"publish","type":"page","link":"https:\/\/www.corris.com\/fr\/postes-vacants\/","title":{"rendered":"Postes vacants"},"content":{"rendered":"\t\t<div data-elementor-type=\"wp-page\" data-elementor-id=\"16705\" class=\"elementor elementor-16705 elementor-2514\" data-elementor-post-type=\"page\">\n\t\t\t\t<div class=\"elementor-element elementor-element-a54860d e-flex e-con-boxed e-con e-parent\" data-id=\"a54860d\" data-element_type=\"container\" data-e-type=\"container\" data-settings=\"{&quot;background_background&quot;:&quot;classic&quot;}\">\n\t\t\t\t\t<div class=\"e-con-inner\">\n\t\t<div class=\"elementor-element elementor-element-bc7f232 e-con-full ratio-m2-3-1 e-flex e-con e-child\" data-id=\"bc7f232\" data-element_type=\"container\" data-e-type=\"container\" data-settings=\"{&quot;background_background&quot;:&quot;classic&quot;}\">\n\t\t\t\t<\/div>\n\t\t\t\t\t<\/div>\n\t\t\t\t<\/div>\n\t\t<div class=\"elementor-element elementor-element-f83b0af e-flex e-con-boxed e-con e-parent\" data-id=\"f83b0af\" data-element_type=\"container\" data-e-type=\"container\">\n\t\t\t\t\t<div class=\"e-con-inner\">\n\t\t<div class=\"elementor-element elementor-element-5271929 e-con-full e-flex e-con e-child\" data-id=\"5271929\" data-element_type=\"container\" data-e-type=\"container\">\n\t\t<div class=\"elementor-element elementor-element-ddb1764 e-grid e-con-full e-con e-child\" data-id=\"ddb1764\" data-element_type=\"container\" data-e-type=\"container\">\n\t\t<div class=\"elementor-element elementor-element-d4a9341 headline e-con-full e-flex e-con e-child\" data-id=\"d4a9341\" data-element_type=\"container\" data-e-type=\"container\">\n\t\t\t\t<div class=\"elementor-element elementor-element-9cdc7b6 t-1-1 desktop-fett elementor-widget elementor-widget-heading\" data-id=\"9cdc7b6\" data-element_type=\"widget\" data-e-type=\"widget\" data-widget_type=\"heading.default\">\n\t\t\t\t<div class=\"elementor-widget-container\">\n\t\t\t\t\t<h1 class=\"elementor-heading-title elementor-size-default\">Postes vacants<\/h1>\t\t\t\t<\/div>\n\t\t\t\t<\/div>\n\t\t\t\t<div class=\"elementor-element elementor-element-b897b46 t-1-2 elementor-widget elementor-widget-heading\" data-id=\"b897b46\" data-element_type=\"widget\" data-e-type=\"widget\" data-widget_type=\"heading.default\">\n\t\t\t\t<div class=\"elementor-widget-container\">\n\t\t\t\t\t<h1 class=\"elementor-heading-title elementor-size-default\">Au plaisir de te rencontrer !<\/h1>\t\t\t\t<\/div>\n\t\t\t\t<\/div>\n\t\t\t\t<\/div>\n\t\t\t\t<div class=\"elementor-element elementor-element-d7ea6e5 elementor-widget elementor-widget-text-editor\" data-id=\"d7ea6e5\" data-element_type=\"widget\" data-e-type=\"widget\" data-widget_type=\"text-editor.default\">\n\t\t\t\t<div class=\"elementor-widget-container\">\n\t\t\t\t\t\t\t\t\t<p>\u00a0<\/p><p>D\u00e9couvre de nombreuses opportunit\u00e9s d\u2019emploi chez nous \u2013 nous recherchons des personnes engag\u00e9es qui souhaitent \u0153uvrer ensemble pour un avenir meilleur.<\/p>\t\t\t\t\t\t\t\t<\/div>\n\t\t\t\t<\/div>\n\t\t\t\t<\/div>\n\t\t\t\t<\/div>\n\t\t\t\t\t<\/div>\n\t\t\t\t<\/div>\n\t\t<div class=\"elementor-element elementor-element-5022d2d e-flex e-con-boxed e-con e-parent\" data-id=\"5022d2d\" data-element_type=\"container\" data-e-type=\"container\">\n\t\t\t\t\t<div class=\"e-con-inner\">\n\t\t<div class=\"elementor-element elementor-element-0d19e41 e-con-full e-flex e-con e-child\" data-id=\"0d19e41\" data-element_type=\"container\" data-e-type=\"container\">\n\t\t\t\t<div class=\"elementor-element elementor-element-622bfee elementor-widget elementor-widget-html\" data-id=\"622bfee\" data-element_type=\"widget\" data-e-type=\"widget\" data-widget_type=\"html.default\">\n\t\t\t\t<div class=\"elementor-widget-container\">\n\t\t\t\t\t<div id=\"ostendisJobs\" class=\"ost-jobs\"><\/div>\t\t\t\t<\/div>\n\t\t\t\t<\/div>\n\t\t\t\t<\/div>\n\t\t\t\t\t<\/div>\n\t\t\t\t<\/div>\n\t\t<div class=\"elementor-element elementor-element-73c64e9 corris-carousel e-flex e-con-boxed e-con e-parent\" data-id=\"73c64e9\" data-element_type=\"container\" data-e-type=\"container\" data-settings=\"{&quot;background_background&quot;:&quot;classic&quot;}\">\n\t\t\t\t\t<div class=\"e-con-inner\">\n\t\t<div class=\"elementor-element elementor-element-9734968 e-con-full lg-bg e-flex e-con e-child\" data-id=\"9734968\" data-element_type=\"container\" data-e-type=\"container\" id=\"teamstimmen\">\n\t\t<div class=\"elementor-element elementor-element-079ed74 e-con-full first-slide e-flex e-con e-child\" data-id=\"079ed74\" data-element_type=\"container\" data-e-type=\"container\">\n\t\t\t\t<div class=\"elementor-element elementor-element-e20f743 t-2 elementor-widget elementor-widget-heading\" data-id=\"e20f743\" data-element_type=\"widget\" data-e-type=\"widget\" data-widget_type=\"heading.default\">\n\t\t\t\t<div class=\"elementor-widget-container\">\n\t\t\t\t\t<h1 class=\"elementor-heading-title elementor-size-default\">Ce que<br>disent<br>les \u00e9quipes<br><\/h1>\t\t\t\t<\/div>\n\t\t\t\t<\/div>\n\t\t\t\t<div class=\"elementor-element elementor-element-f0a5225 elementor-widget elementor-widget-image\" data-id=\"f0a5225\" data-element_type=\"widget\" data-e-type=\"widget\" data-widget_type=\"image.default\">\n\t\t\t\t<div class=\"elementor-widget-container\">\n\t\t\t\t\t\t\t\t\t\t\t\t\t\t\t<img decoding=\"async\" width=\"47\" height=\"36\" src=\"https:\/\/cdn.corris.com\/wp-content\/uploads\/2025\/06\/04133953\/arrow-semi-270.svg\" class=\"attachment-full size-full wp-image-13274\" alt=\"\" \/>\t\t\t\t\t\t\t\t\t\t\t\t\t\t\t<\/div>\n\t\t\t\t<\/div>\n\t\t\t\t<\/div>\n\t\t<div class=\"elementor-element elementor-element-5b8fca4 e-con-full dialoger-testimonial e-flex e-con e-child\" data-id=\"5b8fca4\" data-element_type=\"container\" data-e-type=\"container\">\n\t\t<a class=\"elementor-element elementor-element-c9856f9 e-con-full corris-carousel e-flex e-con e-child\" data-id=\"c9856f9\" data-element_type=\"container\" data-e-type=\"container\" data-settings=\"{&quot;background_background&quot;:&quot;classic&quot;}\" href=\"#t-phillipe\">\n\t\t\t\t<div class=\"elementor-element elementor-element-379f311 elementor-widget elementor-widget-image\" data-id=\"379f311\" data-element_type=\"widget\" data-e-type=\"widget\" data-widget_type=\"image.default\">\n\t\t\t\t<div class=\"elementor-widget-container\">\n\t\t\t\t\t\t\t\t\t\t\t\t\t\t\t<img fetchpriority=\"high\" decoding=\"async\" width=\"500\" height=\"500\" src=\"https:\/\/cdn.corris.com\/wp-content\/uploads\/2025\/04\/02132119\/corris-ueber-uns-leitung-zuerich-9-phillip-bucher.jpg\" class=\"attachment-full size-full wp-image-8995\" alt=\"Phillip Bucher\" srcset=\"https:\/\/cdn.corris.com\/wp-content\/uploads\/2025\/04\/02132119\/corris-ueber-uns-leitung-zuerich-9-phillip-bucher.jpg 500w, https:\/\/cdn.corris.com\/wp-content\/uploads\/2025\/04\/02132119\/corris-ueber-uns-leitung-zuerich-9-phillip-bucher-300x300.jpg 300w, https:\/\/cdn.corris.com\/wp-content\/uploads\/2025\/04\/02132119\/corris-ueber-uns-leitung-zuerich-9-phillip-bucher-150x150.jpg 150w\" sizes=\"(max-width: 500px) 100vw, 500px\" \/>\t\t\t\t\t\t\t\t\t\t\t\t\t\t\t<\/div>\n\t\t\t\t<\/div>\n\t\t\t\t<div class=\"elementor-element elementor-element-07b7f02 daloger-testimonial elementor-widget elementor-widget-n-accordion\" data-id=\"07b7f02\" data-element_type=\"widget\" data-e-type=\"widget\" data-settings=\"{&quot;default_state&quot;:&quot;all_collapsed&quot;,&quot;max_items_expended&quot;:&quot;one&quot;,&quot;n_accordion_animation_duration&quot;:{&quot;unit&quot;:&quot;ms&quot;,&quot;size&quot;:400,&quot;sizes&quot;:[]}}\" data-widget_type=\"nested-accordion.default\">\n\t\t\t\t<div class=\"elementor-widget-container\">\n\t\t\t\t\t\t\t<div class=\"e-n-accordion\" aria-label=\"Accordion. Open links with Enter or Space, close with Escape, and navigate with Arrow Keys\">\n\t\t\t\t\t\t<details id=\"t-phillipe\" class=\"e-n-accordion-item\" >\n\t\t\t\t<summary class=\"e-n-accordion-item-title\" data-accordion-index=\"1\" tabindex=\"0\" aria-expanded=\"false\" aria-controls=\"t-phillipe\" >\n\t\t\t\t\t<span class='e-n-accordion-item-title-header'><div class=\"e-n-accordion-item-title-text\"> <h3>Phillipe<\/h3><h4>Responsable de la gestion des donn\u00e9es<\/h4> <\/div><\/span>\n\t\t\t\t\t\t\t<span class='e-n-accordion-item-title-icon'>\n\t\t\t<span class='e-opened' ><svg xmlns=\"http:\/\/www.w3.org\/2000\/svg\" width=\"100%\" height=\"100%\" viewBox=\"0 0 34 34\" fill=\"none\"><circle cx=\"17\" cy=\"17\" r=\"16.5\" stroke=\"#1D1D1B\" fill=\"none\"><\/circle><path d=\"M14.4902 18.5099L17.5001 15.5099L20.51 18.5099\" stroke=\"#1D1D1B\" fill=\"none\"><\/path><\/svg><\/span>\n\t\t\t<span class='e-closed'><svg xmlns=\"http:\/\/www.w3.org\/2000\/svg\" width=\"100%\" height=\"100%\" viewBox=\"0 0 34 34\" fill=\"none\"><circle cx=\"17\" cy=\"17\" r=\"16.5\" transform=\"rotate(-180 17 17)\" stroke=\"#1D1D1B\" fill=\"none\"><\/circle><path d=\"M19.5099 15.4902L16.5 18.4902L13.4902 15.4902\" stroke=\"#1D1D1B\" fill=\"none\"><\/path><\/svg><\/span>\n\t\t<\/span>\n\n\t\t\t\t\t\t<\/summary>\n\t\t\t\t<div role=\"region\" aria-labelledby=\"t-phillipe\" class=\"elementor-element elementor-element-4150058 e-con-full e-flex e-con e-child\" data-id=\"4150058\" data-element_type=\"container\" data-e-type=\"container\">\n\t\t\t\t<div class=\"elementor-element elementor-element-1db3a76 elementor-widget elementor-widget-text-editor\" data-id=\"1db3a76\" data-element_type=\"widget\" data-e-type=\"widget\" data-widget_type=\"text-editor.default\">\n\t\t\t\t<div class=\"elementor-widget-container\">\n\t\t\t\t\t\t\t\t\t<p>\u00ab\u00a0Corris est tr\u00e8s humain, tout le monde est ouvert les uns envers les autres, l\u2019ambiance est coll\u00e9giale. Mon travail est passionnant, vari\u00e9 et gratifiant. J\u2019aime venir travailler et je trouve agr\u00e9able de faire quelque chose de vraiment utile\u00a0\u00bb.<\/p>\t\t\t\t\t\t\t\t<\/div>\n\t\t\t\t<\/div>\n\t\t\t\t<\/div>\n\t\t\t\t\t<\/details>\n\t\t\t\t\t<\/div>\n\t\t\t\t\t\t<\/div>\n\t\t\t\t<\/div>\n\t\t\t\t<\/a>\n\t\t\t\t<\/div>\n\t\t<div class=\"elementor-element elementor-element-9b6796e e-con-full dialoger-testimonial e-flex e-con e-child\" data-id=\"9b6796e\" data-element_type=\"container\" data-e-type=\"container\">\n\t\t<a class=\"elementor-element elementor-element-c3e49a5 e-con-full corris-carousel e-flex e-con e-child\" data-id=\"c3e49a5\" data-element_type=\"container\" data-e-type=\"container\" data-settings=\"{&quot;background_background&quot;:&quot;classic&quot;}\" href=\"#t-vjollca\">\n\t\t\t\t<div class=\"elementor-element elementor-element-4c67851 elementor-widget elementor-widget-image\" data-id=\"4c67851\" data-element_type=\"widget\" data-e-type=\"widget\" data-widget_type=\"image.default\">\n\t\t\t\t<div class=\"elementor-widget-container\">\n\t\t\t\t\t\t\t\t\t\t\t\t\t\t\t<img decoding=\"async\" width=\"500\" height=\"500\" src=\"https:\/\/cdn.corris.com\/wp-content\/uploads\/2025\/04\/02132117\/corris-ueber-uns-offene-stellen_testemonials-vjollca.jpg\" class=\"attachment-full size-full wp-image-9482\" alt=\"Vjollca\" srcset=\"https:\/\/cdn.corris.com\/wp-content\/uploads\/2025\/04\/02132117\/corris-ueber-uns-offene-stellen_testemonials-vjollca.jpg 500w, https:\/\/cdn.corris.com\/wp-content\/uploads\/2025\/04\/02132117\/corris-ueber-uns-offene-stellen_testemonials-vjollca-300x300.jpg 300w, https:\/\/cdn.corris.com\/wp-content\/uploads\/2025\/04\/02132117\/corris-ueber-uns-offene-stellen_testemonials-vjollca-150x150.jpg 150w\" sizes=\"(max-width: 500px) 100vw, 500px\" \/>\t\t\t\t\t\t\t\t\t\t\t\t\t\t\t<\/div>\n\t\t\t\t<\/div>\n\t\t\t\t<div class=\"elementor-element elementor-element-1f41c4b daloger-testimonial elementor-widget elementor-widget-n-accordion\" data-id=\"1f41c4b\" data-element_type=\"widget\" data-e-type=\"widget\" data-settings=\"{&quot;default_state&quot;:&quot;all_collapsed&quot;,&quot;max_items_expended&quot;:&quot;one&quot;,&quot;n_accordion_animation_duration&quot;:{&quot;unit&quot;:&quot;ms&quot;,&quot;size&quot;:400,&quot;sizes&quot;:[]}}\" data-widget_type=\"nested-accordion.default\">\n\t\t\t\t<div class=\"elementor-widget-container\">\n\t\t\t\t\t\t\t<div class=\"e-n-accordion\" aria-label=\"Accordion. Open links with Enter or Space, close with Escape, and navigate with Arrow Keys\">\n\t\t\t\t\t\t<details id=\"t-vjollca\" class=\"e-n-accordion-item\" >\n\t\t\t\t<summary class=\"e-n-accordion-item-title\" data-accordion-index=\"1\" tabindex=\"0\" aria-expanded=\"false\" aria-controls=\"t-vjollca\" >\n\t\t\t\t\t<span class='e-n-accordion-item-title-header'><div class=\"e-n-accordion-item-title-text\"> <h3>Vjollca<\/h3><h4>Sp\u00e9cialiste RH<\/h4> <\/div><\/span>\n\t\t\t\t\t\t\t<span class='e-n-accordion-item-title-icon'>\n\t\t\t<span class='e-opened' ><svg xmlns=\"http:\/\/www.w3.org\/2000\/svg\" width=\"100%\" height=\"100%\" viewBox=\"0 0 34 34\" fill=\"none\"><circle cx=\"17\" cy=\"17\" r=\"16.5\" stroke=\"#1D1D1B\" fill=\"none\"><\/circle><path d=\"M14.4902 18.5099L17.5001 15.5099L20.51 18.5099\" stroke=\"#1D1D1B\" fill=\"none\"><\/path><\/svg><\/span>\n\t\t\t<span class='e-closed'><svg xmlns=\"http:\/\/www.w3.org\/2000\/svg\" width=\"100%\" height=\"100%\" viewBox=\"0 0 34 34\" fill=\"none\"><circle cx=\"17\" cy=\"17\" r=\"16.5\" transform=\"rotate(-180 17 17)\" stroke=\"#1D1D1B\" fill=\"none\"><\/circle><path d=\"M19.5099 15.4902L16.5 18.4902L13.4902 15.4902\" stroke=\"#1D1D1B\" fill=\"none\"><\/path><\/svg><\/span>\n\t\t<\/span>\n\n\t\t\t\t\t\t<\/summary>\n\t\t\t\t<div role=\"region\" aria-labelledby=\"t-vjollca\" class=\"elementor-element elementor-element-46f43c9 e-con-full e-flex e-con e-child\" data-id=\"46f43c9\" data-element_type=\"container\" data-e-type=\"container\">\n\t\t\t\t<div class=\"elementor-element elementor-element-880184d elementor-widget elementor-widget-text-editor\" data-id=\"880184d\" data-element_type=\"widget\" data-e-type=\"widget\" data-widget_type=\"text-editor.default\">\n\t\t\t\t<div class=\"elementor-widget-container\">\n\t\t\t\t\t\t\t\t\t<p>\u00ab\u00a0Ce que j\u2019aime particuli\u00e8rement chez Corris, c\u2019est la culture ouverte et la valorisation de chaque personne.<br data-start=\"180\" data-end=\"183\" \/>La diversit\u00e9 de nos collaborateur\u00b7rice\u00b7s n\u2019est pas seulement accept\u00e9e ici, elle est activement v\u00e9cue \u2013 cela rend mon travail tr\u00e8s enrichissant\u00a0\u00bb.<\/p>\t\t\t\t\t\t\t\t<\/div>\n\t\t\t\t<\/div>\n\t\t\t\t<\/div>\n\t\t\t\t\t<\/details>\n\t\t\t\t\t<\/div>\n\t\t\t\t\t\t<\/div>\n\t\t\t\t<\/div>\n\t\t\t\t<\/a>\n\t\t\t\t<\/div>\n\t\t<div class=\"elementor-element elementor-element-1605d2e e-con-full dialoger-testimonial e-flex e-con e-child\" data-id=\"1605d2e\" data-element_type=\"container\" data-e-type=\"container\">\n\t\t<a class=\"elementor-element elementor-element-7606605 e-con-full corris-carousel e-flex e-con e-child\" data-id=\"7606605\" data-element_type=\"container\" data-e-type=\"container\" data-settings=\"{&quot;background_background&quot;:&quot;classic&quot;}\" href=\"#t-paul\">\n\t\t\t\t<div class=\"elementor-element elementor-element-fc9b9c6 elementor-widget elementor-widget-image\" data-id=\"fc9b9c6\" data-element_type=\"widget\" data-e-type=\"widget\" data-widget_type=\"image.default\">\n\t\t\t\t<div class=\"elementor-widget-container\">\n\t\t\t\t\t\t\t\t\t\t\t\t\t\t\t<img loading=\"lazy\" decoding=\"async\" width=\"500\" height=\"500\" src=\"https:\/\/cdn.corris.com\/wp-content\/uploads\/2025\/04\/02132117\/corris-ueber-uns-offene-stellen_testemonials-paul.jpg\" class=\"attachment-full size-full wp-image-9493\" alt=\"Paul\" srcset=\"https:\/\/cdn.corris.com\/wp-content\/uploads\/2025\/04\/02132117\/corris-ueber-uns-offene-stellen_testemonials-paul.jpg 500w, https:\/\/cdn.corris.com\/wp-content\/uploads\/2025\/04\/02132117\/corris-ueber-uns-offene-stellen_testemonials-paul-300x300.jpg 300w, https:\/\/cdn.corris.com\/wp-content\/uploads\/2025\/04\/02132117\/corris-ueber-uns-offene-stellen_testemonials-paul-150x150.jpg 150w\" sizes=\"(max-width: 500px) 100vw, 500px\" \/>\t\t\t\t\t\t\t\t\t\t\t\t\t\t\t<\/div>\n\t\t\t\t<\/div>\n\t\t\t\t<div class=\"elementor-element elementor-element-5cdaf9c daloger-testimonial elementor-widget elementor-widget-n-accordion\" data-id=\"5cdaf9c\" data-element_type=\"widget\" data-e-type=\"widget\" data-settings=\"{&quot;default_state&quot;:&quot;all_collapsed&quot;,&quot;max_items_expended&quot;:&quot;one&quot;,&quot;n_accordion_animation_duration&quot;:{&quot;unit&quot;:&quot;ms&quot;,&quot;size&quot;:400,&quot;sizes&quot;:[]}}\" data-widget_type=\"nested-accordion.default\">\n\t\t\t\t<div class=\"elementor-widget-container\">\n\t\t\t\t\t\t\t<div class=\"e-n-accordion\" aria-label=\"Accordion. Open links with Enter or Space, close with Escape, and navigate with Arrow Keys\">\n\t\t\t\t\t\t<details id=\"t-paul\" class=\"e-n-accordion-item\" >\n\t\t\t\t<summary class=\"e-n-accordion-item-title\" data-accordion-index=\"1\" tabindex=\"0\" aria-expanded=\"false\" aria-controls=\"t-paul\" >\n\t\t\t\t\t<span class='e-n-accordion-item-title-header'><div class=\"e-n-accordion-item-title-text\"> <h3>Paul<\/h3><h4>Communication visuelle<\/h4> <\/div><\/span>\n\t\t\t\t\t\t\t<span class='e-n-accordion-item-title-icon'>\n\t\t\t<span class='e-opened' ><svg xmlns=\"http:\/\/www.w3.org\/2000\/svg\" width=\"100%\" height=\"100%\" viewBox=\"0 0 34 34\" fill=\"none\"><circle cx=\"17\" cy=\"17\" r=\"16.5\" stroke=\"#1D1D1B\" fill=\"none\"><\/circle><path d=\"M14.4902 18.5099L17.5001 15.5099L20.51 18.5099\" stroke=\"#1D1D1B\" fill=\"none\"><\/path><\/svg><\/span>\n\t\t\t<span class='e-closed'><svg xmlns=\"http:\/\/www.w3.org\/2000\/svg\" width=\"100%\" height=\"100%\" viewBox=\"0 0 34 34\" fill=\"none\"><circle cx=\"17\" cy=\"17\" r=\"16.5\" transform=\"rotate(-180 17 17)\" stroke=\"#1D1D1B\" fill=\"none\"><\/circle><path d=\"M19.5099 15.4902L16.5 18.4902L13.4902 15.4902\" stroke=\"#1D1D1B\" fill=\"none\"><\/path><\/svg><\/span>\n\t\t<\/span>\n\n\t\t\t\t\t\t<\/summary>\n\t\t\t\t<div role=\"region\" aria-labelledby=\"t-paul\" class=\"elementor-element elementor-element-1882537 e-con-full e-flex e-con e-child\" data-id=\"1882537\" data-element_type=\"container\" data-e-type=\"container\">\n\t\t\t\t<div class=\"elementor-element elementor-element-a335335 elementor-widget elementor-widget-text-editor\" data-id=\"a335335\" data-element_type=\"widget\" data-e-type=\"widget\" data-widget_type=\"text-editor.default\">\n\t\t\t\t<div class=\"elementor-widget-container\">\n\t\t\t\t\t\t\t\t\t<p>\u00ab\u00a0Dans cette agence de collecte de fonds, je peux pleinement exprimer ma cr\u00e9ativit\u00e9 et, gr\u00e2ce \u00e0 mes designs, contribuer \u00e0 faire avancer des projets porteurs de sens. Je suis heureux de faire partie de la famille Corris!\u00a0\u00bb<\/p>\t\t\t\t\t\t\t\t<\/div>\n\t\t\t\t<\/div>\n\t\t\t\t<\/div>\n\t\t\t\t\t<\/details>\n\t\t\t\t\t<\/div>\n\t\t\t\t\t\t<\/div>\n\t\t\t\t<\/div>\n\t\t\t\t<\/a>\n\t\t\t\t<\/div>\n\t\t<div class=\"elementor-element elementor-element-4e45057 e-con-full dialoger-testimonial e-flex e-con e-child\" data-id=\"4e45057\" data-element_type=\"container\" data-e-type=\"container\">\n\t\t<a class=\"elementor-element elementor-element-d5d9e35 e-con-full corris-carousel e-flex e-con e-child\" data-id=\"d5d9e35\" data-element_type=\"container\" data-e-type=\"container\" data-settings=\"{&quot;background_background&quot;:&quot;classic&quot;}\" href=\"#t-susanne\">\n\t\t\t\t<div class=\"elementor-element elementor-element-55f8a81 elementor-widget elementor-widget-image\" data-id=\"55f8a81\" data-element_type=\"widget\" data-e-type=\"widget\" data-widget_type=\"image.default\">\n\t\t\t\t<div class=\"elementor-widget-container\">\n\t\t\t\t\t\t\t\t\t\t\t\t\t\t\t<img loading=\"lazy\" decoding=\"async\" width=\"500\" height=\"500\" src=\"https:\/\/cdn.corris.com\/wp-content\/uploads\/2025\/04\/02132117\/corris-ueber-uns-offene-stellen_testemonials-susanne.jpg\" class=\"attachment-full size-full wp-image-9497\" alt=\"Susanne\" srcset=\"https:\/\/cdn.corris.com\/wp-content\/uploads\/2025\/04\/02132117\/corris-ueber-uns-offene-stellen_testemonials-susanne.jpg 500w, https:\/\/cdn.corris.com\/wp-content\/uploads\/2025\/04\/02132117\/corris-ueber-uns-offene-stellen_testemonials-susanne-300x300.jpg 300w, https:\/\/cdn.corris.com\/wp-content\/uploads\/2025\/04\/02132117\/corris-ueber-uns-offene-stellen_testemonials-susanne-150x150.jpg 150w\" sizes=\"(max-width: 500px) 100vw, 500px\" \/>\t\t\t\t\t\t\t\t\t\t\t\t\t\t\t<\/div>\n\t\t\t\t<\/div>\n\t\t\t\t<div class=\"elementor-element elementor-element-c34e9da daloger-testimonial elementor-widget elementor-widget-n-accordion\" data-id=\"c34e9da\" data-element_type=\"widget\" data-e-type=\"widget\" data-settings=\"{&quot;default_state&quot;:&quot;all_collapsed&quot;,&quot;max_items_expended&quot;:&quot;one&quot;,&quot;n_accordion_animation_duration&quot;:{&quot;unit&quot;:&quot;ms&quot;,&quot;size&quot;:400,&quot;sizes&quot;:[]}}\" data-widget_type=\"nested-accordion.default\">\n\t\t\t\t<div class=\"elementor-widget-container\">\n\t\t\t\t\t\t\t<div class=\"e-n-accordion\" aria-label=\"Accordion. Open links with Enter or Space, close with Escape, and navigate with Arrow Keys\">\n\t\t\t\t\t\t<details id=\"t-susanne\" class=\"e-n-accordion-item\" >\n\t\t\t\t<summary class=\"e-n-accordion-item-title\" data-accordion-index=\"1\" tabindex=\"0\" aria-expanded=\"false\" aria-controls=\"t-susanne\" >\n\t\t\t\t\t<span class='e-n-accordion-item-title-header'><div class=\"e-n-accordion-item-title-text\"> <h3>Susanne<\/h3><h4>Responsable du service interne<\/h4> <\/div><\/span>\n\t\t\t\t\t\t\t<span class='e-n-accordion-item-title-icon'>\n\t\t\t<span class='e-opened' ><svg xmlns=\"http:\/\/www.w3.org\/2000\/svg\" width=\"100%\" height=\"100%\" viewBox=\"0 0 34 34\" fill=\"none\"><circle cx=\"17\" cy=\"17\" r=\"16.5\" stroke=\"#1D1D1B\" fill=\"none\"><\/circle><path d=\"M14.4902 18.5099L17.5001 15.5099L20.51 18.5099\" stroke=\"#1D1D1B\" fill=\"none\"><\/path><\/svg><\/span>\n\t\t\t<span class='e-closed'><svg xmlns=\"http:\/\/www.w3.org\/2000\/svg\" width=\"100%\" height=\"100%\" viewBox=\"0 0 34 34\" fill=\"none\"><circle cx=\"17\" cy=\"17\" r=\"16.5\" transform=\"rotate(-180 17 17)\" stroke=\"#1D1D1B\" fill=\"none\"><\/circle><path d=\"M19.5099 15.4902L16.5 18.4902L13.4902 15.4902\" stroke=\"#1D1D1B\" fill=\"none\"><\/path><\/svg><\/span>\n\t\t<\/span>\n\n\t\t\t\t\t\t<\/summary>\n\t\t\t\t<div role=\"region\" aria-labelledby=\"t-susanne\" class=\"elementor-element elementor-element-7ad05b6 e-con-full e-flex e-con e-child\" data-id=\"7ad05b6\" data-element_type=\"container\" data-e-type=\"container\">\n\t\t\t\t<div class=\"elementor-element elementor-element-dca782b elementor-widget elementor-widget-text-editor\" data-id=\"dca782b\" data-element_type=\"widget\" data-e-type=\"widget\" data-widget_type=\"text-editor.default\">\n\t\t\t\t<div class=\"elementor-widget-container\">\n\t\t\t\t\t\t\t\t\t<p>\u00ab\u00a0Chez Corris, mon avis et mon expertise sont appr\u00e9ci\u00e9s, et il r\u00e8gne une atmosph\u00e8re de travail ouverte et coop\u00e9rative. Cela me permet de mettre pleinement \u00e0 profit mes comp\u00e9tences et mon exp\u00e9rience, tout en collaborant \u00e9troitement avec mon \u00e9quipe\u00a0\u00bb.<\/p>\t\t\t\t\t\t\t\t<\/div>\n\t\t\t\t<\/div>\n\t\t\t\t<\/div>\n\t\t\t\t\t<\/details>\n\t\t\t\t\t<\/div>\n\t\t\t\t\t\t<\/div>\n\t\t\t\t<\/div>\n\t\t\t\t<\/a>\n\t\t\t\t<\/div>\n\t\t\t\t<\/div>\n\t\t\t\t<div class=\"elementor-element elementor-element-a903ecd elementor-widget elementor-widget-miga_slide_everything_title\" data-id=\"a903ecd\" data-element_type=\"widget\" data-e-type=\"widget\" data-widget_type=\"miga_slide_everything_title.default\">\n\t\t\t\t\t<div class=\"miga_slide_everything\" data-mousewheel=\"0\" data-sliderId=\"#teamstimmen\" data-spv=\"3.4\" data-spvt=\"2.8\" data-spvp=\"1.2\" data-spacebetween=\"20\" data-loop=\"0\" data-centerSlides=\"0\" data-autoplay=\"0\" data-autoplay-reverse=\"0\" data-newmethod=\"1\" data-pagination=\"1\" data-arrows=\"1\" data-latestSwiper=\"\" data-dot-padding=\"-10\" data-touchmove=\"0\" data-freemode=\"0\" data-autoplay-delay=\"\"><\/div><style type=\"text\/css\">##teamstimmen .swiper-button-prev::after {content: none}##teamstimmen .swiper-button-next::after {content: none}##teamstimmen .swiper-button-prev {background-image: none } ##teamstimmen .swiper-button-next {background-image: none } ##teamstimmen .swiper-button-prev svg path {fill:} ##teamstimmen .swiper-button-next svg path {fill:} ##teamstimmen .swiper-button-prev:after {color:} ##teamstimmen .swiper-button-next:after {color:} ##teamstimmen .swiper-button-next, ##teamstimmen .swiper-button-prev {height:20px; width:12px} ##teamstimmen .swiper-button-prev {top:; bottom:; left:; right:;}##teamstimmen .swiper-button-next {top:; bottom:; left:; right:;}<\/style>\t\t\t\t<\/div>\n\t\t\t\t\t<\/div>\n\t\t\t\t<\/div>\n\t\t\t\t<\/div>\n\t\t","protected":false},"excerpt":{"rendered":"<p>Postes vacants Au plaisir de te rencontrer ! \u00a0 D\u00e9couvre de nombreuses opportunit\u00e9s d\u2019emploi chez nous \u2013 nous recherchons des personnes engag\u00e9es qui souhaitent \u0153uvrer ensemble pour un avenir meilleur. Ce quedisentles \u00e9quipes Phillipe Responsable de la gestion des donn\u00e9es &#8222;Corris est tr\u00e8s humain, tout le monde est ouvert les uns envers les autres, l\u2019ambiance [&hellip;]<\/p>\n","protected":false},"author":2,"featured_media":22122,"parent":0,"menu_order":60,"comment_status":"closed","ping_status":"closed","template":"","meta":{"_acf_changed":false,"inline_featured_image":false,"footnotes":""},"class_list":["post-16705","page","type-page","status-publish","has-post-thumbnail","hentry"],"acf":[],"_links":{"self":[{"href":"https:\/\/www.corris.com\/fr\/wp-json\/wp\/v2\/pages\/16705","targetHints":{"allow":["GET"]}}],"collection":[{"href":"https:\/\/www.corris.com\/fr\/wp-json\/wp\/v2\/pages"}],"about":[{"href":"https:\/\/www.corris.com\/fr\/wp-json\/wp\/v2\/types\/page"}],"author":[{"embeddable":true,"href":"https:\/\/www.corris.com\/fr\/wp-json\/wp\/v2\/users\/2"}],"replies":[{"embeddable":true,"href":"https:\/\/www.corris.com\/fr\/wp-json\/wp\/v2\/comments?post=16705"}],"version-history":[{"count":3,"href":"https:\/\/www.corris.com\/fr\/wp-json\/wp\/v2\/pages\/16705\/revisions"}],"predecessor-version":[{"id":22957,"href":"https:\/\/www.corris.com\/fr\/wp-json\/wp\/v2\/pages\/16705\/revisions\/22957"}],"wp:featuredmedia":[{"embeddable":true,"href":"https:\/\/www.corris.com\/fr\/wp-json\/wp\/v2\/media\/22122"}],"wp:attachment":[{"href":"https:\/\/www.corris.com\/fr\/wp-json\/wp\/v2\/media?parent=16705"}],"curies":[{"name":"wp","href":"https:\/\/api.w.org\/{rel}","templated":true}]}}