{"id":16633,"date":"2024-10-16T08:52:57","date_gmt":"2024-10-16T06:52:57","guid":{"rendered":"https:\/\/www.corris.com\/?page_id=16633"},"modified":"2026-01-12T11:59:12","modified_gmt":"2026-01-12T10:59:12","slug":"raccolta-fondi-face-to-face","status":"publish","type":"page","link":"https:\/\/www.corris.com\/it\/raccolta-fondi\/raccolta-fondi-face-to-face\/","title":{"rendered":"Raccolta fondi Face-To-Face"},"content":{"rendered":"\t\t<div data-elementor-type=\"wp-page\" data-elementor-id=\"16633\" class=\"elementor elementor-16633 elementor-804\" data-elementor-post-type=\"page\">\n\t\t\t\t<div class=\"elementor-element elementor-element-1fc3d3d e-flex e-con-boxed e-con e-parent\" data-id=\"1fc3d3d\" data-element_type=\"container\" data-e-type=\"container\" data-settings=\"{&quot;background_background&quot;:&quot;classic&quot;}\">\n\t\t\t\t\t<div class=\"e-con-inner\">\n\t\t<div class=\"elementor-element elementor-element-8440092 e-con-full ratio-m2-3-1 e-flex e-con e-child\" data-id=\"8440092\" data-element_type=\"container\" data-e-type=\"container\" data-settings=\"{&quot;background_background&quot;:&quot;classic&quot;}\">\n\t\t\t\t<\/div>\n\t\t\t\t\t<\/div>\n\t\t\t\t<\/div>\n\t\t<div class=\"elementor-element elementor-element-65ddbba e-flex e-con-boxed e-con e-child\" data-id=\"65ddbba\" data-element_type=\"container\" data-e-type=\"container\" data-settings=\"{&quot;sticky&quot;:&quot;top&quot;,&quot;sticky_offset&quot;:120,&quot;sticky_offset_mobile_extra&quot;:70,&quot;sticky_on&quot;:[&quot;desktop&quot;,&quot;laptop&quot;,&quot;tablet_extra&quot;,&quot;tablet&quot;,&quot;mobile_extra&quot;,&quot;mobile&quot;],&quot;sticky_effects_offset&quot;:0,&quot;sticky_anchor_link_offset&quot;:0}\">\n\t\t\t\t\t<div class=\"e-con-inner\">\n\t\t\t\t<div class=\"elementor-element elementor-element-09d2e5c elementor-align-center style2 holobutton-single elementor-widget elementor-widget-button\" data-id=\"09d2e5c\" data-element_type=\"widget\" data-e-type=\"widget\" data-widget_type=\"button.default\">\n\t\t\t\t<div class=\"elementor-widget-container\">\n\t\t\t\t\t\t\t\t\t<div class=\"elementor-button-wrapper\">\n\t\t\t\t\t<a class=\"elementor-button elementor-button-link elementor-size-sm\" href=\"\/it\/contatti\/\">\n\t\t\t\t\t\t<span class=\"elementor-button-content-wrapper\">\n\t\t\t\t\t\t<span class=\"elementor-button-icon\">\n\t\t\t\t<svg xmlns=\"http:\/\/www.w3.org\/2000\/svg\" width=\"5\" height=\"7\" viewBox=\"0 0 5 7\" fill=\"none\"><path d=\"M0.5 0.490234L3.78013 3.5001L0.5 6.50997\" stroke=\"white\"><\/path><\/svg>\t\t\t<\/span>\n\t\t\t\t\t\t\t\t\t<span class=\"elementor-button-text\">Contattaci<\/span>\n\t\t\t\t\t<\/span>\n\t\t\t\t\t<\/a>\n\t\t\t\t<\/div>\n\t\t\t\t\t\t\t\t<\/div>\n\t\t\t\t<\/div>\n\t\t\t\t\t<\/div>\n\t\t\t\t<\/div>\n\t\t<div class=\"elementor-element elementor-element-afa05ac e-flex e-con-boxed e-con e-parent\" data-id=\"afa05ac\" data-element_type=\"container\" data-e-type=\"container\">\n\t\t\t\t\t<div class=\"e-con-inner\">\n\t\t<div class=\"elementor-element elementor-element-2e22de2 e-con-full e-flex e-con e-child\" data-id=\"2e22de2\" data-element_type=\"container\" data-e-type=\"container\">\n\t\t\t\t<div class=\"elementor-element elementor-element-5ea3988 elementor-widget elementor-widget-heading\" data-id=\"5ea3988\" data-element_type=\"widget\" data-e-type=\"widget\" data-widget_type=\"heading.default\">\n\t\t\t\t<div class=\"elementor-widget-container\">\n\t\t\t\t\t<h1 class=\"elementor-heading-title elementor-size-default\">Raccolta fondi Face-to-Face per le organizzazioni no profit<\/h1>\t\t\t\t<\/div>\n\t\t\t\t<\/div>\n\t\t\t\t<div class=\"elementor-element elementor-element-fe51559 p-2 fundraising-title-link elementor-widget elementor-widget-text-editor\" data-id=\"fe51559\" data-element_type=\"widget\" data-e-type=\"widget\" data-widget_type=\"text-editor.default\">\n\t\t\t\t<div class=\"elementor-widget-container\">\n\t\t\t\t\t\t\t\t\t<p><a href=\"\/it\/raccolta-fondi\/\">Servizi di raccolta fondi<\/a><\/p>\t\t\t\t\t\t\t\t<\/div>\n\t\t\t\t<\/div>\n\t\t\t\t<\/div>\n\t\t<div class=\"elementor-element elementor-element-30fefa7 e-con-full e-flex e-con e-child\" data-id=\"30fefa7\" data-element_type=\"container\" data-e-type=\"container\">\n\t\t\t\t<div class=\"elementor-element elementor-element-022ff72 elementor-widget-divider--view-line elementor-widget elementor-widget-divider\" data-id=\"022ff72\" data-element_type=\"widget\" data-e-type=\"widget\" data-widget_type=\"divider.default\">\n\t\t\t\t<div class=\"elementor-widget-container\">\n\t\t\t\t\t\t\t<div class=\"elementor-divider\">\n\t\t\t<span class=\"elementor-divider-separator\">\n\t\t\t\t\t\t<\/span>\n\t\t<\/div>\n\t\t\t\t\t\t<\/div>\n\t\t\t\t<\/div>\n\t\t\t\t<div class=\"elementor-element elementor-element-0b5c069 elementor-widget elementor-widget-text-editor\" data-id=\"0b5c069\" data-element_type=\"widget\" data-e-type=\"widget\" data-widget_type=\"text-editor.default\">\n\t\t\t\t<div class=\"elementor-widget-container\">\n\t\t\t\t\t\t\t\t\t<p>Le campagne con stand informativi, note anche come raccolta fondi Face-to-Face, sono un investimento affidabile per il futuro di un&#8217;organizzazione di pubblica utilit\u00e0. Permettono di informare un gran numero di persone sulle tematiche di un&#8217;organizzazione e di aumentare significativamente il livello di consapevolezza. Inoltre, si ottengono molti donatori fedeli.<\/p>\t\t\t\t\t\t\t\t<\/div>\n\t\t\t\t<\/div>\n\t\t\t\t<div class=\"elementor-element elementor-element-9859f42 elementor-widget-divider--view-line elementor-widget elementor-widget-divider\" data-id=\"9859f42\" data-element_type=\"widget\" data-e-type=\"widget\" data-widget_type=\"divider.default\">\n\t\t\t\t<div class=\"elementor-widget-container\">\n\t\t\t\t\t\t\t<div class=\"elementor-divider\">\n\t\t\t<span class=\"elementor-divider-separator\">\n\t\t\t\t\t\t<\/span>\n\t\t<\/div>\n\t\t\t\t\t\t<\/div>\n\t\t\t\t<\/div>\n\t\t\t\t<\/div>\n\t\t<div class=\"elementor-element elementor-element-cfc3c6a e-con-full e-flex e-con e-child\" data-id=\"cfc3c6a\" data-element_type=\"container\" data-e-type=\"container\">\n\t\t\t\t<div class=\"elementor-element elementor-element-c335432 elementor-widget elementor-widget-heading\" data-id=\"c335432\" data-element_type=\"widget\" data-e-type=\"widget\" data-widget_type=\"heading.default\">\n\t\t\t\t<div class=\"elementor-widget-container\">\n\t\t\t\t\t<h2 class=\"elementor-heading-title elementor-size-default\">Raggiungere i*le giovani donatori*trici<\/h2>\t\t\t\t<\/div>\n\t\t\t\t<\/div>\n\t\t\t\t<div class=\"elementor-element elementor-element-48afff4 p-2 elementor-widget elementor-widget-text-editor\" data-id=\"48afff4\" data-element_type=\"widget\" data-e-type=\"widget\" data-widget_type=\"text-editor.default\">\n\t\t\t\t<div class=\"elementor-widget-container\">\n\t\t\t\t\t\t\t\t\t<p>Rispetto ad altre misure di raccolta fondi, il Face-to-Face fundraising e le campagne con stand informativi di Corris consentono alle organizzazioni di pubblica utilit\u00e0 di attrarre un numero sorprendente di donatori*trici giovani e fedeli. L&#8217;80% dei*delle nuovi*e donatori*trici effettua pi\u00f9 donazioni, un risultato sorprendente! Altrettanto notevole \u00e8 l&#8217;importo delle donazioni, superiore alla media. Inoltre, molti dei*delle donatori*trici appartengono alla fascia di et\u00e0 compresa tra i 18 e i 30 anni, difficile da raggiungere con gli strumenti tradizionali di raccolta fondi. In questo modo, le organizzazioni no profit ottengono nel lungo periodo un ritorno multiplo per ogni franco investito.<\/p>\t\t\t\t\t\t\t\t<\/div>\n\t\t\t\t<\/div>\n\t\t\t\t<div class=\"elementor-element elementor-element-91f9cbc elementor-widget elementor-widget-heading\" data-id=\"91f9cbc\" data-element_type=\"widget\" data-e-type=\"widget\" data-widget_type=\"heading.default\">\n\t\t\t\t<div class=\"elementor-widget-container\">\n\t\t\t\t\t<h2 class=\"elementor-heading-title elementor-size-default\">Dialogatori*trici motivati*e e autentici*che<\/h2>\t\t\t\t<\/div>\n\t\t\t\t<\/div>\n\t\t\t\t<div class=\"elementor-element elementor-element-e62d409 p-2 elementor-widget elementor-widget-text-editor\" data-id=\"e62d409\" data-element_type=\"widget\" data-e-type=\"widget\" data-widget_type=\"text-editor.default\">\n\t\t\t\t<div class=\"elementor-widget-container\">\n\t\t\t\t\t\t\t\t\t<p>I*Le dialogatori*trici &#8211; cos\u00ec chiamiamo i*le nostri*e collaboratori*trici agli stand informativi &#8211; sono principalmente giovani che stanno seguendo una formazione, vogliono cambiare carriera o stanno facendo un anno sabbatico. Reclutiamo questo gruppo target giovane tramite Google AdWords, social media e portali di ricerca lavoro. I*Le candidati*e pi\u00f9 idonei*e vengono selezionati*e attraverso un processo di valutazione a pi\u00f9 fasi, in cui diamo molta importanza all&#8217;aspetto, alla spontaneit\u00e0 e alle capacit\u00e0 di comunicazione. Un&#8217;attenta formazione in stretta collaborazione con l&#8217;organizzazione no profit e controlli regolari da parte di Corris assicurano che i*le nostri*e dialogatori*trici siano in grado di portare a termine un buon dialogo.<\/p>\t\t\t\t\t\t\t\t<\/div>\n\t\t\t\t<\/div>\n\t\t\t\t<div class=\"elementor-element elementor-element-3df03e5 elementor-widget elementor-widget-heading\" data-id=\"3df03e5\" data-element_type=\"widget\" data-e-type=\"widget\" data-widget_type=\"heading.default\">\n\t\t\t\t<div class=\"elementor-widget-container\">\n\t\t\t\t\t<h2 class=\"elementor-heading-title elementor-size-default\">Consulenza strategica<\/h2>\t\t\t\t<\/div>\n\t\t\t\t<\/div>\n\t\t\t\t<div class=\"elementor-element elementor-element-087d5db p-2 elementor-widget elementor-widget-text-editor\" data-id=\"087d5db\" data-element_type=\"widget\" data-e-type=\"widget\" data-widget_type=\"text-editor.default\">\n\t\t\t\t<div class=\"elementor-widget-container\">\n\t\t\t\t\t\t\t\t\t<p>Forniamo consulenza ai nostri clienti sui contenuti delle campagne, sull&#8217;implementazione e sul design dei prodotti. Creiamo inoltre previsioni affidabili a lungo termine dei costi e dei ricavi previsti per diversi anni. Ci occupiamo dei processi di autorizzazione,\u00a0 se necessario forniamo supporto per la progettazione e la produzione di tutto il materiale pubblicitario della campagna e costruiamo il team ideale di dialogatori*trici. I*Le responsabili della campagna collaborano con i*le Coach per monitorare l&#8217;evoluzione della campagna di raccolta fondi Face-to-Face e si occupano della formazione e della motivazione dei*delle dialogatori*trici.<\/p>\t\t\t\t\t\t\t\t<\/div>\n\t\t\t\t<\/div>\n\t\t\t\t<div class=\"elementor-element elementor-element-2f33522 elementor-widget elementor-widget-heading\" data-id=\"2f33522\" data-element_type=\"widget\" data-e-type=\"widget\" data-widget_type=\"heading.default\">\n\t\t\t\t<div class=\"elementor-widget-container\">\n\t\t\t\t\t<h2 class=\"elementor-heading-title elementor-size-default\">Analisi trasparenti<\/h2>\t\t\t\t<\/div>\n\t\t\t\t<\/div>\n\t\t\t\t<div class=\"elementor-element elementor-element-62e183f p-2 elementor-widget elementor-widget-text-editor\" data-id=\"62e183f\" data-element_type=\"widget\" data-e-type=\"widget\" data-widget_type=\"text-editor.default\">\n\t\t\t\t<div class=\"elementor-widget-container\">\n\t\t\t\t\t\t\t\t\t<p>I nostri clienti hanno accesso esclusivo ai risultati della campagna tramite Power BI e possono visualizzare i risultati qualitativi e quantitativi della loro campagna in qualsiasi momento. Grazie a un dialogo intensivo durante la campagna con i*le Responsabili regionali e gli esperti dei dati, i nostri clienti hanno sempre sotto controllo i costi, le entrate previste e i risultati. Le singole promesse di donazione vengono registrate nel nostro sistema di database, controllate, corrette se necessario e inoltrate per la successiva elaborazione.<\/p>\t\t\t\t\t\t\t\t<\/div>\n\t\t\t\t<\/div>\n\t\t\t\t<div class=\"elementor-element elementor-element-bb53e30 elementor-widget elementor-widget-heading\" data-id=\"bb53e30\" data-element_type=\"widget\" data-e-type=\"widget\" data-widget_type=\"heading.default\">\n\t\t\t\t<div class=\"elementor-widget-container\">\n\t\t\t\t\t<h2 class=\"elementor-heading-title elementor-size-default\">Il database di postazioni pi\u00f9 completo della Svizzera<\/h2>\t\t\t\t<\/div>\n\t\t\t\t<\/div>\n\t\t\t\t<div class=\"elementor-element elementor-element-46583fb p-2 elementor-widget elementor-widget-text-editor\" data-id=\"46583fb\" data-element_type=\"widget\" data-e-type=\"widget\" data-widget_type=\"text-editor.default\">\n\t\t\t\t<div class=\"elementor-widget-container\">\n\t\t\t\t\t\t\t\t\t<p>Con il nostro database di postazioni, sviluppato e costantemente aggiornato da oltre 30 anni, creiamo un piano di campagna ottimale per le ONP. Questo database elenca tutte le possibili ubicazioni di stand informativi su terreni pubblici e privati in Svizzera, comprese le persone di contatto per le autorizzazioni e le eventuali restrizioni. Ci\u00f2 significa quanto spesso e con quale frequenza un sito pu\u00f2 essere utilizzato da un&#8217;organizzazione no profit per le campagne con stand informativi. Vengono registrate anche tutte le informazioni pertinenti, come la frequenza dei pedoni e l&#8217;idoneit\u00e0 alle condizioni atmosferiche. Per gli stand su suolo privato, spesso abbiamo accordi di utilizzo esclusivo per le campagne con stand informativi.<\/p>\t\t\t\t\t\t\t\t<\/div>\n\t\t\t\t<\/div>\n\t\t\t\t<\/div>\n\t\t\t\t\t<\/div>\n\t\t\t\t<\/div>\n\t\t<div class=\"elementor-element elementor-element-f6dfcab corris-carousel e-flex e-con-boxed e-con e-parent\" data-id=\"f6dfcab\" data-element_type=\"container\" data-e-type=\"container\" data-settings=\"{&quot;background_background&quot;:&quot;classic&quot;}\">\n\t\t\t\t\t<div class=\"e-con-inner\">\n\t\t<div class=\"elementor-element elementor-element-b574ba0 e-con-full lg-bg e-flex e-con e-child\" data-id=\"b574ba0\" data-element_type=\"container\" data-e-type=\"container\" id=\"furtherfundraising\">\n\t\t<div class=\"elementor-element elementor-element-d3d2055 e-con-full ratio1-1 first-slide e-flex e-con e-child\" data-id=\"d3d2055\" data-element_type=\"container\" data-e-type=\"container\" data-settings=\"{&quot;background_background&quot;:&quot;classic&quot;}\">\n\t\t\t\t<div class=\"elementor-element elementor-element-200ca20 t-2 elementor-widget elementor-widget-heading\" data-id=\"200ca20\" data-element_type=\"widget\" data-e-type=\"widget\" data-widget_type=\"heading.default\">\n\t\t\t\t<div class=\"elementor-widget-container\">\n\t\t\t\t\t<h1 class=\"elementor-heading-title elementor-size-default\">Altri servizi<br><\/h1>\t\t\t\t<\/div>\n\t\t\t\t<\/div>\n\t\t\t\t<div class=\"elementor-element elementor-element-dff72bb elementor-widget elementor-widget-image\" data-id=\"dff72bb\" data-element_type=\"widget\" data-e-type=\"widget\" data-widget_type=\"image.default\">\n\t\t\t\t<div class=\"elementor-widget-container\">\n\t\t\t\t\t\t\t\t\t\t\t\t\t\t\t<img decoding=\"async\" width=\"47\" height=\"36\" src=\"https:\/\/cdn.corris.com\/wp-content\/uploads\/2025\/06\/04133953\/arrow-semi-270.svg\" class=\"attachment-full size-full wp-image-13275\" alt=\"\" \/>\t\t\t\t\t\t\t\t\t\t\t\t\t\t\t<\/div>\n\t\t\t\t<\/div>\n\t\t\t\t<\/div>\n\t\t<div class=\"elementor-element elementor-element-a6953fb e-con-full ratio1-1 e-flex e-con e-child\" data-id=\"a6953fb\" data-element_type=\"container\" data-e-type=\"container\" data-settings=\"{&quot;background_background&quot;:&quot;classic&quot;}\">\n\t\t<a class=\"elementor-element elementor-element-bb8286f e-con-full ratio1-1 e-flex e-con e-child\" data-id=\"bb8286f\" data-element_type=\"container\" data-e-type=\"container\" href=\"\/it\/raccolta-fondi\/raccolta-fondi-telefonica\/\">\n\t\t\t\t<div class=\"elementor-element elementor-element-70d1ab6 elementor-widget elementor-widget-heading\" data-id=\"70d1ab6\" data-element_type=\"widget\" data-e-type=\"widget\" data-widget_type=\"heading.default\">\n\t\t\t\t<div class=\"elementor-widget-container\">\n\t\t\t\t\t<h3 class=\"elementor-heading-title elementor-size-default\">Raccolta fondi telefonica<br>per le ONP<\/h3>\t\t\t\t<\/div>\n\t\t\t\t<\/div>\n\t\t\t\t<div class=\"elementor-element elementor-element-3a1db0a p-2 elementor-widget elementor-widget-text-editor\" data-id=\"3a1db0a\" data-element_type=\"widget\" data-e-type=\"widget\" data-widget_type=\"text-editor.default\">\n\t\t\t\t<div class=\"elementor-widget-container\">\n\t\t\t\t\t\t\t\t\t<p>Per saperne di pi\u00f9<\/p>\t\t\t\t\t\t\t\t<\/div>\n\t\t\t\t<\/div>\n\t\t\t\t<\/a>\n\t\t\t\t<\/div>\n\t\t<div class=\"elementor-element elementor-element-c602f9e e-con-full ratio1-1 e-flex e-con e-child\" data-id=\"c602f9e\" data-element_type=\"container\" data-e-type=\"container\" data-settings=\"{&quot;background_background&quot;:&quot;classic&quot;}\">\n\t\t<a class=\"elementor-element elementor-element-e468c0b e-con-full ratio1-1 e-flex e-con e-child\" data-id=\"e468c0b\" data-element_type=\"container\" data-e-type=\"container\" data-settings=\"{&quot;background_background&quot;:&quot;classic&quot;}\" href=\"\/it\/raccolta-fondi\/gestione-dei-dati\/\">\n\t\t\t\t<div class=\"elementor-element elementor-element-f19b692 elementor-widget elementor-widget-heading\" data-id=\"f19b692\" data-element_type=\"widget\" data-e-type=\"widget\" data-widget_type=\"heading.default\">\n\t\t\t\t<div class=\"elementor-widget-container\">\n\t\t\t\t\t<h3 class=\"elementor-heading-title elementor-size-default\">Gestione dei dati<br>per le ONP<\/h3>\t\t\t\t<\/div>\n\t\t\t\t<\/div>\n\t\t\t\t<div class=\"elementor-element elementor-element-b00883c p-2 elementor-widget elementor-widget-text-editor\" data-id=\"b00883c\" data-element_type=\"widget\" data-e-type=\"widget\" data-widget_type=\"text-editor.default\">\n\t\t\t\t<div class=\"elementor-widget-container\">\n\t\t\t\t\t\t\t\t\t<p>Per saperne di pi\u00f9<\/p>\t\t\t\t\t\t\t\t<\/div>\n\t\t\t\t<\/div>\n\t\t\t\t<\/a>\n\t\t\t\t<\/div>\n\t\t\t\t<\/div>\n\t\t\t\t<div class=\"elementor-element elementor-element-a37649b elementor-widget elementor-widget-miga_slide_everything_title\" data-id=\"a37649b\" data-element_type=\"widget\" data-e-type=\"widget\" data-widget_type=\"miga_slide_everything_title.default\">\n\t\t\t\t\t<div class=\"miga_slide_everything\" data-mousewheel=\"0\" data-sliderId=\"#furtherfundraising\" data-spv=\"3.4\" data-spvt=\"2\" data-spvp=\"1.3\" data-spacebetween=\"20\" data-loop=\"0\" data-centerSlides=\"0\" data-autoplay=\"0\" data-autoplay-reverse=\"0\" data-newmethod=\"1\" data-pagination=\"1\" data-arrows=\"1\" data-latestSwiper=\"\" data-dot-padding=\"-10\" data-touchmove=\"0\" data-freemode=\"0\" data-autoplay-delay=\"\"><\/div><style type=\"text\/css\">##furtherfundraising .swiper-button-prev::after {content: none}##furtherfundraising .swiper-button-next::after {content: none}##furtherfundraising .swiper-button-prev {background-image: none } ##furtherfundraising .swiper-button-next {background-image: none } ##furtherfundraising .swiper-button-prev svg path {fill:} ##furtherfundraising .swiper-button-next svg path {fill:} ##furtherfundraising .swiper-button-prev:after {color:} ##furtherfundraising .swiper-button-next:after {color:} ##furtherfundraising .swiper-button-next, ##furtherfundraising .swiper-button-prev {height:20px; width:12px} ##furtherfundraising .swiper-button-prev {top:; bottom:; left:; right:;}##furtherfundraising .swiper-button-next {top:; bottom:; left:; right:;}<\/style>\t\t\t\t<\/div>\n\t\t\t\t\t<\/div>\n\t\t\t\t<\/div>\n\t\t<div class=\"elementor-element elementor-element-70eb147 e-flex e-con-boxed e-con e-parent\" data-id=\"70eb147\" data-element_type=\"container\" data-e-type=\"container\">\n\t\t\t\t\t<div class=\"e-con-inner\">\n\t\t\t\t<div class=\"elementor-element elementor-element-1379d5f kontrast-button elementor-widget elementor-widget-button\" data-id=\"1379d5f\" data-element_type=\"widget\" data-e-type=\"widget\" data-widget_type=\"button.default\">\n\t\t\t\t<div class=\"elementor-widget-container\">\n\t\t\t\t\t\t\t\t\t<div class=\"elementor-button-wrapper\">\n\t\t\t\t\t<a class=\"elementor-button elementor-button-link elementor-size-sm\" href=\"\/it\/raccolta-fondi\/\">\n\t\t\t\t\t\t<span class=\"elementor-button-content-wrapper\">\n\t\t\t\t\t\t<span class=\"elementor-button-icon\">\n\t\t\t\t<svg xmlns=\"http:\/\/www.w3.org\/2000\/svg\" width=\"5\" height=\"7\" viewBox=\"0 0 5 7\" fill=\"none\"><path d=\"M0.5 0.490234L3.78013 3.5001L0.5 6.50997\" stroke=\"white\"><\/path><\/svg>\t\t\t<\/span>\n\t\t\t\t\t\t\t\t\t<span class=\"elementor-button-text\">Alla raccolta fondi<\/span>\n\t\t\t\t\t<\/span>\n\t\t\t\t\t<\/a>\n\t\t\t\t<\/div>\n\t\t\t\t\t\t\t\t<\/div>\n\t\t\t\t<\/div>\n\t\t\t\t\t<\/div>\n\t\t\t\t<\/div>\n\t\t\t\t<\/div>\n\t\t","protected":false},"excerpt":{"rendered":"<p>Contattaci Raccolta fondi Face-to-Face per le organizzazioni no profit Servizi di raccolta fondi Le campagne con stand informativi, note anche come raccolta fondi Face-to-Face, sono un investimento affidabile per il futuro di un&#8217;organizzazione di pubblica utilit\u00e0. Permettono di informare un gran numero di persone sulle tematiche di un&#8217;organizzazione e di aumentare significativamente il livello di [&hellip;]<\/p>\n","protected":false},"author":2,"featured_media":13906,"parent":16620,"menu_order":1,"comment_status":"closed","ping_status":"closed","template":"","meta":{"_acf_changed":false,"inline_featured_image":false,"footnotes":""},"class_list":["post-16633","page","type-page","status-publish","has-post-thumbnail","hentry"],"acf":[],"_links":{"self":[{"href":"https:\/\/www.corris.com\/it\/wp-json\/wp\/v2\/pages\/16633","targetHints":{"allow":["GET"]}}],"collection":[{"href":"https:\/\/www.corris.com\/it\/wp-json\/wp\/v2\/pages"}],"about":[{"href":"https:\/\/www.corris.com\/it\/wp-json\/wp\/v2\/types\/page"}],"author":[{"embeddable":true,"href":"https:\/\/www.corris.com\/it\/wp-json\/wp\/v2\/users\/2"}],"replies":[{"embeddable":true,"href":"https:\/\/www.corris.com\/it\/wp-json\/wp\/v2\/comments?post=16633"}],"version-history":[{"count":3,"href":"https:\/\/www.corris.com\/it\/wp-json\/wp\/v2\/pages\/16633\/revisions"}],"predecessor-version":[{"id":23072,"href":"https:\/\/www.corris.com\/it\/wp-json\/wp\/v2\/pages\/16633\/revisions\/23072"}],"up":[{"embeddable":true,"href":"https:\/\/www.corris.com\/it\/wp-json\/wp\/v2\/pages\/16620"}],"wp:featuredmedia":[{"embeddable":true,"href":"https:\/\/www.corris.com\/it\/wp-json\/wp\/v2\/media\/13906"}],"wp:attachment":[{"href":"https:\/\/www.corris.com\/it\/wp-json\/wp\/v2\/media?parent=16633"}],"curies":[{"name":"wp","href":"https:\/\/api.w.org\/{rel}","templated":true}]}}