{"id":16657,"date":"2025-01-16T11:47:33","date_gmt":"2025-01-16T10:47:33","guid":{"rendered":"https:\/\/www.corris.com\/?page_id=16657"},"modified":"2026-01-12T12:13:22","modified_gmt":"2026-01-12T11:13:22","slug":"campagne-di-upgrade","status":"publish","type":"page","link":"https:\/\/www.corris.com\/it\/raccolta-fondi\/raccolta-fondi-telefonica\/campagne-di-upgrade\/","title":{"rendered":"Campagne di upgrade"},"content":{"rendered":"\t\t<div data-elementor-type=\"wp-page\" data-elementor-id=\"16657\" class=\"elementor elementor-16657 elementor-2504\" data-elementor-post-type=\"page\">\n\t\t\t\t<div class=\"elementor-element elementor-element-7571522 e-flex e-con-boxed e-con e-parent\" data-id=\"7571522\" data-element_type=\"container\" data-e-type=\"container\" data-settings=\"{&quot;background_background&quot;:&quot;classic&quot;}\">\n\t\t\t\t\t<div class=\"e-con-inner\">\n\t\t<div class=\"elementor-element elementor-element-262f231 e-con-full ratio-m2-3-1 e-flex e-con e-child\" data-id=\"262f231\" data-element_type=\"container\" data-e-type=\"container\" data-settings=\"{&quot;background_background&quot;:&quot;classic&quot;}\">\n\t\t\t\t<\/div>\n\t\t\t\t\t<\/div>\n\t\t\t\t<\/div>\n\t\t<div class=\"elementor-element elementor-element-eca91f2 e-flex e-con-boxed e-con e-child\" data-id=\"eca91f2\" data-element_type=\"container\" data-e-type=\"container\" data-settings=\"{&quot;sticky&quot;:&quot;top&quot;,&quot;sticky_offset&quot;:120,&quot;sticky_offset_mobile_extra&quot;:70,&quot;sticky_on&quot;:[&quot;desktop&quot;,&quot;laptop&quot;,&quot;tablet_extra&quot;,&quot;tablet&quot;,&quot;mobile_extra&quot;,&quot;mobile&quot;],&quot;sticky_effects_offset&quot;:0,&quot;sticky_anchor_link_offset&quot;:0}\">\n\t\t\t\t\t<div class=\"e-con-inner\">\n\t\t\t\t<div class=\"elementor-element elementor-element-237d41f elementor-align-center style2 holobutton-single elementor-widget elementor-widget-button\" data-id=\"237d41f\" data-element_type=\"widget\" data-e-type=\"widget\" data-widget_type=\"button.default\">\n\t\t\t\t<div class=\"elementor-widget-container\">\n\t\t\t\t\t\t\t\t\t<div class=\"elementor-button-wrapper\">\n\t\t\t\t\t<a class=\"elementor-button elementor-button-link elementor-size-sm\" href=\"\/it\/contatti\/\">\n\t\t\t\t\t\t<span class=\"elementor-button-content-wrapper\">\n\t\t\t\t\t\t<span class=\"elementor-button-icon\">\n\t\t\t\t<svg xmlns=\"http:\/\/www.w3.org\/2000\/svg\" width=\"5\" height=\"7\" viewBox=\"0 0 5 7\" fill=\"none\"><path d=\"M0.5 0.490234L3.78013 3.5001L0.5 6.50997\" stroke=\"white\"><\/path><\/svg>\t\t\t<\/span>\n\t\t\t\t\t\t\t\t\t<span class=\"elementor-button-text\">Contattaci<\/span>\n\t\t\t\t\t<\/span>\n\t\t\t\t\t<\/a>\n\t\t\t\t<\/div>\n\t\t\t\t\t\t\t\t<\/div>\n\t\t\t\t<\/div>\n\t\t\t\t\t<\/div>\n\t\t\t\t<\/div>\n\t\t<div class=\"elementor-element elementor-element-7dce1ac e-flex e-con-boxed e-con e-parent\" data-id=\"7dce1ac\" data-element_type=\"container\" data-e-type=\"container\">\n\t\t\t\t\t<div class=\"e-con-inner\">\n\t\t<div class=\"elementor-element elementor-element-9f4d23b e-con-full e-flex e-con e-child\" data-id=\"9f4d23b\" data-element_type=\"container\" data-e-type=\"container\">\n\t\t\t\t<div class=\"elementor-element elementor-element-79eba8a elementor-widget elementor-widget-heading\" data-id=\"79eba8a\" data-element_type=\"widget\" data-e-type=\"widget\" data-widget_type=\"heading.default\">\n\t\t\t\t<div class=\"elementor-widget-container\">\n\t\t\t\t\t<h1 class=\"elementor-heading-title elementor-size-default\">Campagne di Upgrade<\/h1>\t\t\t\t<\/div>\n\t\t\t\t<\/div>\n\t\t\t\t<div class=\"elementor-element elementor-element-f96a446 p-2 fundraising-title-link elementor-widget elementor-widget-text-editor\" data-id=\"f96a446\" data-element_type=\"widget\" data-e-type=\"widget\" data-widget_type=\"text-editor.default\">\n\t\t\t\t<div class=\"elementor-widget-container\">\n\t\t\t\t\t\t\t\t\t<p><a href=\"http:\/\/it\/raccolta-fondi\/raccolta-fondi-telefonica\/\">Servizi di raccolta fondi telefonica<\/a><\/p>\t\t\t\t\t\t\t\t<\/div>\n\t\t\t\t<\/div>\n\t\t\t\t<\/div>\n\t\t<div class=\"elementor-element elementor-element-2d143c3 e-con-full e-flex e-con e-child\" data-id=\"2d143c3\" data-element_type=\"container\" data-e-type=\"container\">\n\t\t\t\t<div class=\"elementor-element elementor-element-9c3f113 elementor-widget-divider--view-line elementor-widget elementor-widget-divider\" data-id=\"9c3f113\" data-element_type=\"widget\" data-e-type=\"widget\" data-widget_type=\"divider.default\">\n\t\t\t\t<div class=\"elementor-widget-container\">\n\t\t\t\t\t\t\t<div class=\"elementor-divider\">\n\t\t\t<span class=\"elementor-divider-separator\">\n\t\t\t\t\t\t<\/span>\n\t\t<\/div>\n\t\t\t\t\t\t<\/div>\n\t\t\t\t<\/div>\n\t\t\t\t<div class=\"elementor-element elementor-element-0dc175e elementor-widget elementor-widget-text-editor\" data-id=\"0dc175e\" data-element_type=\"widget\" data-e-type=\"widget\" data-widget_type=\"text-editor.default\">\n\t\t\t\t<div class=\"elementor-widget-container\">\n\t\t\t\t\t\t\t\t\t<p>Gli*Le operatori*trici contattano i*le donatori*trici esistenti per ringraziarli*e del loro sostegno. L&#8217;operatore*trice presenta un progetto o una causa specifica e chiede un aumento della donazione. C&#8217;\u00e8 anche la possibilit\u00e0 di fare domande o di recuperare informazioni utili. Le campagne di Upgrade sono un prodotto standard consolidato e dal successo garantito.<\/p>\t\t\t\t\t\t\t\t<\/div>\n\t\t\t\t<\/div>\n\t\t\t\t<div class=\"elementor-element elementor-element-d87f63a elementor-widget-divider--view-line elementor-widget elementor-widget-divider\" data-id=\"d87f63a\" data-element_type=\"widget\" data-e-type=\"widget\" data-widget_type=\"divider.default\">\n\t\t\t\t<div class=\"elementor-widget-container\">\n\t\t\t\t\t\t\t<div class=\"elementor-divider\">\n\t\t\t<span class=\"elementor-divider-separator\">\n\t\t\t\t\t\t<\/span>\n\t\t<\/div>\n\t\t\t\t\t\t<\/div>\n\t\t\t\t<\/div>\n\t\t\t\t<\/div>\n\t\t<div class=\"elementor-element elementor-element-f656ad3 e-con-full e-flex e-con e-child\" data-id=\"f656ad3\" data-element_type=\"container\" data-e-type=\"container\">\n\t\t\t\t<div class=\"elementor-element elementor-element-ebb4702 elementor-widget elementor-widget-heading\" data-id=\"ebb4702\" data-element_type=\"widget\" data-e-type=\"widget\" data-widget_type=\"heading.default\">\n\t\t\t\t<div class=\"elementor-widget-container\">\n\t\t\t\t\t<h2 class=\"elementor-heading-title elementor-size-default\">Massimizzare le entrate da donazioni con poco sforzo<\/h2>\t\t\t\t<\/div>\n\t\t\t\t<\/div>\n\t\t\t\t<div class=\"elementor-element elementor-element-9d42748 p-2 elementor-widget elementor-widget-text-editor\" data-id=\"9d42748\" data-element_type=\"widget\" data-e-type=\"widget\" data-widget_type=\"text-editor.default\">\n\t\t\t\t<div class=\"elementor-widget-container\">\n\t\t\t\t\t\t\t\t\t<p>Il*La donatore*trice medio*a rimane fedele a un&#8217;organizzazione no profit per circa sette anni. Durante questo periodo, il*la donatore*trice dovrebbe essere contattato*a telefonicamente pi\u00f9 volte per un aumento della donazione (upgrading). Il motivo: nel marketing delle donazioni non c&#8217;\u00e8 niente di pi\u00f9 efficace di una conversazione telefonica ben condotta con i*le donatori*trici attivi*e e la richiesta di un aumento dei contributi.<\/p><p>Corris ha una vasta esperienza con le campagne di Upgrade e pu\u00f2 stimare con relativa precisione il potenziale di aumento. I*Le donatori*trici vengono contattati*e poco prima dell&#8217;addebito della loro donazione. L&#8217;operatore*trice li*le ringrazia per l&#8217;imminente donazione e presenta un progetto attuale per il quale \u00e8 richiesto un aumento della donazione.<\/p>\t\t\t\t\t\t\t\t<\/div>\n\t\t\t\t<\/div>\n\t\t\t\t<div class=\"elementor-element elementor-element-d415712 elementor-widget elementor-widget-heading\" data-id=\"d415712\" data-element_type=\"widget\" data-e-type=\"widget\" data-widget_type=\"heading.default\">\n\t\t\t\t<div class=\"elementor-widget-container\">\n\t\t\t\t\t<h2 class=\"elementor-heading-title elementor-size-default\">Vantaggi delle campagne di Upgrade<\/h2>\t\t\t\t<\/div>\n\t\t\t\t<\/div>\n\t\t\t\t<div class=\"elementor-element elementor-element-7d193ac p-2 elementor-widget elementor-widget-text-editor\" data-id=\"7d193ac\" data-element_type=\"widget\" data-e-type=\"widget\" data-widget_type=\"text-editor.default\">\n\t\t\t\t<div class=\"elementor-widget-container\">\n\t\t\t\t\t\t\t\t\t<ul><li>Valorizzazione della base di donatori*trici esistente<\/li><li>Metodo di raccolta fondi efficace dal punto di vista dei costi<\/li><li>Cura delle relazioni al telefono e rafforzamento della fedelt\u00e0 dei*delle donatori*trici<\/li><li>Potenziale di Upgrade facile da valutare<\/li><li>Garanzia di successo grazie a Corris<\/li><\/ul>\t\t\t\t\t\t\t\t<\/div>\n\t\t\t\t<\/div>\n\t\t\t\t<\/div>\n\t\t\t\t\t<\/div>\n\t\t\t\t<\/div>\n\t\t<div class=\"elementor-element elementor-element-40e4764 corris-carousel e-flex e-con-boxed e-con e-parent\" data-id=\"40e4764\" data-element_type=\"container\" data-e-type=\"container\" data-settings=\"{&quot;background_background&quot;:&quot;classic&quot;}\">\n\t\t\t\t\t<div class=\"e-con-inner\">\n\t\t<div class=\"elementor-element elementor-element-527ab8d e-con-full lg-bg e-flex e-con e-child\" data-id=\"527ab8d\" data-element_type=\"container\" data-e-type=\"container\" id=\"upgradekampagnen\">\n\t\t<div class=\"elementor-element elementor-element-1f7e678 e-con-full ratio1-1 first-slide e-flex e-con e-child\" data-id=\"1f7e678\" data-element_type=\"container\" data-e-type=\"container\" data-settings=\"{&quot;background_background&quot;:&quot;classic&quot;}\">\n\t\t\t\t<div class=\"elementor-element elementor-element-491afd0 t-2 elementor-widget elementor-widget-heading\" data-id=\"491afd0\" data-element_type=\"widget\" data-e-type=\"widget\" data-widget_type=\"heading.default\">\n\t\t\t\t<div class=\"elementor-widget-container\">\n\t\t\t\t\t<h1 class=\"elementor-heading-title elementor-size-default\">Le nostre campagne<br><\/h1>\t\t\t\t<\/div>\n\t\t\t\t<\/div>\n\t\t\t\t<div class=\"elementor-element elementor-element-f1c28dd elementor-widget elementor-widget-image\" data-id=\"f1c28dd\" data-element_type=\"widget\" data-e-type=\"widget\" data-widget_type=\"image.default\">\n\t\t\t\t<div class=\"elementor-widget-container\">\n\t\t\t\t\t\t\t\t\t\t\t\t\t\t\t<img decoding=\"async\" width=\"47\" height=\"36\" src=\"https:\/\/cdn.corris.com\/wp-content\/uploads\/2025\/06\/04133953\/arrow-semi-270.svg\" class=\"attachment-full size-full wp-image-13275\" alt=\"\" \/>\t\t\t\t\t\t\t\t\t\t\t\t\t\t\t<\/div>\n\t\t\t\t<\/div>\n\t\t\t\t<\/div>\n\t\t<div class=\"elementor-element elementor-element-9d3d231 e-con-full ratio1-1 e-flex e-con e-child\" data-id=\"9d3d231\" data-element_type=\"container\" data-e-type=\"container\" data-settings=\"{&quot;background_background&quot;:&quot;classic&quot;}\">\n\t\t<a class=\"elementor-element elementor-element-cb40fb1 e-con-full ratio1-1 e-flex e-con e-child\" data-id=\"cb40fb1\" data-element_type=\"container\" data-e-type=\"container\" data-settings=\"{&quot;background_background&quot;:&quot;classic&quot;}\" href=\"\/it\/raccolta-fondi\/raccolta-fondi-telefonica\/campagne-di-retention\/\">\n\t\t\t\t<div class=\"elementor-element elementor-element-ba00ebb elementor-widget elementor-widget-heading\" data-id=\"ba00ebb\" data-element_type=\"widget\" data-e-type=\"widget\" data-widget_type=\"heading.default\">\n\t\t\t\t<div class=\"elementor-widget-container\">\n\t\t\t\t\t<h3 class=\"elementor-heading-title elementor-size-default\">Campagne di Retention<\/h3>\t\t\t\t<\/div>\n\t\t\t\t<\/div>\n\t\t\t\t<div class=\"elementor-element elementor-element-5a43ad1 p-2 elementor-widget elementor-widget-text-editor\" data-id=\"5a43ad1\" data-element_type=\"widget\" data-e-type=\"widget\" data-widget_type=\"text-editor.default\">\n\t\t\t\t<div class=\"elementor-widget-container\">\n\t\t\t\t\t\t\t\t\t<p>Per saperne di pi\u00f9<\/p>\t\t\t\t\t\t\t\t<\/div>\n\t\t\t\t<\/div>\n\t\t\t\t<\/a>\n\t\t\t\t<\/div>\n\t\t<div class=\"elementor-element elementor-element-45a5e57 e-con-full ratio1-1 e-flex e-con e-child\" data-id=\"45a5e57\" data-element_type=\"container\" data-e-type=\"container\" data-settings=\"{&quot;background_background&quot;:&quot;classic&quot;}\">\n\t\t<a class=\"elementor-element elementor-element-6f63aa6 e-con-full ratio1-1 e-flex e-con e-child\" data-id=\"6f63aa6\" data-element_type=\"container\" data-e-type=\"container\" data-settings=\"{&quot;background_background&quot;:&quot;classic&quot;}\" href=\"\/it\/raccolta-fondi\/raccolta-fondi-telefonica\/chiamate-di-benvenuto\/\">\n\t\t\t\t<div class=\"elementor-element elementor-element-515689a elementor-widget elementor-widget-heading\" data-id=\"515689a\" data-element_type=\"widget\" data-e-type=\"widget\" data-widget_type=\"heading.default\">\n\t\t\t\t<div class=\"elementor-widget-container\">\n\t\t\t\t\t<h3 class=\"elementor-heading-title elementor-size-default\">Chiamate di benvenuto<\/h3>\t\t\t\t<\/div>\n\t\t\t\t<\/div>\n\t\t\t\t<div class=\"elementor-element elementor-element-88a52c3 p-2 elementor-widget elementor-widget-text-editor\" data-id=\"88a52c3\" data-element_type=\"widget\" data-e-type=\"widget\" data-widget_type=\"text-editor.default\">\n\t\t\t\t<div class=\"elementor-widget-container\">\n\t\t\t\t\t\t\t\t\t<p>Per saperne di pi\u00f9<\/p>\t\t\t\t\t\t\t\t<\/div>\n\t\t\t\t<\/div>\n\t\t\t\t<\/a>\n\t\t\t\t<\/div>\n\t\t<div class=\"elementor-element elementor-element-10b82db e-con-full ratio1-1 e-flex e-con e-child\" data-id=\"10b82db\" data-element_type=\"container\" data-e-type=\"container\" data-settings=\"{&quot;background_background&quot;:&quot;classic&quot;}\">\n\t\t<a class=\"elementor-element elementor-element-ae5bc3c e-con-full ratio1-1 e-flex e-con e-child\" data-id=\"ae5bc3c\" data-element_type=\"container\" data-e-type=\"container\" data-settings=\"{&quot;background_background&quot;:&quot;classic&quot;}\" href=\"\/it\/raccolta-fondi\/raccolta-fondi-telefonica\/inbound-servizi\/\">\n\t\t\t\t<div class=\"elementor-element elementor-element-757195b elementor-widget elementor-widget-heading\" data-id=\"757195b\" data-element_type=\"widget\" data-e-type=\"widget\" data-widget_type=\"heading.default\">\n\t\t\t\t<div class=\"elementor-widget-container\">\n\t\t\t\t\t<h3 class=\"elementor-heading-title elementor-size-default\">Servizi Inbound<\/h3>\t\t\t\t<\/div>\n\t\t\t\t<\/div>\n\t\t\t\t<div class=\"elementor-element elementor-element-a79607a p-2 elementor-widget elementor-widget-text-editor\" data-id=\"a79607a\" data-element_type=\"widget\" data-e-type=\"widget\" data-widget_type=\"text-editor.default\">\n\t\t\t\t<div class=\"elementor-widget-container\">\n\t\t\t\t\t\t\t\t\t<p>Per saperne di pi\u00f9<\/p>\t\t\t\t\t\t\t\t<\/div>\n\t\t\t\t<\/div>\n\t\t\t\t<\/a>\n\t\t\t\t<\/div>\n\t\t\t\t<\/div>\n\t\t\t\t<div class=\"elementor-element elementor-element-1302678 elementor-widget elementor-widget-miga_slide_everything_title\" data-id=\"1302678\" data-element_type=\"widget\" data-e-type=\"widget\" data-widget_type=\"miga_slide_everything_title.default\">\n\t\t\t\t\t<div class=\"miga_slide_everything\" data-mousewheel=\"0\" data-sliderId=\"#upgradekampagnen\" data-spv=\"3.4\" data-spvt=\"3.3\" data-spvp=\"1.3\" data-spacebetween=\"20\" data-loop=\"0\" data-centerSlides=\"0\" data-autoplay=\"0\" data-autoplay-reverse=\"0\" data-newmethod=\"1\" data-pagination=\"1\" data-arrows=\"1\" data-latestSwiper=\"\" data-dot-padding=\"-10\" data-touchmove=\"0\" data-freemode=\"0\" data-autoplay-delay=\"\"><\/div><style type=\"text\/css\">##upgradekampagnen .swiper-button-prev::after {content: none}##upgradekampagnen .swiper-button-next::after {content: none}##upgradekampagnen .swiper-button-prev {background-image: none } ##upgradekampagnen .swiper-button-next {background-image: none } ##upgradekampagnen .swiper-button-prev svg path {fill:} ##upgradekampagnen .swiper-button-next svg path {fill:} ##upgradekampagnen .swiper-button-prev:after {color:} ##upgradekampagnen .swiper-button-next:after {color:} ##upgradekampagnen .swiper-button-next, ##upgradekampagnen .swiper-button-prev {height:20px; width:12px} ##upgradekampagnen .swiper-button-prev {top:; bottom:; left:; right:;}##upgradekampagnen .swiper-button-next {top:; bottom:; left:; right:;}<\/style>\t\t\t\t<\/div>\n\t\t\t\t\t<\/div>\n\t\t\t\t<\/div>\n\t\t<div class=\"elementor-element elementor-element-7bec3f1 e-flex e-con-boxed e-con e-parent\" data-id=\"7bec3f1\" data-element_type=\"container\" data-e-type=\"container\">\n\t\t\t\t\t<div class=\"e-con-inner\">\n\t\t\t\t<div class=\"elementor-element elementor-element-12f80b9 kontrast-button elementor-widget elementor-widget-button\" data-id=\"12f80b9\" data-element_type=\"widget\" data-e-type=\"widget\" data-widget_type=\"button.default\">\n\t\t\t\t<div class=\"elementor-widget-container\">\n\t\t\t\t\t\t\t\t\t<div class=\"elementor-button-wrapper\">\n\t\t\t\t\t<a class=\"elementor-button elementor-button-link elementor-size-sm\" href=\"https:\/\/www.corris.com\/fundraising\/telefon\/\">\n\t\t\t\t\t\t<span class=\"elementor-button-content-wrapper\">\n\t\t\t\t\t\t<span class=\"elementor-button-icon\">\n\t\t\t\t<svg xmlns=\"http:\/\/www.w3.org\/2000\/svg\" width=\"5\" height=\"7\" viewBox=\"0 0 5 7\" fill=\"none\"><path d=\"M0.5 0.490234L3.78013 3.5001L0.5 6.50997\" stroke=\"white\"><\/path><\/svg>\t\t\t<\/span>\n\t\t\t\t\t\t\t\t\t<span class=\"elementor-button-text\">Alla Raccolta fondi telefonica<\/span>\n\t\t\t\t\t<\/span>\n\t\t\t\t\t<\/a>\n\t\t\t\t<\/div>\n\t\t\t\t\t\t\t\t<\/div>\n\t\t\t\t<\/div>\n\t\t\t\t\t<\/div>\n\t\t\t\t<\/div>\n\t\t\t\t<\/div>\n\t\t","protected":false},"excerpt":{"rendered":"<p>Contattaci Campagne di Upgrade Servizi di raccolta fondi telefonica Gli*Le operatori*trici contattano i*le donatori*trici esistenti per ringraziarli*e del loro sostegno. L&#8217;operatore*trice presenta un progetto o una causa specifica e chiede un aumento della donazione. C&#8217;\u00e8 anche la possibilit\u00e0 di fare domande o di recuperare informazioni utili. Le campagne di Upgrade sono un prodotto standard consolidato [&hellip;]<\/p>\n","protected":false},"author":2,"featured_media":13986,"parent":16639,"menu_order":1,"comment_status":"closed","ping_status":"closed","template":"","meta":{"_acf_changed":false,"inline_featured_image":false,"footnotes":""},"class_list":["post-16657","page","type-page","status-publish","has-post-thumbnail","hentry"],"acf":[],"_links":{"self":[{"href":"https:\/\/www.corris.com\/it\/wp-json\/wp\/v2\/pages\/16657","targetHints":{"allow":["GET"]}}],"collection":[{"href":"https:\/\/www.corris.com\/it\/wp-json\/wp\/v2\/pages"}],"about":[{"href":"https:\/\/www.corris.com\/it\/wp-json\/wp\/v2\/types\/page"}],"author":[{"embeddable":true,"href":"https:\/\/www.corris.com\/it\/wp-json\/wp\/v2\/users\/2"}],"replies":[{"embeddable":true,"href":"https:\/\/www.corris.com\/it\/wp-json\/wp\/v2\/comments?post=16657"}],"version-history":[{"count":3,"href":"https:\/\/www.corris.com\/it\/wp-json\/wp\/v2\/pages\/16657\/revisions"}],"predecessor-version":[{"id":23129,"href":"https:\/\/www.corris.com\/it\/wp-json\/wp\/v2\/pages\/16657\/revisions\/23129"}],"up":[{"embeddable":true,"href":"https:\/\/www.corris.com\/it\/wp-json\/wp\/v2\/pages\/16639"}],"wp:featuredmedia":[{"embeddable":true,"href":"https:\/\/www.corris.com\/it\/wp-json\/wp\/v2\/media\/13986"}],"wp:attachment":[{"href":"https:\/\/www.corris.com\/it\/wp-json\/wp\/v2\/media?parent=16657"}],"curies":[{"name":"wp","href":"https:\/\/api.w.org\/{rel}","templated":true}]}}