{"id":16663,"date":"2025-01-16T11:47:50","date_gmt":"2025-01-16T10:47:50","guid":{"rendered":"https:\/\/www.corris.com\/?page_id=16663"},"modified":"2026-01-12T12:16:03","modified_gmt":"2026-01-12T11:16:03","slug":"chiamate-di-benvenuto","status":"publish","type":"page","link":"https:\/\/www.corris.com\/it\/raccolta-fondi\/raccolta-fondi-telefonica\/chiamate-di-benvenuto\/","title":{"rendered":"Chiamate di benvenuto"},"content":{"rendered":"\t\t<div data-elementor-type=\"wp-page\" data-elementor-id=\"16663\" class=\"elementor elementor-16663 elementor-2506\" data-elementor-post-type=\"page\">\n\t\t\t\t<div class=\"elementor-element elementor-element-f0efa93 e-flex e-con-boxed e-con e-parent\" data-id=\"f0efa93\" data-element_type=\"container\" data-e-type=\"container\" data-settings=\"{&quot;background_background&quot;:&quot;classic&quot;}\">\n\t\t\t\t\t<div class=\"e-con-inner\">\n\t\t<div class=\"elementor-element elementor-element-41057e0 e-con-full ratio-m2-3-1 e-flex e-con e-child\" data-id=\"41057e0\" data-element_type=\"container\" data-e-type=\"container\" data-settings=\"{&quot;background_background&quot;:&quot;classic&quot;}\">\n\t\t\t\t<\/div>\n\t\t\t\t\t<\/div>\n\t\t\t\t<\/div>\n\t\t<div class=\"elementor-element elementor-element-ee416ad e-flex e-con-boxed e-con e-child\" data-id=\"ee416ad\" data-element_type=\"container\" data-e-type=\"container\" data-settings=\"{&quot;sticky&quot;:&quot;top&quot;,&quot;sticky_offset&quot;:120,&quot;sticky_offset_mobile_extra&quot;:70,&quot;sticky_on&quot;:[&quot;desktop&quot;,&quot;laptop&quot;,&quot;tablet_extra&quot;,&quot;tablet&quot;,&quot;mobile_extra&quot;,&quot;mobile&quot;],&quot;sticky_effects_offset&quot;:0,&quot;sticky_anchor_link_offset&quot;:0}\">\n\t\t\t\t\t<div class=\"e-con-inner\">\n\t\t\t\t<div class=\"elementor-element elementor-element-7cb8f1b elementor-align-center style2 holobutton-single elementor-widget elementor-widget-button\" data-id=\"7cb8f1b\" data-element_type=\"widget\" data-e-type=\"widget\" data-widget_type=\"button.default\">\n\t\t\t\t<div class=\"elementor-widget-container\">\n\t\t\t\t\t\t\t\t\t<div class=\"elementor-button-wrapper\">\n\t\t\t\t\t<a class=\"elementor-button elementor-button-link elementor-size-sm\" href=\"\/it\/contatti\/\">\n\t\t\t\t\t\t<span class=\"elementor-button-content-wrapper\">\n\t\t\t\t\t\t<span class=\"elementor-button-icon\">\n\t\t\t\t<svg xmlns=\"http:\/\/www.w3.org\/2000\/svg\" width=\"5\" height=\"7\" viewBox=\"0 0 5 7\" fill=\"none\"><path d=\"M0.5 0.490234L3.78013 3.5001L0.5 6.50997\" stroke=\"white\"><\/path><\/svg>\t\t\t<\/span>\n\t\t\t\t\t\t\t\t\t<span class=\"elementor-button-text\">Contattaci<\/span>\n\t\t\t\t\t<\/span>\n\t\t\t\t\t<\/a>\n\t\t\t\t<\/div>\n\t\t\t\t\t\t\t\t<\/div>\n\t\t\t\t<\/div>\n\t\t\t\t\t<\/div>\n\t\t\t\t<\/div>\n\t\t<div class=\"elementor-element elementor-element-cd1e583 e-flex e-con-boxed e-con e-parent\" data-id=\"cd1e583\" data-element_type=\"container\" data-e-type=\"container\">\n\t\t\t\t\t<div class=\"e-con-inner\">\n\t\t<div class=\"elementor-element elementor-element-6c0b527 e-con-full e-flex e-con e-child\" data-id=\"6c0b527\" data-element_type=\"container\" data-e-type=\"container\">\n\t\t\t\t<div class=\"elementor-element elementor-element-7890bc0 elementor-widget elementor-widget-heading\" data-id=\"7890bc0\" data-element_type=\"widget\" data-e-type=\"widget\" data-widget_type=\"heading.default\">\n\t\t\t\t<div class=\"elementor-widget-container\">\n\t\t\t\t\t<h1 class=\"elementor-heading-title elementor-size-default\">Chiamate di benvenuto per le organizzazioni no profit<\/h1>\t\t\t\t<\/div>\n\t\t\t\t<\/div>\n\t\t\t\t<div class=\"elementor-element elementor-element-cb8561e p-2 fundraising-title-link elementor-widget elementor-widget-text-editor\" data-id=\"cb8561e\" data-element_type=\"widget\" data-e-type=\"widget\" data-widget_type=\"text-editor.default\">\n\t\t\t\t<div class=\"elementor-widget-container\">\n\t\t\t\t\t\t\t\t\t<p><a href=\"\/it\/raccolta-fondi\/raccolta-fondi-telefonica\/\">Servizi di raccolta fondi telefonica<\/a><\/p>\t\t\t\t\t\t\t\t<\/div>\n\t\t\t\t<\/div>\n\t\t\t\t<\/div>\n\t\t<div class=\"elementor-element elementor-element-55d8f10 e-con-full e-flex e-con e-child\" data-id=\"55d8f10\" data-element_type=\"container\" data-e-type=\"container\">\n\t\t\t\t<div class=\"elementor-element elementor-element-b68b1f4 elementor-widget-divider--view-line elementor-widget elementor-widget-divider\" data-id=\"b68b1f4\" data-element_type=\"widget\" data-e-type=\"widget\" data-widget_type=\"divider.default\">\n\t\t\t\t<div class=\"elementor-widget-container\">\n\t\t\t\t\t\t\t<div class=\"elementor-divider\">\n\t\t\t<span class=\"elementor-divider-separator\">\n\t\t\t\t\t\t<\/span>\n\t\t<\/div>\n\t\t\t\t\t\t<\/div>\n\t\t\t\t<\/div>\n\t\t\t\t<div class=\"elementor-element elementor-element-e9334de elementor-widget elementor-widget-text-editor\" data-id=\"e9334de\" data-element_type=\"widget\" data-e-type=\"widget\" data-widget_type=\"text-editor.default\">\n\t\t\t\t<div class=\"elementor-widget-container\">\n\t\t\t\t\t\t\t\t\t<p>Gli*Le operatori*trici contattano i*le nuovi*e donatori*trici degli stand informativi o delle campagne porta a porta in tempi brevissimi e li accolgono calorosamente a nome dell&#8217;organizzazione no profit. Qualsiasi domanda senza risposta viene chiarita immediatamente, in modo che i*le nuovi*e donatori*trici si sentano apprezzati fin dall&#8217;inizio. Le telefonate di benvenuto aumentano l&#8217;identificazione con l&#8217;organizzazione di pubblica utilit\u00e0 e aumentano la probabilit\u00e0 di un successivo Upgrade e la disponibilit\u00e0 a donare a lungo termine.<\/p>\t\t\t\t\t\t\t\t<\/div>\n\t\t\t\t<\/div>\n\t\t\t\t<div class=\"elementor-element elementor-element-ec3a2f4 elementor-widget-divider--view-line elementor-widget elementor-widget-divider\" data-id=\"ec3a2f4\" data-element_type=\"widget\" data-e-type=\"widget\" data-widget_type=\"divider.default\">\n\t\t\t\t<div class=\"elementor-widget-container\">\n\t\t\t\t\t\t\t<div class=\"elementor-divider\">\n\t\t\t<span class=\"elementor-divider-separator\">\n\t\t\t\t\t\t<\/span>\n\t\t<\/div>\n\t\t\t\t\t\t<\/div>\n\t\t\t\t<\/div>\n\t\t\t\t<\/div>\n\t\t<div class=\"elementor-element elementor-element-05e776a e-con-full e-flex e-con e-child\" data-id=\"05e776a\" data-element_type=\"container\" data-e-type=\"container\">\n\t\t\t\t<div class=\"elementor-element elementor-element-5ea89a7 elementor-widget elementor-widget-heading\" data-id=\"5ea89a7\" data-element_type=\"widget\" data-e-type=\"widget\" data-widget_type=\"heading.default\">\n\t\t\t\t<div class=\"elementor-widget-container\">\n\t\t\t\t\t<h2 class=\"elementor-heading-title elementor-size-default\">Fedelt\u00e0 dei*delle donatori*trici a lungo termine<\/h2>\t\t\t\t<\/div>\n\t\t\t\t<\/div>\n\t\t\t\t<div class=\"elementor-element elementor-element-4a621e9 p-2 elementor-widget elementor-widget-text-editor\" data-id=\"4a621e9\" data-element_type=\"widget\" data-e-type=\"widget\" data-widget_type=\"text-editor.default\">\n\t\t\t\t<div class=\"elementor-widget-container\">\n\t\t\t\t\t\t\t\t\t<div><div><p>I*Le nuovi*e donatori*trici vengono chiamati*e e accolti*e calorosamente a nome dell&#8217;organizzazione no profit. Qualsiasi domanda viene chiarita immediatamente e le richieste e i suggerimenti vengono presi in considerazione. Tutte queste misure contribuiscono a dare la migliore prima impressione possibile.<\/p><\/div><\/div>\t\t\t\t\t\t\t\t<\/div>\n\t\t\t\t<\/div>\n\t\t\t\t<div class=\"elementor-element elementor-element-23e2fa2 elementor-widget elementor-widget-heading\" data-id=\"23e2fa2\" data-element_type=\"widget\" data-e-type=\"widget\" data-widget_type=\"heading.default\">\n\t\t\t\t<div class=\"elementor-widget-container\">\n\t\t\t\t\t<h2 class=\"elementor-heading-title elementor-size-default\">Vantaggi delle chiamate di benvenuto<\/h2>\t\t\t\t<\/div>\n\t\t\t\t<\/div>\n\t\t\t\t<div class=\"elementor-element elementor-element-923db4d p-2 elementor-widget elementor-widget-text-editor\" data-id=\"923db4d\" data-element_type=\"widget\" data-e-type=\"widget\" data-widget_type=\"text-editor.default\">\n\t\t\t\t<div class=\"elementor-widget-container\">\n\t\t\t\t\t\t\t\t\t<ul><li>I*Le nuovi*e donatori*trici vengono contattati*e subito dopo l&#8217;acquisizione agli stand informativi e alle campagne porta a porta.<\/li><li>Catalogo di domande chiaramente definito<\/li><li>Processi di follow-up definiti per le informazioni ottenute<\/li><li>Ottimizzazione della fedelt\u00e0 dei*delle donatori*trici<\/li><\/ul>\t\t\t\t\t\t\t\t<\/div>\n\t\t\t\t<\/div>\n\t\t\t\t<\/div>\n\t\t\t\t\t<\/div>\n\t\t\t\t<\/div>\n\t\t<div class=\"elementor-element elementor-element-03ed5eb corris-carousel e-flex e-con-boxed e-con e-parent\" data-id=\"03ed5eb\" data-element_type=\"container\" data-e-type=\"container\" data-settings=\"{&quot;background_background&quot;:&quot;classic&quot;}\">\n\t\t\t\t\t<div class=\"e-con-inner\">\n\t\t<div class=\"elementor-element elementor-element-0f4b425 e-con-full lg-bg e-flex e-con e-child\" data-id=\"0f4b425\" data-element_type=\"container\" data-e-type=\"container\" id=\"welcomecalls\">\n\t\t<div class=\"elementor-element elementor-element-2321a34 e-con-full ratio1-1 first-slide e-flex e-con e-child\" data-id=\"2321a34\" data-element_type=\"container\" data-e-type=\"container\" data-settings=\"{&quot;background_background&quot;:&quot;classic&quot;}\">\n\t\t\t\t<div class=\"elementor-element elementor-element-041f9e4 t-2 elementor-widget elementor-widget-heading\" data-id=\"041f9e4\" data-element_type=\"widget\" data-e-type=\"widget\" data-widget_type=\"heading.default\">\n\t\t\t\t<div class=\"elementor-widget-container\">\n\t\t\t\t\t<h1 class=\"elementor-heading-title elementor-size-default\">le nostre campagne<br><\/h1>\t\t\t\t<\/div>\n\t\t\t\t<\/div>\n\t\t\t\t<div class=\"elementor-element elementor-element-464a9a3 elementor-widget elementor-widget-image\" data-id=\"464a9a3\" data-element_type=\"widget\" data-e-type=\"widget\" data-widget_type=\"image.default\">\n\t\t\t\t<div class=\"elementor-widget-container\">\n\t\t\t\t\t\t\t\t\t\t\t\t\t\t\t<img decoding=\"async\" width=\"47\" height=\"36\" src=\"https:\/\/cdn.corris.com\/wp-content\/uploads\/2025\/06\/04133953\/arrow-semi-270.svg\" class=\"attachment-full size-full wp-image-13275\" alt=\"\" \/>\t\t\t\t\t\t\t\t\t\t\t\t\t\t\t<\/div>\n\t\t\t\t<\/div>\n\t\t\t\t<\/div>\n\t\t<div class=\"elementor-element elementor-element-ec47a9c e-con-full ratio1-1 e-flex e-con e-child\" data-id=\"ec47a9c\" data-element_type=\"container\" data-e-type=\"container\" data-settings=\"{&quot;background_background&quot;:&quot;classic&quot;}\">\n\t\t<a class=\"elementor-element elementor-element-8c5b509 e-con-full ratio1-1 e-flex e-con e-child\" data-id=\"8c5b509\" data-element_type=\"container\" data-e-type=\"container\" data-settings=\"{&quot;background_background&quot;:&quot;classic&quot;}\" href=\"\/it\/raccolta-fondi\/raccolta-fondi-telefonica\/campagne-di-upgrade\/\">\n\t\t\t\t<div class=\"elementor-element elementor-element-c6c8b86 elementor-widget elementor-widget-heading\" data-id=\"c6c8b86\" data-element_type=\"widget\" data-e-type=\"widget\" data-widget_type=\"heading.default\">\n\t\t\t\t<div class=\"elementor-widget-container\">\n\t\t\t\t\t<h3 class=\"elementor-heading-title elementor-size-default\">Campagne di Upgrade<\/h3>\t\t\t\t<\/div>\n\t\t\t\t<\/div>\n\t\t\t\t<div class=\"elementor-element elementor-element-f1c6cb7 p-2 elementor-widget elementor-widget-text-editor\" data-id=\"f1c6cb7\" data-element_type=\"widget\" data-e-type=\"widget\" data-widget_type=\"text-editor.default\">\n\t\t\t\t<div class=\"elementor-widget-container\">\n\t\t\t\t\t\t\t\t\t<p>Per saperne di pi\u00f9<\/p>\t\t\t\t\t\t\t\t<\/div>\n\t\t\t\t<\/div>\n\t\t\t\t<\/a>\n\t\t\t\t<\/div>\n\t\t<div class=\"elementor-element elementor-element-16b8a39 e-con-full ratio1-1 e-flex e-con e-child\" data-id=\"16b8a39\" data-element_type=\"container\" data-e-type=\"container\" data-settings=\"{&quot;background_background&quot;:&quot;classic&quot;}\">\n\t\t<a class=\"elementor-element elementor-element-1f43219 e-con-full ratio1-1 e-flex e-con e-child\" data-id=\"1f43219\" data-element_type=\"container\" data-e-type=\"container\" data-settings=\"{&quot;background_background&quot;:&quot;classic&quot;}\" href=\"\/it\/raccolta-fondi\/raccolta-fondi-telefonica\/campagne-di-retention\/\">\n\t\t\t\t<div class=\"elementor-element elementor-element-ba2de89 elementor-widget elementor-widget-heading\" data-id=\"ba2de89\" data-element_type=\"widget\" data-e-type=\"widget\" data-widget_type=\"heading.default\">\n\t\t\t\t<div class=\"elementor-widget-container\">\n\t\t\t\t\t<h3 class=\"elementor-heading-title elementor-size-default\">Campagne di Retention<\/h3>\t\t\t\t<\/div>\n\t\t\t\t<\/div>\n\t\t\t\t<div class=\"elementor-element elementor-element-56e7063 p-2 elementor-widget elementor-widget-text-editor\" data-id=\"56e7063\" data-element_type=\"widget\" data-e-type=\"widget\" data-widget_type=\"text-editor.default\">\n\t\t\t\t<div class=\"elementor-widget-container\">\n\t\t\t\t\t\t\t\t\t<p>Per saperne di pi\u00f9<\/p>\t\t\t\t\t\t\t\t<\/div>\n\t\t\t\t<\/div>\n\t\t\t\t<\/a>\n\t\t\t\t<\/div>\n\t\t<div class=\"elementor-element elementor-element-782c471 e-con-full ratio1-1 e-flex e-con e-child\" data-id=\"782c471\" data-element_type=\"container\" data-e-type=\"container\" data-settings=\"{&quot;background_background&quot;:&quot;classic&quot;}\">\n\t\t<a class=\"elementor-element elementor-element-4c91701 e-con-full ratio1-1 e-flex e-con e-child\" data-id=\"4c91701\" data-element_type=\"container\" data-e-type=\"container\" data-settings=\"{&quot;background_background&quot;:&quot;classic&quot;}\" href=\"\/it\/raccolta-fondi\/raccolta-fondi-telefonica\/inbound-servizi\/\">\n\t\t\t\t<div class=\"elementor-element elementor-element-c07d680 elementor-widget elementor-widget-heading\" data-id=\"c07d680\" data-element_type=\"widget\" data-e-type=\"widget\" data-widget_type=\"heading.default\">\n\t\t\t\t<div class=\"elementor-widget-container\">\n\t\t\t\t\t<h3 class=\"elementor-heading-title elementor-size-default\">Servizi Inbound<\/h3>\t\t\t\t<\/div>\n\t\t\t\t<\/div>\n\t\t\t\t<div class=\"elementor-element elementor-element-e679394 p-2 elementor-widget elementor-widget-text-editor\" data-id=\"e679394\" data-element_type=\"widget\" data-e-type=\"widget\" data-widget_type=\"text-editor.default\">\n\t\t\t\t<div class=\"elementor-widget-container\">\n\t\t\t\t\t\t\t\t\t<p>Per saperne di pi\u00f9<\/p>\t\t\t\t\t\t\t\t<\/div>\n\t\t\t\t<\/div>\n\t\t\t\t<\/a>\n\t\t\t\t<\/div>\n\t\t\t\t<\/div>\n\t\t\t\t<div class=\"elementor-element elementor-element-3061d57 elementor-widget elementor-widget-miga_slide_everything_title\" data-id=\"3061d57\" data-element_type=\"widget\" data-e-type=\"widget\" data-widget_type=\"miga_slide_everything_title.default\">\n\t\t\t\t\t<div class=\"miga_slide_everything\" data-mousewheel=\"0\" data-sliderId=\"#welcomecalls\" data-spv=\"3.4\" data-spvt=\"2.3\" data-spvp=\"1.6\" data-spacebetween=\"20\" data-loop=\"0\" data-centerSlides=\"0\" data-autoplay=\"0\" data-autoplay-reverse=\"0\" data-newmethod=\"1\" data-pagination=\"1\" data-arrows=\"1\" data-latestSwiper=\"\" data-dot-padding=\"-10\" data-touchmove=\"0\" data-freemode=\"0\" data-autoplay-delay=\"\"><\/div><style type=\"text\/css\">##welcomecalls .swiper-button-prev::after {content: none}##welcomecalls .swiper-button-next::after {content: none}##welcomecalls .swiper-button-prev {background-image: none } ##welcomecalls .swiper-button-next {background-image: none } ##welcomecalls .swiper-button-prev svg path {fill:} ##welcomecalls .swiper-button-next svg path {fill:} ##welcomecalls .swiper-button-prev:after {color:} ##welcomecalls .swiper-button-next:after {color:} ##welcomecalls .swiper-button-next, ##welcomecalls .swiper-button-prev {height:20px; width:12px} ##welcomecalls .swiper-button-prev {top:; bottom:; left:; right:;}##welcomecalls .swiper-button-next {top:; bottom:; left:; right:;}<\/style>\t\t\t\t<\/div>\n\t\t\t\t\t<\/div>\n\t\t\t\t<\/div>\n\t\t<div class=\"elementor-element elementor-element-e8db1b6 e-flex e-con-boxed e-con e-parent\" data-id=\"e8db1b6\" data-element_type=\"container\" data-e-type=\"container\">\n\t\t\t\t\t<div class=\"e-con-inner\">\n\t\t\t\t<div class=\"elementor-element elementor-element-9899ae8 kontrast-button elementor-widget elementor-widget-button\" data-id=\"9899ae8\" data-element_type=\"widget\" data-e-type=\"widget\" data-widget_type=\"button.default\">\n\t\t\t\t<div class=\"elementor-widget-container\">\n\t\t\t\t\t\t\t\t\t<div class=\"elementor-button-wrapper\">\n\t\t\t\t\t<a class=\"elementor-button elementor-button-link elementor-size-sm\" href=\"\/it\/raccolta-fondi\/raccolta-fondi-telefonica\/\">\n\t\t\t\t\t\t<span class=\"elementor-button-content-wrapper\">\n\t\t\t\t\t\t<span class=\"elementor-button-icon\">\n\t\t\t\t<svg xmlns=\"http:\/\/www.w3.org\/2000\/svg\" width=\"5\" height=\"7\" viewBox=\"0 0 5 7\" fill=\"none\"><path d=\"M0.5 0.490234L3.78013 3.5001L0.5 6.50997\" stroke=\"white\"><\/path><\/svg>\t\t\t<\/span>\n\t\t\t\t\t\t\t\t\t<span class=\"elementor-button-text\">Alla Raccolta fondi telefonica<\/span>\n\t\t\t\t\t<\/span>\n\t\t\t\t\t<\/a>\n\t\t\t\t<\/div>\n\t\t\t\t\t\t\t\t<\/div>\n\t\t\t\t<\/div>\n\t\t\t\t\t<\/div>\n\t\t\t\t<\/div>\n\t\t\t\t<\/div>\n\t\t","protected":false},"excerpt":{"rendered":"<p>Contattaci Chiamate di benvenuto per le organizzazioni no profit Servizi di raccolta fondi telefonica Gli*Le operatori*trici contattano i*le nuovi*e donatori*trici degli stand informativi o delle campagne porta a porta in tempi brevissimi e li accolgono calorosamente a nome dell&#8217;organizzazione no profit. Qualsiasi domanda senza risposta viene chiarita immediatamente, in modo che i*le nuovi*e donatori*trici si [&hellip;]<\/p>\n","protected":false},"author":2,"featured_media":13993,"parent":16639,"menu_order":2,"comment_status":"closed","ping_status":"closed","template":"","meta":{"_acf_changed":false,"inline_featured_image":false,"footnotes":""},"class_list":["post-16663","page","type-page","status-publish","has-post-thumbnail","hentry"],"acf":[],"_links":{"self":[{"href":"https:\/\/www.corris.com\/it\/wp-json\/wp\/v2\/pages\/16663","targetHints":{"allow":["GET"]}}],"collection":[{"href":"https:\/\/www.corris.com\/it\/wp-json\/wp\/v2\/pages"}],"about":[{"href":"https:\/\/www.corris.com\/it\/wp-json\/wp\/v2\/types\/page"}],"author":[{"embeddable":true,"href":"https:\/\/www.corris.com\/it\/wp-json\/wp\/v2\/users\/2"}],"replies":[{"embeddable":true,"href":"https:\/\/www.corris.com\/it\/wp-json\/wp\/v2\/comments?post=16663"}],"version-history":[{"count":3,"href":"https:\/\/www.corris.com\/it\/wp-json\/wp\/v2\/pages\/16663\/revisions"}],"predecessor-version":[{"id":23141,"href":"https:\/\/www.corris.com\/it\/wp-json\/wp\/v2\/pages\/16663\/revisions\/23141"}],"up":[{"embeddable":true,"href":"https:\/\/www.corris.com\/it\/wp-json\/wp\/v2\/pages\/16639"}],"wp:featuredmedia":[{"embeddable":true,"href":"https:\/\/www.corris.com\/it\/wp-json\/wp\/v2\/media\/13993"}],"wp:attachment":[{"href":"https:\/\/www.corris.com\/it\/wp-json\/wp\/v2\/media?parent=16663"}],"curies":[{"name":"wp","href":"https:\/\/api.w.org\/{rel}","templated":true}]}}