{"id":18300,"date":"2025-08-08T09:34:34","date_gmt":"2025-08-08T07:34:34","guid":{"rendered":"https:\/\/www.corris.com\/?page_id=18300"},"modified":"2026-01-26T15:46:58","modified_gmt":"2026-01-26T14:46:58","slug":"note-legali","status":"publish","type":"page","link":"https:\/\/www.corris.com\/it\/lavoro-come-dialogatore\/italia\/note-legali\/","title":{"rendered":"Note Legali"},"content":{"rendered":"\t\t<div data-elementor-type=\"wp-page\" data-elementor-id=\"18300\" class=\"elementor elementor-18300\" data-elementor-post-type=\"page\">\n\t\t\t\t<div class=\"elementor-element elementor-element-f987cce e-flex e-con-boxed e-con e-parent\" data-id=\"f987cce\" data-element_type=\"container\" data-e-type=\"container\">\n\t\t\t\t\t<div class=\"e-con-inner\">\n\t\t<div class=\"elementor-element elementor-element-1ebb31e e-con-full e-flex e-con e-child\" data-id=\"1ebb31e\" data-element_type=\"container\" data-e-type=\"container\">\n\t\t\t\t<div class=\"elementor-element elementor-element-7433302 elementor-widget elementor-widget-heading\" data-id=\"7433302\" data-element_type=\"widget\" data-e-type=\"widget\" data-widget_type=\"heading.default\">\n\t\t\t\t<div class=\"elementor-widget-container\">\n\t\t\t\t\t<h1 class=\"elementor-heading-title elementor-size-default\">Note legali<\/h1>\t\t\t\t<\/div>\n\t\t\t\t<\/div>\n\t\t\t\t<div class=\"elementor-element elementor-element-67d7849 p-2 elementor-widget elementor-widget-global elementor-global-18282 elementor-widget-text-editor\" data-id=\"67d7849\" data-element_type=\"widget\" data-e-type=\"widget\" data-widget_type=\"text-editor.default\">\n\t\t\t\t<div class=\"elementor-widget-container\">\n\t\t\t\t\t\t\t\t\t<div class=\"entry-content\"><p>Corris AG<br \/>Hardturmstrasse 261<br \/>8005 Zurigo<br \/>Svizzera<\/p><p>+41 44 563 88 88<br \/><a href=\"mailto:info@corris.com\">info@corris.com<\/a><\/p><p>rappresentata da Baldwin Bakker, Direttore generale<\/p><p>Partita IVA CHE-109.276.112<br \/>\u00a9 Corris AG, Zurigo<\/p><h2>Esclusione di responsabilit\u00e0<\/h2><p>L&#8217;autore non si assume alcuna responsabilit\u00e0 per la correttezza, l&#8217;esattezza, l&#8217;attualit\u00e0, l&#8217;affidabilit\u00e0 e la completezza delle informazioni fornite. Sono escluse richieste di responsabilit\u00e0 nei confronti dell&#8217;autore per danni materiali o immateriali derivanti dall&#8217;accesso, dall&#8217;utilizzo o dal mancato utilizzo delle informazioni pubblicate, dall&#8217;uso improprio del collegamento o da guasti tecnici. Tutte le offerte non sono vincolanti. L&#8217;autore si riserva espressamente il diritto di modificare, integrare o cancellare parti delle pagine o l&#8217;intera offerta senza preavviso o di interrompere temporaneamente o definitivamente la pubblicazione.<\/p><h2>Responsabilit\u00e0 per i link<\/h2><p>I riferimenti e i link a siti web di terzi non rientrano nella nostra sfera di responsabilit\u00e0 e non ci assumiamo alcuna responsabilit\u00e0 per tali siti. L&#8217;accesso e l&#8217;utilizzo di tali siti web \u00e8 a rischio dell&#8217;utente.<\/p><h2>Diritti d&#8217;autore<\/h2><p>I diritti d&#8217;autore e tutti gli altri diritti su contenuti, immagini, foto o altri file presenti sul sito web appartengono esclusivamente a Corris AG o ai titolari dei diritti specificamente indicati. Per la riproduzione di qualsiasi elemento \u00e8 necessario ottenere preventivamente il consenso scritto del titolare del copyright.<\/p><\/div>\t\t\t\t\t\t\t\t<\/div>\n\t\t\t\t<\/div>\n\t\t\t\t<\/div>\n\t\t\t\t\t<\/div>\n\t\t\t\t<\/div>\n\t\t\t\t<\/div>\n\t\t","protected":false},"excerpt":{"rendered":"<p>Note legali Corris AGHardturmstrasse 2618005 ZurigoSvizzera 41 44 563 88 88Fax+41 44 563 88 99info@corris.com rappresentata da Baldwin Bakker, Direttore generale Partita IVA CHE-109.276.112 \u00a9 Corris AG, Zurigo Esclusione di responsabilit\u00e0 L&#8217;autore non si assume alcuna responsabilit\u00e0 per la correttezza, l&#8217;esattezza, l&#8217;attualit\u00e0, l&#8217;affidabilit\u00e0 e la completezza delle informazioni fornite. Sono escluse richieste di responsabilit\u00e0 nei [&hellip;]<\/p>\n","protected":false},"author":2,"featured_media":23942,"parent":18225,"menu_order":0,"comment_status":"closed","ping_status":"closed","template":"","meta":{"_acf_changed":false,"inline_featured_image":false,"footnotes":""},"class_list":["post-18300","page","type-page","status-publish","has-post-thumbnail","hentry"],"acf":[],"_links":{"self":[{"href":"https:\/\/www.corris.com\/it\/wp-json\/wp\/v2\/pages\/18300","targetHints":{"allow":["GET"]}}],"collection":[{"href":"https:\/\/www.corris.com\/it\/wp-json\/wp\/v2\/pages"}],"about":[{"href":"https:\/\/www.corris.com\/it\/wp-json\/wp\/v2\/types\/page"}],"author":[{"embeddable":true,"href":"https:\/\/www.corris.com\/it\/wp-json\/wp\/v2\/users\/2"}],"replies":[{"embeddable":true,"href":"https:\/\/www.corris.com\/it\/wp-json\/wp\/v2\/comments?post=18300"}],"version-history":[{"count":1,"href":"https:\/\/www.corris.com\/it\/wp-json\/wp\/v2\/pages\/18300\/revisions"}],"predecessor-version":[{"id":23948,"href":"https:\/\/www.corris.com\/it\/wp-json\/wp\/v2\/pages\/18300\/revisions\/23948"}],"up":[{"embeddable":true,"href":"https:\/\/www.corris.com\/it\/wp-json\/wp\/v2\/pages\/18225"}],"wp:featuredmedia":[{"embeddable":true,"href":"https:\/\/www.corris.com\/it\/wp-json\/wp\/v2\/media\/23942"}],"wp:attachment":[{"href":"https:\/\/www.corris.com\/it\/wp-json\/wp\/v2\/media?parent=18300"}],"curies":[{"name":"wp","href":"https:\/\/api.w.org\/{rel}","templated":true}]}}